{"id":8746,"date":"2026-04-18T00:07:18","date_gmt":"2026-04-17T22:07:18","guid":{"rendered":"https:\/\/www.pacocinillas.es\/tienda\/?post_type=product&#038;p=8746"},"modified":"2026-04-18T01:06:38","modified_gmt":"2026-04-17T23:06:38","slug":"kamado-joe-classic-1-starter-pack","status":"publish","type":"product","link":"https:\/\/www.pacocinillas.es\/tienda\/producto\/kamado-joe-classic-1-starter-pack\/","title":{"rendered":"KAMADO JOE CLASSIC I *STARTER PACK*"},"content":{"rendered":"<div class=\"wpb-content-wrapper\"><p>[vc_row][vc_column][vc_single_image image=\u00bb8126&#8243; img_size=\u00bb\u00bb alignment=\u00bbcenter\u00bb css=\u00bb\u00bb][\/vc_column][\/vc_row][vc_row][vc_column width=\u00bb1\/6&#8243;][\/vc_column][vc_column width=\u00bb2\/3&#8243;][vc_column_text css=\u00bb.vc_custom_1614683055187{padding-right: 100px !important;padding-left: 100px !important;}\u00bb]<\/p>\n<div class=\"texto_pral\">\n<h3><\/h3>\n<p>&#8211; Carro fabricado en hierro fundido con ruedas<\/p>\n<p>&#8211; Base y tapa hecha de cer\u00e1mica resistente a altas temperaturas<\/p>\n<p>&#8211; Cuba\/anillo de fuego de cer\u00e1mica resistente a altas temperaturas<\/p>\n<p>&#8211; Esmalte de revestimiento cer\u00e1mico resistente a altas temperaturas<\/p>\n<p>&#8211;\u00a0C\u00e1mara de Combusti\u00f3n Multi-Panel<\/p>\n<p>&#8211; Ventilaci\u00f3n superior de hierro fundido para una regulaci\u00f3n precisa del flujo de aire<\/p>\n<p>&#8211; Term\u00f3metro extra grande integrado en la tapa<\/p>\n<p>&#8211; Parrilla de Acero Inoxidable 304<\/p>\n<p>&#8211; Superficie de cocci\u00f3n: \u00d8 49 cm<\/p>\n<p>&#8211;\u00a0Sistema Divide &amp; Conquer en 2 niveles con 2 deflectores de cer\u00e1mica<\/p>\n<p>&#8211;\u00a0Mesas laterales plegables<\/p>\n<p>&#8211; Bisagra fabricada en hierro galvanizado<\/p>\n<p>&#8211; Puerta de tiro de Acero Inoxidable 304<\/p>\n<p>&#8211; Caj\u00f3n de ceniza deslizable para un<strong>\u00a0<\/strong>f\u00e1cil acceso y limpieza<\/p>\n<p>&#8211;\u00a0C\u00e1mara de Combusti\u00f3n Multi-Panel<\/p>\n<p>&#8211; Recogedor de cenizas<\/p>\n<p>&#8211; Elevador de parrilla<\/p>\n<p>&#8211; Rango de calor: de 107 \u00b0C a 399 \u00b0C aprox.<\/p>\n<p>&#8211; Dimensiones con carro: 121,9 cm de alto x 118,1 cm de ancho x\u00a071,1 cm de fondo<\/p>\n<p>&#8211; Peso:\u00a0105 kg<\/p>\n<p>&nbsp;<\/p>\n<p><strong>Garant\u00eda:<\/strong><\/p>\n<p>&#8211; Garant\u00eda limitada de por vida en piezas de cer\u00e1mica<\/p>\n<p>&#8211; 5 a\u00f1os de garant\u00eda en piezas met\u00e1licas<\/p>\n<p>&#8211; 2 a\u00f1os en todas las dem\u00e1s partes<\/p>\n<\/div>\n<p>[\/vc_column_text][\/vc_column][vc_column width=\u00bb1\/6&#8243;][\/vc_column][\/vc_row][vc_row][vc_column width=\u00bb1\/6&#8243;][\/vc_column][vc_column width=\u00bb1\/6&#8243;][vc_icon type=\u00bbtypicons\u00bb icon_typicons=\u00bbtypcn typcn-arrow-forward\u00bb color=\u00bbcustom\u00bb size=\u00bbxl\u00bb align=\u00bbcenter\u00bb custom_color=\u00bb#dd3333&#8243;][vc_column_text]<\/p>\n<h4 style=\"text-align: center;\">Port\u00e1til y flexible<\/h4>\n<p>[\/vc_column_text][\/vc_column][vc_column width=\u00bb1\/6&#8243;][vc_icon type=\u00bbtypicons\u00bb icon_typicons=\u00bbtypcn typcn-weather-cloudy\u00bb color=\u00bbcustom\u00bb size=\u00bbxl\u00bb align=\u00bbcenter\u00bb custom_color=\u00bb#dd3333&#8243;][vc_column_text]<\/p>\n<h4 style=\"text-align: center;\">Vers\u00e1til<\/h4>\n<p>[\/vc_column_text][\/vc_column][vc_column width=\u00bb1\/6&#8243;][vc_icon type=\u00bbtypicons\u00bb icon_typicons=\u00bbtypcn typcn-shopping-cart\u00bb color=\u00bbcustom\u00bb size=\u00bbxl\u00bb align=\u00bbcenter\u00bb custom_color=\u00bb#dd3333&#8243;][vc_column_text]<\/p>\n<h4 style=\"text-align: center;\">Env\u00edo gratis<\/h4>\n<p>[\/vc_column_text][\/vc_column][vc_column width=\u00bb1\/6&#8243;][vc_icon type=\u00bbtypicons\u00bb icon_typicons=\u00bbtypcn typcn-phone-outline\u00bb color=\u00bbcustom\u00bb size=\u00bbxl\u00bb align=\u00bbcenter\u00bb custom_color=\u00bb#dd3333&#8243;][vc_column_text]<\/p>\n<h4 style=\"text-align: center;\">Atenci\u00f3n al cliente<\/h4>\n<p>[\/vc_column_text][\/vc_column][vc_column width=\u00bb1\/6&#8243;][\/vc_column][\/vc_row][vc_row][vc_column][vc_single_image image=\u00bb7388&#8243; img_size=\u00bbfull\u00bb alignment=\u00bbcenter\u00bb css=\u00bb\u00bb title=\u00bbSistema de cocci\u00f3n Divide &amp; Conquer de 2 niveles\u00bb][vc_single_image image=\u00bb7390&#8243; img_size=\u00bbfull\u00bb alignment=\u00bbcenter\u00bb css=\u00bb\u00bb][vc_single_image image=\u00bb8749&#8243; img_size=\u00bbfull\u00bb alignment=\u00bbcenter\u00bb css=\u00bb\u00bb][\/vc_column][\/vc_row]<\/p>\n<\/div>","protected":false},"excerpt":{"rendered":"<div class=\"texto_pral\">\n<p><strong>\u00a0<\/strong>Ll\u00e9vate todo un Kamado JOE y accesorios imprescindibles a un precio imbatible.<\/p>\n<p>El pack <strong>Kamado Joe Classic I<\/strong>\u00a0 <strong>Starter Pack<\/strong>\u00a0incluye:<\/p>\n<p>1 Funda Kamado JOE Classic<br \/>\n2 Parrillas hierro fundido media luna<br \/>\n1 Piedra de pizza tama\u00f1o Classic<br \/>\n2 Sacos carb\u00f3n de Marab\u00fa Todobrasa 10 Kg.<br \/>\n1 Par de guantes BBQ Char-Griller<br \/>\n1 Pinzas acero inoxidable Char-Griller<br \/>\n1 Cepillo limpiador de parrillas Napoleon<br \/>\n1 Pack de virutas de madera para ahumar<br \/>\n1 Pack de laminas wrap de madera para ahumar<br \/>\n1 Caja de encendedores lana de madera Legua<\/p>\n<p><strong><img loading=\"lazy\" decoding=\"async\" class=\"size-full wp-image-4400 alignleft\" src=\"https:\/\/www.pacocinillas.es\/tienda\/wp-content\/uploads\/2020\/09\/ENVIOGRATIS.jpg\" alt=\"\" width=\"200\" height=\"81\" \/><\/strong><\/p>\n<p>&nbsp;<\/p>\n<p>&nbsp;<\/p>\n<p>&nbsp;<\/p>\n<p><strong>*El PVP incluye los portes a puerta de calle en la Pen\u00ednsula (consultar para otros destinos).<\/strong><\/p>\n<\/div>\n","protected":false},"featured_media":8747,"comment_status":"closed","ping_status":"closed","template":"","meta":[],"product_brand":[],"product_cat":[149,43],"product_tag":[],"class_list":{"0":"post-8746","1":"product","2":"type-product","3":"status-publish","4":"has-post-thumbnail","6":"product_cat-classicjoe","7":"product_cat-kamadojoe","9":"first","10":"instock","11":"sale","12":"taxable","13":"shipping-taxable","14":"purchasable","15":"product-type-simple"},"_links":{"self":[{"href":"https:\/\/www.pacocinillas.es\/tienda\/wp-json\/wp\/v2\/product\/8746","targetHints":{"allow":["GET"]}}],"collection":[{"href":"https:\/\/www.pacocinillas.es\/tienda\/wp-json\/wp\/v2\/product"}],"about":[{"href":"https:\/\/www.pacocinillas.es\/tienda\/wp-json\/wp\/v2\/types\/product"}],"replies":[{"embeddable":true,"href":"https:\/\/www.pacocinillas.es\/tienda\/wp-json\/wp\/v2\/comments?post=8746"}],"wp:featuredmedia":[{"embeddable":true,"href":"https:\/\/www.pacocinillas.es\/tienda\/wp-json\/wp\/v2\/media\/8747"}],"wp:attachment":[{"href":"https:\/\/www.pacocinillas.es\/tienda\/wp-json\/wp\/v2\/media?parent=8746"}],"wp:term":[{"taxonomy":"product_brand","embeddable":true,"href":"https:\/\/www.pacocinillas.es\/tienda\/wp-json\/wp\/v2\/product_brand?post=8746"},{"taxonomy":"product_cat","embeddable":true,"href":"https:\/\/www.pacocinillas.es\/tienda\/wp-json\/wp\/v2\/product_cat?post=8746"},{"taxonomy":"product_tag","embeddable":true,"href":"https:\/\/www.pacocinillas.es\/tienda\/wp-json\/wp\/v2\/product_tag?post=8746"}],"curies":[{"name":"wp","href":"https:\/\/api.w.org\/{rel}","templated":true}]}}