{"id":8433,"date":"2024-03-12T13:45:55","date_gmt":"2024-03-12T11:45:55","guid":{"rendered":"https:\/\/www.pacocinillas.es\/tienda\/?post_type=product&#038;p=8433"},"modified":"2026-03-12T14:10:26","modified_gmt":"2026-03-12T12:10:26","slug":"bstrd-pro-large-solo-alpine-green","status":"publish","type":"product","link":"https:\/\/www.pacocinillas.es\/tienda\/producto\/bstrd-pro-large-solo-alpine-green\/","title":{"rendered":"BSTRD Pro Large Solo Alpine Green"},"content":{"rendered":"<div class=\"wpb-content-wrapper\"><p>[vc_row][vc_column][vc_column_text css=\u00bb\u00bb]<\/p>\n<ul>\n<li>Precision Air Cap Pro: redise\u00f1ado con un mango de silicona para un control preciso de la temperatura y un mecanismo de giro adicional para un aumento instant\u00e1neo de la temperatura.<\/li>\n<li>Term\u00f3metro mejorado: El perfil m\u00e1s plano minimiza la condensaci\u00f3n y garantiza lecturas claras y precisas.<\/li>\n<li>Mango reforzado: Hecho de 30% de nylon reforzado con fibra de vidrio para una mayor durabilidad y un agarre c\u00f3modo, para todo tipo de clima.<\/li>\n<li>Compuerta mejorada: Sellado mejorado para una gesti\u00f3n \u00f3ptima del calor y el humo.<\/li>\n<li>Equipado con ruedas mejoradas para una movilidad suave.<\/li>\n<li>Hogar dividido: Aumenta la retenci\u00f3n del calor y minimiza los da\u00f1os en la cer\u00e1mica.<\/li>\n<li>Deflector giratorio din\u00e1mico: Ofrece un control constante de la temperatura y transiciones sencillas entre las zonas de calor directo e indirecto.<\/li>\n<\/ul>\n<p>[\/vc_column_text][\/vc_column][\/vc_row][vc_row][vc_column][vc_video link=\u00bbhttps:\/\/www.youtube.com\/watch?v=57O5Jl8c_OI\u00bb align=\u00bbcenter\u00bb css=\u00bb\u00bb][\/vc_column][\/vc_row][vc_row][vc_column][vc_single_image image=\u00bb6954&#8243; img_size=\u00bbfull\u00bb alignment=\u00bbcenter\u00bb][\/vc_column][\/vc_row][vc_row][vc_column][vc_column_text css=\u00bb\u00bb]<\/p>\n<div class=\"elementor-column elementor-col-50 elementor-inner-column elementor-element elementor-element-4b329cf\" data-id=\"4b329cf\" data-element_type=\"column\">\n<div class=\"elementor-widget-wrap elementor-element-populated\">\n<div class=\"elementor-element elementor-element-d08dfe8 elementor-widget elementor-widget-text-editor\" data-id=\"d08dfe8\" data-element_type=\"widget\" data-widget_type=\"text-editor.default\">\n<div class=\"elementor-widget-container\">\n<ul>\n<li>Cocci\u00f3n a 2 niveles con Dynamic Twist Deflector de hierro fundido.<\/li>\n<li>V\u00e1lvula superior Precision Air Cap Pro de hierro fundido<\/li>\n<li>Nuevo sistema de insertos magn\u00e9ticos en mesa lateral<\/li>\n<li>Firebox cer\u00e1mico de alta resistencia dividido en 6 placas<\/li>\n<li>Cesta de carb\u00f3n y cubo de cenizas de acero inoxidable<\/li>\n<li>Sistema de bisagras para f\u00e1cil apertura con cubierta protectora<\/li>\n<li>2 mesas laterales abatibles de acero<\/li>\n<li>Sistema de bisagras de f\u00e1cil apertura<\/li>\n<li>Junta de amortiguaci\u00f3n de fibra de vidrio para un buen sellado<\/li>\n<li>Term\u00f3metro en tapa de perfil bajo que evita la condensaci\u00f3n<\/li>\n<li>Mango frontal reforzado con nylon 30% y fibra de vidrio<\/li>\n<li>Apertura de aire inferior regulable mejorada de hierro fundido<\/li>\n<\/ul>\n<\/div>\n<\/div>\n<\/div>\n<\/div>\n<div class=\"elementor-column elementor-col-50 elementor-inner-column elementor-element elementor-element-27c69f7\" data-id=\"27c69f7\" data-element_type=\"column\">\n<div class=\"elementor-widget-wrap elementor-element-populated\">\n<div class=\"elementor-element elementor-element-ae3914b elementor-widget elementor-widget-text-editor\" data-id=\"ae3914b\" data-element_type=\"widget\" data-widget_type=\"text-editor.default\">\n<div class=\"elementor-widget-container\">\n<ul>\n<li>\u00c1rea de cocci\u00f3n: \u00d8 49 cm<\/li>\n<li>Parrilla de acero inoxidable extra gruesa (7 mm).<\/li>\n<li>Dimensiones: 80 x 158 x 133 cm<\/li>\n<li>Peso total: 127 Kg<\/li>\n<li>Rango de calor: de 80\u00ba a 320\u00baC aproximadamente<\/li>\n<li>Color: Verde Alpino<\/li>\n<li>Fabricada en cer\u00e1mica de cordierita<\/li>\n<li>Nuevo dise\u00f1o holand\u00e9s mejorado<\/li>\n<\/ul>\n<\/div>\n<\/div>\n<\/div>\n<\/div>\n<p>[\/vc_column_text][\/vc_column][\/vc_row][vc_row][vc_column][vc_single_image image=\u00bb8437&#8243; img_size=\u00bbfull\u00bb css=\u00bb\u00bb][\/vc_column][\/vc_row]<\/p>\n<\/div>","protected":false},"excerpt":{"rendered":"<p>BSTRD PRO Large SOLO Alpine Green (sin carro)<\/p>\n<p>Nuevo dise\u00f1o, color exclusivo y diferentes alturas de cocci\u00f3n<br \/>\nNuevas parrillas de cocci\u00f3n hexagonales de acero inoxidable 7 mm.<br \/>\nNuevo Deflector Giratorio Din\u00e1mico: Control total del calor<br \/>\nGran superficie de cocci\u00f3n de \u00d8 49 cm.<br \/>\nEnv\u00edo gratuito Pen\u00ednsula.<\/p>\n","protected":false},"featured_media":8435,"comment_status":"closed","ping_status":"closed","template":"","meta":[],"product_brand":[],"product_cat":[158],"product_tag":[],"class_list":{"0":"post-8433","1":"product","2":"type-product","3":"status-publish","4":"has-post-thumbnail","6":"product_cat-bastardlarge","8":"first","9":"instock","10":"taxable","11":"shipping-taxable","12":"purchasable","13":"product-type-simple"},"_links":{"self":[{"href":"https:\/\/www.pacocinillas.es\/tienda\/wp-json\/wp\/v2\/product\/8433","targetHints":{"allow":["GET"]}}],"collection":[{"href":"https:\/\/www.pacocinillas.es\/tienda\/wp-json\/wp\/v2\/product"}],"about":[{"href":"https:\/\/www.pacocinillas.es\/tienda\/wp-json\/wp\/v2\/types\/product"}],"replies":[{"embeddable":true,"href":"https:\/\/www.pacocinillas.es\/tienda\/wp-json\/wp\/v2\/comments?post=8433"}],"wp:featuredmedia":[{"embeddable":true,"href":"https:\/\/www.pacocinillas.es\/tienda\/wp-json\/wp\/v2\/media\/8435"}],"wp:attachment":[{"href":"https:\/\/www.pacocinillas.es\/tienda\/wp-json\/wp\/v2\/media?parent=8433"}],"wp:term":[{"taxonomy":"product_brand","embeddable":true,"href":"https:\/\/www.pacocinillas.es\/tienda\/wp-json\/wp\/v2\/product_brand?post=8433"},{"taxonomy":"product_cat","embeddable":true,"href":"https:\/\/www.pacocinillas.es\/tienda\/wp-json\/wp\/v2\/product_cat?post=8433"},{"taxonomy":"product_tag","embeddable":true,"href":"https:\/\/www.pacocinillas.es\/tienda\/wp-json\/wp\/v2\/product_tag?post=8433"}],"curies":[{"name":"wp","href":"https:\/\/api.w.org\/{rel}","templated":true}]}}