{"id":8426,"date":"2026-03-11T17:40:45","date_gmt":"2026-03-11T15:40:45","guid":{"rendered":"https:\/\/www.pacocinillas.es\/tienda\/?post_type=product&#038;p=8426"},"modified":"2026-03-19T11:26:50","modified_gmt":"2026-03-19T09:26:50","slug":"monolith-two-55","status":"publish","type":"product","link":"https:\/\/www.pacocinillas.es\/tienda\/producto\/monolith-two-55\/","title":{"rendered":"MONOLITH TWO 55"},"content":{"rendered":"<div class=\"wpb-content-wrapper\"><p>[vc_row][vc_column][vc_single_image image=\u00bb8443&#8243; alignment=\u00bbcenter\u00bb css=\u00bb\u00bb][vc_column_text css=\u00bb\u00bb]<\/p>\n<h4>Monolith es la marca alemana de kamados\u00a0 con mayor oferta de accesorios del mercado.<\/h4>\n<p>[\/vc_column_text][vc_separator css=\u00bb\u00bb][vc_column_text css=\u00bb\u00bb]Equipamiento INCLUIDO del kamado Monolith TWO .55 con carro es:<strong><br \/>\n<\/strong><\/p>\n<ul>\n<li>Robusto carro de acero galvanizado con mesas laterales de madera de bamb\u00fa y ruedas con freno.<img loading=\"lazy\" decoding=\"async\" src=\"https:\/\/slpbarbacoas.com\/img\/cms\/MONOLITH\/TWO\/carro-nuevo-monolith-two-55%20copia.jpg\" alt=\"carro monolith two\" width=\"200\" height=\"198\" \/><\/li>\n<li>Vaso de fuego\/brasero cer\u00e1mico en segmentos.<img loading=\"lazy\" decoding=\"async\" src=\"https:\/\/slpbarbacoas.com\/img\/cms\/MONOLITH\/ICON\/ACCESSORI-KAMADO-3-800x723-1.png\" alt=\"\" width=\"200\" height=\"181\" \/><\/li>\n<li>Aro cer\u00e1mico (exclusivo Monolith):<br \/>\nMejora el funcionamiento.<br \/>\nTiene una apertura que facilita la entrada de maderas para ahumar sin necesidad de abrir el kamado.<br \/>\n<img loading=\"lazy\" decoding=\"async\" src=\"https:\/\/slpbarbacoas.com\/img\/cms\/MONOLITH\/LeChef\/201052-C-Classic-Feuer-Ring-WEB-1.jpg\" alt=\"\" width=\"300\" height=\"200\" \/><\/li>\n<li>Cesto de acero inoxidable para el carb\u00f3n:<br \/>\nEl flujo de aire dentro del kamado, mejora considerablemente. Gracias a sus pr\u00e1cticas asas, se puede quitar f\u00e1cilmente para poder limpiar y cribar el carb\u00f3n.<br \/>\nEs un accesorio imprescindible. No todas las marcas lo incluyen de serie.<br \/>\n<img loading=\"lazy\" decoding=\"async\" src=\"https:\/\/slpbarbacoas.com\/img\/cms\/MONOLITH\/LeChef\/ACCESSORI-KAMADO-13-800x800.png\" alt=\"\" width=\"200\" height=\"200\" \/><\/li>\n<li>Deflectores cer\u00e1micos para cocci\u00f3n indirecta en forma de media luna.<img loading=\"lazy\" decoding=\"async\" src=\"https:\/\/slpbarbacoas.com\/img\/cms\/MONOLITH\/LeChef\/ACCESSORI-KAMADO-2-800x800.png\" alt=\"\" width=\"200\" height=\"200\" \/><img loading=\"lazy\" decoding=\"async\" src=\"https:\/\/slpbarbacoas.com\/img\/cms\/MONOLITH\/LeChef\/ACCESSORI-KAMADO-22-800x800.png\" alt=\"\" width=\"200\" height=\"200\" \/><img loading=\"lazy\" decoding=\"async\" src=\"https:\/\/slpbarbacoas.com\/img\/cms\/MONOLITH\/LeChef\/monolith-kamado-sgs-ring.jpg\" alt=\"\" width=\"200\" height=\"200\" \/><img loading=\"lazy\" decoding=\"async\" src=\"https:\/\/slpbarbacoas.com\/img\/cms\/MONOLITH\/ICON\/ACCESSORI-KAMADO-21-800x800.png\" alt=\"Parrilla media luna\" width=\"200\" height=\"200\" \/><img loading=\"lazy\" decoding=\"async\" src=\"https:\/\/slpbarbacoas.com\/img\/cms\/MONOLITH\/LeChef\/ACCESSORI-KAMADO-11-800x800.png\" alt=\"\" width=\"200\" height=\"200\" \/><img loading=\"lazy\" decoding=\"async\" src=\"https:\/\/slpbarbacoas.com\/img\/cms\/MONOLITH\/LeChef\/COTTURA-MISTA-DIRETTA-INDIRETTA-800x800.jpg\" alt=\"\" width=\"200\" height=\"200\" \/><\/li>\n<li>Accesorios para ahumado. Sistema de alimentaci\u00f3n de madera para ahumar sin necesidad de abrir el kamado. <strong>Exclusivo de Monolith.<\/strong><br \/>\n<img loading=\"lazy\" decoding=\"async\" src=\"https:\/\/slpbarbacoas.com\/img\/cms\/MONOLITH\/LeChef\/ACCESSORI-KAMADO-800x534.png\" alt=\"\" width=\"200\" height=\"134\" \/><img loading=\"lazy\" decoding=\"async\" src=\"https:\/\/slpbarbacoas.com\/img\/cms\/MONOLITH\/LeChef\/Zubehoer_RaeucherschieneSchieber.jpg\" alt=\"\" width=\"200\" height=\"133\" \/><\/li>\n<li>Pala recogedora quita-cenizas.<br \/>\n<img loading=\"lazy\" decoding=\"async\" src=\"https:\/\/slpbarbacoas.com\/img\/cms\/MONOLITH\/ICON\/ACCESSORI-KAMADO-20-800x533.png\" alt=\"\" width=\"200\" height=\"133\" \/><\/li>\n<li>Gancho para sacar las parrillas.<br \/>\n<img loading=\"lazy\" decoding=\"async\" src=\"https:\/\/slpbarbacoas.com\/img\/cms\/MONOLITH\/ICON\/ACCESSORI-KAMADO-14-800x800-1.png\" alt=\"\" width=\"200\" height=\"200\" \/><\/li>\n<li>Mesas laterales de bamb\u00fa<br \/>\n<img loading=\"lazy\" decoding=\"async\" src=\"https:\/\/slpbarbacoas.com\/img\/cms\/MONOLITH\/TWO\/mesas-laterales-monolith-two-55.jpg\" alt=\"mesas bambu\" width=\"200\" height=\"200\" \/><\/li>\n<li>Term\u00f3metro incluido en la c\u00fapula.<br \/>\n<img loading=\"lazy\" decoding=\"async\" src=\"https:\/\/slpbarbacoas.com\/img\/cms\/MONOLITH\/Classic\/201057-C-Classic-Thermometer-WEB-1.jpg\" alt=\"\" width=\"200\" height=\"133\" \/><\/li>\n<li>Nueva v\u00e1lvula tiro salida de humos y rejilla cenicero, ambas de hierro fundido.<\/li>\n<\/ul>\n<p><img loading=\"lazy\" decoding=\"async\" src=\"https:\/\/slpbarbacoas.com\/img\/cms\/MONOLITH\/Classic\/101069-valvula-superior-classic-lechef-lowres.jpg\" alt=\"101069-valvula-superior-classic-lechef-lowres.jpg\" width=\"200\" height=\"133\" \/><img loading=\"lazy\" decoding=\"async\" src=\"https:\/\/slpbarbacoas.com\/img\/cms\/MONOLITH\/LeChef\/Kohlerost-Classic-800x533.jpg\" alt=\"\" width=\"200\" height=\"133\" \/>[\/vc_column_text][vc_video link=\u00bbhttps:\/\/www.youtube.com\/watch?v=TdFk5JSAVjA\u00bb el_aspect=\u00bb916&#8243; css=\u00bb\u00bb][vc_column_text css=\u00bb\u00bb]<\/p>\n<h2>Vive una Kamado Experience y domina tu kamado<\/h2>\n<p>[\/vc_column_text][vc_column_text css=\u00bb\u00bb]<strong>Pacocinillas Grilling School<\/strong>\u00a0es una\u00a0<strong>escuela de cocina<\/strong>\u00a0en Valencia especializada en el\u00a0<strong>arte de la brasa<\/strong>. Fundada en 2014, ofrece\u00a0<strong>talleres experienciales<\/strong>\u00a0y cursos sobre t\u00e9cnicas de\u00a0<strong>asado<\/strong>\u00a0utilizando barbacoas y kamados en un entorno \u00fanico de aprendizaje gastron\u00f3mico.[\/vc_column_text][vc_btn title=\u00bbFechas Kamado Experience\u00bb color=\u00bbdanger\u00bb css=\u00bb\u00bb link=\u00bburl:https%3A%2F%2Fwww.pacocinillas.es%2Ftienda%2Fgrill-experiences%2F|target:_blank\u00bb][\/vc_column][\/vc_row]<\/p>\n<\/div>","protected":false},"excerpt":{"rendered":"<p>Disfruta del nuevo kamado Monolith TWO 55, ahora con un <strong>carro mejorado<\/strong> que aporta mayor estabilidad y comodidad. Dise\u00f1o alem\u00e1n que garantiza m\u00e1xima fiabilidad y durabilidad.<\/p>\n<p>Se trata del tama\u00f1o mediano Classic, el m\u00e1s vendido de la gama: una elecci\u00f3n magn\u00edfica para invertir en un nuevo estilo de vida alrededor de la cocina al aire libre.<\/p>\n","protected":false},"featured_media":8427,"comment_status":"closed","ping_status":"closed","template":"","meta":[],"product_brand":[],"product_cat":[153],"product_tag":[],"class_list":{"0":"post-8426","1":"product","2":"type-product","3":"status-publish","4":"has-post-thumbnail","6":"product_cat-classic55","8":"first","9":"instock","10":"taxable","11":"shipping-taxable","12":"purchasable","13":"product-type-simple"},"_links":{"self":[{"href":"https:\/\/www.pacocinillas.es\/tienda\/wp-json\/wp\/v2\/product\/8426","targetHints":{"allow":["GET"]}}],"collection":[{"href":"https:\/\/www.pacocinillas.es\/tienda\/wp-json\/wp\/v2\/product"}],"about":[{"href":"https:\/\/www.pacocinillas.es\/tienda\/wp-json\/wp\/v2\/types\/product"}],"replies":[{"embeddable":true,"href":"https:\/\/www.pacocinillas.es\/tienda\/wp-json\/wp\/v2\/comments?post=8426"}],"wp:featuredmedia":[{"embeddable":true,"href":"https:\/\/www.pacocinillas.es\/tienda\/wp-json\/wp\/v2\/media\/8427"}],"wp:attachment":[{"href":"https:\/\/www.pacocinillas.es\/tienda\/wp-json\/wp\/v2\/media?parent=8426"}],"wp:term":[{"taxonomy":"product_brand","embeddable":true,"href":"https:\/\/www.pacocinillas.es\/tienda\/wp-json\/wp\/v2\/product_brand?post=8426"},{"taxonomy":"product_cat","embeddable":true,"href":"https:\/\/www.pacocinillas.es\/tienda\/wp-json\/wp\/v2\/product_cat?post=8426"},{"taxonomy":"product_tag","embeddable":true,"href":"https:\/\/www.pacocinillas.es\/tienda\/wp-json\/wp\/v2\/product_tag?post=8426"}],"curies":[{"name":"wp","href":"https:\/\/api.w.org\/{rel}","templated":true}]}}