{"id":8419,"date":"2026-03-11T15:36:04","date_gmt":"2026-03-11T13:36:04","guid":{"rendered":"https:\/\/www.pacocinillas.es\/tienda\/?post_type=product&#038;p=8419"},"modified":"2026-03-11T15:36:05","modified_gmt":"2026-03-11T13:36:05","slug":"encendedor-mono-lighter-monolith","status":"publish","type":"product","link":"https:\/\/www.pacocinillas.es\/tienda\/producto\/encendedor-mono-lighter-monolith\/","title":{"rendered":"Encendedor Mono-lighter MONOLITH"},"content":{"rendered":"<div class=\"wpb-content-wrapper\"><p>[vc_row][vc_column][vc_column_text css=\u00bb\u00bb]<\/p>\n<h3>Caracter\u00edsticas:<\/h3>\n<ul>\n<li>Encendedor para carb\u00f3n el\u00e9ctrico.<\/li>\n<li>Longitud del cable el\u00e9ctrico: 3 metros.<\/li>\n<li>Dimensiones: 45,5 x 6 x 7 cm (Largo x Ancho x Alto)<\/li>\n<\/ul>\n<p><b>\u00a0SUGERENCIA: C\u00d3MO ENCENDER R\u00c1PIDAMENTE EL CARB\u00d3N\u00a0<\/b><\/p>\n<ol>\n<li>Llene la canasta del carb\u00f3n o la caja de fuego con carb\u00f3n de alta calidad e inicialmente m\u00e1s grueso. Para obtener los mejores resultados de asado, recomendamos nuestro carb\u00f3n Monolith, testado y certificado, libre de t\u00f3xicos para alimentaci\u00f3n.<\/li>\n<li>Encienda el carb\u00f3n desde arriba si es posible con el Mono-lighter (encendedor), cierre la tapa del Monolith y abra completamente la entrada de aire inferior y la salida de aire, el tiro. Gracias al efecto chimenea, la barbacoa se calentar\u00e1 r\u00e1pidamente.<\/li>\n<li>La temperatura del kamado Monolith se puede controlar y ajustar mediante el suministro de aire (abertura en la base) y el tiro (v\u00e1lvula de escape situada arriba). Dependiendo del tipo de cocci\u00f3n, directo o indirecto, puede utilizar los accesorios que desee.<\/li>\n<\/ol>\n<p>[\/vc_column_text][\/vc_column][\/vc_row]<\/p>\n<\/div>","protected":false},"excerpt":{"rendered":"<p>El Mono-Lighter es un encendedor el\u00e9ctrico que en menos de un minuto te permite encender carb\u00f3n. Esto significa que el Mono-Lighter es el encendedor ideal para tu\u00a0Kamado Monolith. Funciona exclusivamente con aire caliente y sin llamas, por lo que siempre se garantiza un encendido seguro.<\/p>\n","protected":false},"featured_media":8420,"comment_status":"closed","ping_status":"closed","template":"","meta":[],"product_brand":[],"product_cat":[155],"product_tag":[],"class_list":{"0":"post-8419","1":"product","2":"type-product","3":"status-publish","4":"has-post-thumbnail","6":"product_cat-accesoriosmonolith","8":"first","9":"instock","10":"taxable","11":"shipping-taxable","12":"purchasable","13":"product-type-simple"},"_links":{"self":[{"href":"https:\/\/www.pacocinillas.es\/tienda\/wp-json\/wp\/v2\/product\/8419","targetHints":{"allow":["GET"]}}],"collection":[{"href":"https:\/\/www.pacocinillas.es\/tienda\/wp-json\/wp\/v2\/product"}],"about":[{"href":"https:\/\/www.pacocinillas.es\/tienda\/wp-json\/wp\/v2\/types\/product"}],"replies":[{"embeddable":true,"href":"https:\/\/www.pacocinillas.es\/tienda\/wp-json\/wp\/v2\/comments?post=8419"}],"wp:featuredmedia":[{"embeddable":true,"href":"https:\/\/www.pacocinillas.es\/tienda\/wp-json\/wp\/v2\/media\/8420"}],"wp:attachment":[{"href":"https:\/\/www.pacocinillas.es\/tienda\/wp-json\/wp\/v2\/media?parent=8419"}],"wp:term":[{"taxonomy":"product_brand","embeddable":true,"href":"https:\/\/www.pacocinillas.es\/tienda\/wp-json\/wp\/v2\/product_brand?post=8419"},{"taxonomy":"product_cat","embeddable":true,"href":"https:\/\/www.pacocinillas.es\/tienda\/wp-json\/wp\/v2\/product_cat?post=8419"},{"taxonomy":"product_tag","embeddable":true,"href":"https:\/\/www.pacocinillas.es\/tienda\/wp-json\/wp\/v2\/product_tag?post=8419"}],"curies":[{"name":"wp","href":"https:\/\/api.w.org\/{rel}","templated":true}]}}