{"id":8415,"date":"2026-03-11T15:23:36","date_gmt":"2026-03-11T13:23:36","guid":{"rendered":"https:\/\/www.pacocinillas.es\/tienda\/?post_type=product&#038;p=8415"},"modified":"2026-03-11T15:23:47","modified_gmt":"2026-03-11T13:23:47","slug":"portacuchillos-piel-monolith","status":"publish","type":"product","link":"https:\/\/www.pacocinillas.es\/tienda\/producto\/portacuchillos-piel-monolith\/","title":{"rendered":"Portacuchillos piel MONOLITH"},"content":{"rendered":"<div class=\"wpb-content-wrapper\"><p>[vc_row][vc_column][vc_column_text css=\u00bb\u00bb]Hecho a mano y de cuero 100%<\/p>\n<p>Con el portacuchillos Monolith de cuero, siempre tendr\u00e1 a mano sus cuchillos para cocinar y asar.<\/p>\n<p>Gracias al aspecto atemporal del cuero de b\u00fafalo de alta calidad, destacar\u00e1s con estilo a la vez que ganar\u00e1s en comodidad.<\/p>\n<p>Gracias al lazo grande, la funda no solo se puede sujetar al cintur\u00f3n de cuero del delantal, sino tambi\u00e9n a todos los dem\u00e1s cinturones y correas de tu ropa.<\/p>\n<p>La funda est\u00e1 hecha de cuero 100% genuino y mantiene 2 cuchillos de chef est\u00e1ndar en su lugar.<\/p>\n<h3>Caracter\u00edsticas:<\/h3>\n<ul>\n<li>Soporte de piel genuina.<\/li>\n<li>Funda para cuchillos de cuero Monolith \/ portacuchillos A-001-KNIFE<\/li>\n<li>Material: 100% cuero de b\u00fafalo robusto y genuino<\/li>\n<li>Adecuado para 2 cuchillos de chef est\u00e1ndar<\/li>\n<li>Se puede sujetar al cintur\u00f3n de cuero del delantal<\/li>\n<li>Tambi\u00e9n se sujeta a todos los dem\u00e1s cinturones y correas de la ropa<\/li>\n<li>Medidas: Longitud: aproximadamente 33 cm &#8211; Ancho: aproximadamente 11 cm<\/li>\n<\/ul>\n<p>[\/vc_column_text][\/vc_column][\/vc_row]<\/p>\n<\/div>","protected":false},"excerpt":{"rendered":"<p>Material: 100 % piel de b\u00fafalo aut\u00e9ntica y robusta. Adecuado para 2 cuchillos de chef est\u00e1ndar. Se puede fijar al cintur\u00f3n de cuero del delantal. Tambi\u00e9n se fija a todos los dem\u00e1s cinturones y correas de la ropa.<\/p>\n<p>Medidas: Largo: aprox. 33 cm \/ ancho: aprox. .11cm<\/p>\n<p><strong>*Cuchillos de la imagen no incluidos.<\/strong><\/p>\n","protected":false},"featured_media":8416,"comment_status":"closed","ping_status":"closed","template":"","meta":[],"product_brand":[],"product_cat":[155],"product_tag":[],"class_list":{"0":"post-8415","1":"product","2":"type-product","3":"status-publish","4":"has-post-thumbnail","6":"product_cat-accesoriosmonolith","8":"first","9":"instock","10":"taxable","11":"shipping-taxable","12":"purchasable","13":"product-type-simple"},"_links":{"self":[{"href":"https:\/\/www.pacocinillas.es\/tienda\/wp-json\/wp\/v2\/product\/8415","targetHints":{"allow":["GET"]}}],"collection":[{"href":"https:\/\/www.pacocinillas.es\/tienda\/wp-json\/wp\/v2\/product"}],"about":[{"href":"https:\/\/www.pacocinillas.es\/tienda\/wp-json\/wp\/v2\/types\/product"}],"replies":[{"embeddable":true,"href":"https:\/\/www.pacocinillas.es\/tienda\/wp-json\/wp\/v2\/comments?post=8415"}],"wp:featuredmedia":[{"embeddable":true,"href":"https:\/\/www.pacocinillas.es\/tienda\/wp-json\/wp\/v2\/media\/8416"}],"wp:attachment":[{"href":"https:\/\/www.pacocinillas.es\/tienda\/wp-json\/wp\/v2\/media?parent=8415"}],"wp:term":[{"taxonomy":"product_brand","embeddable":true,"href":"https:\/\/www.pacocinillas.es\/tienda\/wp-json\/wp\/v2\/product_brand?post=8415"},{"taxonomy":"product_cat","embeddable":true,"href":"https:\/\/www.pacocinillas.es\/tienda\/wp-json\/wp\/v2\/product_cat?post=8415"},{"taxonomy":"product_tag","embeddable":true,"href":"https:\/\/www.pacocinillas.es\/tienda\/wp-json\/wp\/v2\/product_tag?post=8415"}],"curies":[{"name":"wp","href":"https:\/\/api.w.org\/{rel}","templated":true}]}}