{"id":8377,"date":"2026-02-24T17:30:38","date_gmt":"2026-02-24T15:30:38","guid":{"rendered":"https:\/\/www.pacocinillas.es\/tienda\/?post_type=product&#038;p=8377"},"modified":"2026-03-21T13:39:03","modified_gmt":"2026-03-21T11:39:03","slug":"camiseta-kamado-lovers","status":"publish","type":"product","link":"https:\/\/www.pacocinillas.es\/tienda\/producto\/camiseta-kamado-lovers\/","title":{"rendered":"Camiseta Kamado Lovers"},"content":{"rendered":"<div class=\"wpb-content-wrapper\"><p>[vc_row][vc_column][vc_column_text css=\u00bb\u00bb]<\/p>\n<p class=\"p1\"><strong>\u201cDENTRO DE TI HAY UN CORAZ\u00d3N EN LLAMAS\u201d<\/strong><\/p>\n<p class=\"p1\">No es una simple camiseta, es toda una declaraci\u00f3n de intenciones.<\/p>\n<p class=\"p1\">Un coraz\u00f3n alado envuelto en llamas que representa lo que nos une, la pasi\u00f3n por el fuego, el respeto por el producto y el arte de cocinar a la brasa en kamado.<\/p>\n<p class=\"p1\">Porque quien cocina con brasas no solo prepara comida, enciende momentos, re\u00fane personas y transforma cada receta en una experiencia.<\/p>\n<p class=\"p1\">Esta camiseta nace para reforzar nuestra comunidad de Kamado Lover. Para quienes entienden que el humo es aroma, que el fuego es paciencia y que el kamado es mucho m\u00e1s que una parrilla: es una forma de vivir la cocina.<\/p>\n<p class=\"p1\">Ll\u00e9vala como s\u00edmbolo de pertenencia. De esa llama interior que nos impulsa a experimentar, a aprender y a compartir alrededor del fuego.<\/p>\n<p class=\"p1\"><strong>Si dentro de ti tambi\u00e9n hay un coraz\u00f3n en llamas\u2026 esta camiseta es para ti.<\/strong><\/p>\n<p>[\/vc_column_text][\/vc_column][\/vc_row][vc_row][vc_column][vc_single_image image=\u00bb8379&#8243; img_size=\u00bbfull\u00bb alignment=\u00bbcenter\u00bb css=\u00bb\u00bb][\/vc_column][\/vc_row]<\/p>\n<\/div>","protected":false},"excerpt":{"rendered":"<p>[vc_row][vc_column][vc_column_text css=\u00bb\u00bb] \u201cDENTRO DE TI HAY UN CORAZ\u00d3N EN LLAMAS\u201d No es una simple camiseta, es toda una declaraci\u00f3n de intenciones. Un coraz\u00f3n alado envuelto en llamas que representa lo que nos une, la pasi\u00f3n por el fuego, el respeto por el producto y el arte de cocinar a la brasa en kamado. Porque quien [&hellip;]<\/p>\n","protected":false},"featured_media":8378,"comment_status":"closed","ping_status":"closed","template":"","meta":[],"product_brand":[],"product_cat":[72,73],"product_tag":[],"class_list":{"0":"post-8377","1":"product","2":"type-product","3":"status-publish","4":"has-post-thumbnail","6":"product_cat-accesorios","7":"product_cat-pacocinillas","9":"first","10":"instock","11":"taxable","12":"shipping-taxable","13":"purchasable","14":"product-type-variable"},"_links":{"self":[{"href":"https:\/\/www.pacocinillas.es\/tienda\/wp-json\/wp\/v2\/product\/8377","targetHints":{"allow":["GET"]}}],"collection":[{"href":"https:\/\/www.pacocinillas.es\/tienda\/wp-json\/wp\/v2\/product"}],"about":[{"href":"https:\/\/www.pacocinillas.es\/tienda\/wp-json\/wp\/v2\/types\/product"}],"replies":[{"embeddable":true,"href":"https:\/\/www.pacocinillas.es\/tienda\/wp-json\/wp\/v2\/comments?post=8377"}],"wp:featuredmedia":[{"embeddable":true,"href":"https:\/\/www.pacocinillas.es\/tienda\/wp-json\/wp\/v2\/media\/8378"}],"wp:attachment":[{"href":"https:\/\/www.pacocinillas.es\/tienda\/wp-json\/wp\/v2\/media?parent=8377"}],"wp:term":[{"taxonomy":"product_brand","embeddable":true,"href":"https:\/\/www.pacocinillas.es\/tienda\/wp-json\/wp\/v2\/product_brand?post=8377"},{"taxonomy":"product_cat","embeddable":true,"href":"https:\/\/www.pacocinillas.es\/tienda\/wp-json\/wp\/v2\/product_cat?post=8377"},{"taxonomy":"product_tag","embeddable":true,"href":"https:\/\/www.pacocinillas.es\/tienda\/wp-json\/wp\/v2\/product_tag?post=8377"}],"curies":[{"name":"wp","href":"https:\/\/api.w.org\/{rel}","templated":true}]}}