{"id":8228,"date":"2026-01-12T12:51:28","date_gmt":"2026-01-12T10:51:28","guid":{"rendered":"https:\/\/www.pacocinillas.es\/tienda\/?post_type=product&#038;p=8228"},"modified":"2026-01-12T12:56:05","modified_gmt":"2026-01-12T10:56:05","slug":"bastard-bandeja-de-goteo-media-luna-xl","status":"publish","type":"product","link":"https:\/\/www.pacocinillas.es\/tienda\/producto\/bastard-bandeja-de-goteo-media-luna-xl\/","title":{"rendered":"BASTARD Bandeja de goteo media luna XL"},"content":{"rendered":"<div class=\"wpb-content-wrapper\"><p>[vc_row][vc_column][vc_column_text css=\u00bb\u00bb]<\/p>\n<h2><span dir=\"auto\">Dimensiones<\/span><\/h2>\n<p><strong><span dir=\"auto\">XL:<\/span><\/strong><span dir=\"auto\">\u00a0altura 2,5, di\u00e1metro 47,5 cm<\/span>[\/vc_column_text][\/vc_column][\/vc_row]<\/p>\n<\/div>","protected":false},"excerpt":{"rendered":"<p><span dir=\"auto\">La bandeja de goteo en forma de media luna es ideal para recetas de cocci\u00f3n lenta.<\/span><\/p>\n<p>Permite colocarla f\u00e1cilmente debajo de la zona de cocci\u00f3n indirecta, recogiendo toda la grasa. Tambi\u00e9n puede usar dos mitades para cocinar toda la barbacoa.<\/p>\n<p>Apta para Bastard XL<\/p>\n","protected":false},"featured_media":8230,"comment_status":"closed","ping_status":"closed","template":"","meta":[],"product_brand":[],"product_cat":[72,156],"product_tag":[],"class_list":{"0":"post-8228","1":"product","2":"type-product","3":"status-publish","4":"has-post-thumbnail","6":"product_cat-accesorios","7":"product_cat-accesoriosbastard","9":"first","10":"instock","11":"taxable","12":"shipping-taxable","13":"purchasable","14":"product-type-simple"},"_links":{"self":[{"href":"https:\/\/www.pacocinillas.es\/tienda\/wp-json\/wp\/v2\/product\/8228","targetHints":{"allow":["GET"]}}],"collection":[{"href":"https:\/\/www.pacocinillas.es\/tienda\/wp-json\/wp\/v2\/product"}],"about":[{"href":"https:\/\/www.pacocinillas.es\/tienda\/wp-json\/wp\/v2\/types\/product"}],"replies":[{"embeddable":true,"href":"https:\/\/www.pacocinillas.es\/tienda\/wp-json\/wp\/v2\/comments?post=8228"}],"wp:featuredmedia":[{"embeddable":true,"href":"https:\/\/www.pacocinillas.es\/tienda\/wp-json\/wp\/v2\/media\/8230"}],"wp:attachment":[{"href":"https:\/\/www.pacocinillas.es\/tienda\/wp-json\/wp\/v2\/media?parent=8228"}],"wp:term":[{"taxonomy":"product_brand","embeddable":true,"href":"https:\/\/www.pacocinillas.es\/tienda\/wp-json\/wp\/v2\/product_brand?post=8228"},{"taxonomy":"product_cat","embeddable":true,"href":"https:\/\/www.pacocinillas.es\/tienda\/wp-json\/wp\/v2\/product_cat?post=8228"},{"taxonomy":"product_tag","embeddable":true,"href":"https:\/\/www.pacocinillas.es\/tienda\/wp-json\/wp\/v2\/product_tag?post=8228"}],"curies":[{"name":"wp","href":"https:\/\/api.w.org\/{rel}","templated":true}]}}