{"id":8176,"date":"2020-01-01T18:46:18","date_gmt":"2020-01-01T16:46:18","guid":{"rendered":"https:\/\/www.pacocinillas.es\/tienda\/?post_type=product&#038;p=8176"},"modified":"2026-01-01T18:47:43","modified_gmt":"2026-01-01T16:47:43","slug":"estante-para-accesorios-kamado-joe-big-joe","status":"publish","type":"product","link":"https:\/\/www.pacocinillas.es\/tienda\/producto\/estante-para-accesorios-kamado-joe-big-joe\/","title":{"rendered":"Estante para accesorios Kamado Joe BIG JOE"},"content":{"rendered":"","protected":false},"excerpt":{"rendered":"<p>El accesorio de rejilla de cocci\u00f3n Kamado Joe se utiliza junto con el sistema de cocci\u00f3n flexible Divide &amp; Conquer. Esta rejilla encaja c\u00f3modamente en el sistema de cocci\u00f3n flexible Divide and Conquer para sostener una bandeja de goteo para una f\u00e1cil limpieza. Adem\u00e1s, es un gran soporte para la piedra de pizzas Kamado Joe y otros accesorios Kamado Joe.<\/p>\n<p>Apto para BIG JOE<\/p>\n","protected":false},"featured_media":8175,"template":"","meta":[],"product_brand":[],"product_cat":[72,151],"product_tag":[],"class_list":{"0":"post-8176","1":"product","2":"type-product","3":"status-publish","4":"has-post-thumbnail","6":"product_cat-accesorios","7":"product_cat-accesoriosjoe","9":"first","10":"instock","11":"taxable","12":"shipping-taxable","13":"purchasable","14":"product-type-simple"},"_links":{"self":[{"href":"https:\/\/www.pacocinillas.es\/tienda\/wp-json\/wp\/v2\/product\/8176","targetHints":{"allow":["GET"]}}],"collection":[{"href":"https:\/\/www.pacocinillas.es\/tienda\/wp-json\/wp\/v2\/product"}],"about":[{"href":"https:\/\/www.pacocinillas.es\/tienda\/wp-json\/wp\/v2\/types\/product"}],"wp:featuredmedia":[{"embeddable":true,"href":"https:\/\/www.pacocinillas.es\/tienda\/wp-json\/wp\/v2\/media\/8175"}],"wp:attachment":[{"href":"https:\/\/www.pacocinillas.es\/tienda\/wp-json\/wp\/v2\/media?parent=8176"}],"wp:term":[{"taxonomy":"product_brand","embeddable":true,"href":"https:\/\/www.pacocinillas.es\/tienda\/wp-json\/wp\/v2\/product_brand?post=8176"},{"taxonomy":"product_cat","embeddable":true,"href":"https:\/\/www.pacocinillas.es\/tienda\/wp-json\/wp\/v2\/product_cat?post=8176"},{"taxonomy":"product_tag","embeddable":true,"href":"https:\/\/www.pacocinillas.es\/tienda\/wp-json\/wp\/v2\/product_tag?post=8176"}],"curies":[{"name":"wp","href":"https:\/\/api.w.org\/{rel}","templated":true}]}}