{"id":8170,"date":"2020-07-23T18:25:56","date_gmt":"2020-07-23T16:25:56","guid":{"rendered":"https:\/\/www.pacocinillas.es\/tienda\/?post_type=product&#038;p=8170"},"modified":"2026-01-01T18:34:16","modified_gmt":"2026-01-01T16:34:16","slug":"paellera-karbon-steel","status":"publish","type":"product","link":"https:\/\/www.pacocinillas.es\/tienda\/producto\/paellera-karbon-steel\/","title":{"rendered":"Paellera Karbon Steel\u2122"},"content":{"rendered":"<div class=\"wpb-content-wrapper\"><p>[vc_row][vc_column][vc_column_text css=\u00bb\u00bb]<\/p>\n<h2 class=\"text-grey0900 font-semibold text-h4 mb-8 uppercase\">Caracter\u00edsticas<\/h2>\n<ul class=\"c-description-box__list list-disc ml-6\">\n<li class=\"pr-8 mb-2\">La paellera de acero al carbono de alta calidad es perfecta para preparar paellas al estilo espa\u00f1ol<\/li>\n<li class=\"pr-8 mb-2\">Est\u00e1 fabricada con acero al carbono antiadherente y preesta\u00f1ado para una limpieza r\u00e1pida y f\u00e1cil<\/li>\n<li class=\"pr-8 mb-2\">Mangos de acero inoxidable para servir f\u00e1cilmente<\/li>\n<li class=\"pr-8 mb-2\">Las hendiduras de la base imitan las de las paelleras tradicionales para que los alimentos se cocinen uniformemente<\/li>\n<li class=\"pr-8 mb-2\">El material de acero al carbono es tan vers\u00e1til como el acero inoxidable y tan conductor como el hierro fundido<\/li>\n<li class=\"pr-8 mb-2\">Util\u00edzala con cualquier Kamado Joe, Big Green Egg u otras parrillas de carb\u00f3n vegetal<\/li>\n<\/ul>\n<p>[\/vc_column_text][\/vc_column][\/vc_row]<\/p>\n<\/div>","protected":false},"excerpt":{"rendered":"<p>La amplia y poco profunda superficie de cocci\u00f3n de acero al carbono est\u00e1 dise\u00f1ada para saltear carnes y verduras. sart\u00e9n antiadherente previamente curada permite cocinar (y limpiar) con eficacia.<\/p>\n<p>Diametro: 40 cm.<\/p>\n","protected":false},"featured_media":8171,"comment_status":"closed","ping_status":"closed","template":"","meta":[],"product_brand":[],"product_cat":[72,151,43],"product_tag":[],"class_list":{"0":"post-8170","1":"product","2":"type-product","3":"status-publish","4":"has-post-thumbnail","6":"product_cat-accesorios","7":"product_cat-accesoriosjoe","8":"product_cat-kamadojoe","10":"first","11":"instock","12":"taxable","13":"shipping-taxable","14":"purchasable","15":"product-type-simple"},"_links":{"self":[{"href":"https:\/\/www.pacocinillas.es\/tienda\/wp-json\/wp\/v2\/product\/8170","targetHints":{"allow":["GET"]}}],"collection":[{"href":"https:\/\/www.pacocinillas.es\/tienda\/wp-json\/wp\/v2\/product"}],"about":[{"href":"https:\/\/www.pacocinillas.es\/tienda\/wp-json\/wp\/v2\/types\/product"}],"replies":[{"embeddable":true,"href":"https:\/\/www.pacocinillas.es\/tienda\/wp-json\/wp\/v2\/comments?post=8170"}],"wp:featuredmedia":[{"embeddable":true,"href":"https:\/\/www.pacocinillas.es\/tienda\/wp-json\/wp\/v2\/media\/8171"}],"wp:attachment":[{"href":"https:\/\/www.pacocinillas.es\/tienda\/wp-json\/wp\/v2\/media?parent=8170"}],"wp:term":[{"taxonomy":"product_brand","embeddable":true,"href":"https:\/\/www.pacocinillas.es\/tienda\/wp-json\/wp\/v2\/product_brand?post=8170"},{"taxonomy":"product_cat","embeddable":true,"href":"https:\/\/www.pacocinillas.es\/tienda\/wp-json\/wp\/v2\/product_cat?post=8170"},{"taxonomy":"product_tag","embeddable":true,"href":"https:\/\/www.pacocinillas.es\/tienda\/wp-json\/wp\/v2\/product_tag?post=8170"}],"curies":[{"name":"wp","href":"https:\/\/api.w.org\/{rel}","templated":true}]}}