{"id":7865,"date":"2025-04-26T15:54:34","date_gmt":"2025-04-26T13:54:34","guid":{"rendered":"https:\/\/www.pacocinillas.es\/tienda\/?post_type=product&#038;p=7865"},"modified":"2026-03-21T11:24:15","modified_gmt":"2026-03-21T09:24:15","slug":"napoleon-pro605","status":"publish","type":"product","link":"https:\/\/www.pacocinillas.es\/tienda\/producto\/napoleon-pro605\/","title":{"rendered":"NAPOLEON PRO 605"},"content":{"rendered":"<div class=\"wpb-content-wrapper\"><p>[vc_row][vc_column][vc_column_text css=\u00bb\u00bb]<\/p>\n<p class=\"\" data-start=\"310\" data-end=\"562\">El modelo Napoleon PRO605 est\u00e1 fabricada 100% en acero inoxidable de la m\u00e1xima calidad. Destaca tanto por su imponente dise\u00f1o como por sus funciones pr\u00e1cticas: cuenta con amplios estantes laterales equipados con ganchos para utensilios, trampilla frontal permite a\u00f1adir carb\u00f3n de forma c\u00f3moda y elevador de brasas que facilitan enormemente la cocci\u00f3n.<\/p>\n<p class=\"\" data-start=\"564\" data-end=\"847\">No es una barbacoa convencional, tiene un nivel profesional .<\/p>\n<p class=\"\" data-start=\"564\" data-end=\"847\">La bandeja de carb\u00f3n est\u00e1 dividida en tres secciones y es regulable en altura, junto al quemador trasero a carb\u00f3n para cocciones con el accesorio rostizador.(no incluido)<\/p>\n<p>[\/vc_column_text][vc_single_image image=\u00bb8553&#8243; img_size=\u00bblarge\u00bb alignment=\u00bbcenter\u00bb css=\u00bb\u00bb][\/vc_column][\/vc_row][vc_row][vc_column][vc_single_image image=\u00bb7869&#8243; img_size=\u00bbFULL\u00bb alignment=\u00bbcenter\u00bb css=\u00bb\u00bb][\/vc_column][\/vc_row][vc_row][vc_column][vc_video link=\u00bbhttps:\/\/www.youtube.com\/watch?v=r0ToLkGdQiw\u00bb align=\u00bbcenter\u00bb css=\u00bb\u00bb][\/vc_column][\/vc_row]<\/p>\n<\/div>","protected":false},"excerpt":{"rendered":"<p>La nueva barbacoa de carb\u00f3n Napoleon te permite disfrutar de la aut\u00e9ntica experiencia con un nivel de calidad profesional.<\/p>\n<p>&nbsp;<\/p>\n","protected":false},"featured_media":7866,"comment_status":"closed","ping_status":"closed","template":"","meta":[],"product_brand":[],"product_cat":[147],"product_tag":[],"class_list":{"0":"post-7865","1":"product","2":"type-product","3":"status-publish","4":"has-post-thumbnail","6":"product_cat-napoleoncarbonpremium","8":"first","9":"instock","10":"taxable","11":"shipping-taxable","12":"purchasable","13":"product-type-simple"},"_links":{"self":[{"href":"https:\/\/www.pacocinillas.es\/tienda\/wp-json\/wp\/v2\/product\/7865","targetHints":{"allow":["GET"]}}],"collection":[{"href":"https:\/\/www.pacocinillas.es\/tienda\/wp-json\/wp\/v2\/product"}],"about":[{"href":"https:\/\/www.pacocinillas.es\/tienda\/wp-json\/wp\/v2\/types\/product"}],"replies":[{"embeddable":true,"href":"https:\/\/www.pacocinillas.es\/tienda\/wp-json\/wp\/v2\/comments?post=7865"}],"wp:featuredmedia":[{"embeddable":true,"href":"https:\/\/www.pacocinillas.es\/tienda\/wp-json\/wp\/v2\/media\/7866"}],"wp:attachment":[{"href":"https:\/\/www.pacocinillas.es\/tienda\/wp-json\/wp\/v2\/media?parent=7865"}],"wp:term":[{"taxonomy":"product_brand","embeddable":true,"href":"https:\/\/www.pacocinillas.es\/tienda\/wp-json\/wp\/v2\/product_brand?post=7865"},{"taxonomy":"product_cat","embeddable":true,"href":"https:\/\/www.pacocinillas.es\/tienda\/wp-json\/wp\/v2\/product_cat?post=7865"},{"taxonomy":"product_tag","embeddable":true,"href":"https:\/\/www.pacocinillas.es\/tienda\/wp-json\/wp\/v2\/product_tag?post=7865"}],"curies":[{"name":"wp","href":"https:\/\/api.w.org\/{rel}","templated":true}]}}