{"id":7726,"date":"2025-02-07T16:37:04","date_gmt":"2025-02-07T14:37:04","guid":{"rendered":"https:\/\/www.pacocinillas.es\/tienda\/?post_type=product&#038;p=7726"},"modified":"2025-02-07T16:43:07","modified_gmt":"2025-02-07T14:43:07","slug":"barbacoa-ahumador-gravity-series-xt","status":"publish","type":"product","link":"https:\/\/www.pacocinillas.es\/tienda\/producto\/barbacoa-ahumador-gravity-series-xt\/","title":{"rendered":"Barbacoa ahumador Gravity Series XT"},"content":{"rendered":"<p>Dise\u00f1ado para quienes exigen durabilidad y rendimiento sin compromisos, la parrilla de carb\u00f3n y ahumador digital Gravity serie XT de Masterbuilt est\u00e1 aqu\u00ed para revolucionar la cocci\u00f3n a carb\u00f3n de la serie Gravity. Fabricada con materiales y acabados extra resistentes, la parrilla de carb\u00f3n y ahumador Gravity series XT est\u00e1 hecha para durar y dise\u00f1ada para un rendimiento \u00f3ptimo.<\/p>\n<p>Con el innovador dise\u00f1o del cuerpo de una s\u00f3la pieza FuelSaver\u2122 y la junta de malla de fibra de vidrio, optimiza el uso del carb\u00f3n mientras mantiene dentro el humo, el calor y la humedad durante toda la cocci\u00f3n. Simplemente cargue la tolva de carb\u00f3n GravityFed\u2122, encienda el arrancador de fuego y configure la temperatura que desee para disfrutar de una experiencia de asado a la perfecci\u00f3n. No se trata s\u00f3lo de habilidad experta, sino del control.<\/p>\n<p>Con la tecnolog\u00eda WiFi de Masterbuilt, lleve la potencia a la palma de su mano conect\u00e1ndose a la aplicaci\u00f3n de\u00a0 Masterbuilt para controlar su parrilla desde cualquier lugar. Forjado por la comunidad. Dise\u00f1ado por expertos. Hecho para usted.<\/p>\n<p>&nbsp;<\/p>\n<p><strong>CARACTER\u00cdSTICAS PRINCIPALES:<\/strong><\/p>\n<ul class=\"c-description-box__list list-disc ml-6\">\n<li class=\"text-grey-900 opacity-90\">Parrilla de carb\u00f3n y ahumador digital con 0.38 m2 de espacio de cocci\u00f3n<\/li>\n<li class=\"text-grey-900 opacity-90\">El dise\u00f1o del cuerpo FuelSaver\u2122 con junta de malla de fibra de vidrio, aislamiento de pared doble e interior revestido en porcelana retiene el calor, el humo y la humedad a la vez que optimiza el uso del carb\u00f3n<\/li>\n<li class=\"text-grey-900 opacity-90\">Panel de control digital avanzado para configurar la temperatura de cocci\u00f3n, ver los gr\u00e1ficos de la sesi\u00f3n y monitorear sus sondas de carne<\/li>\n<li class=\"text-grey-900 opacity-90\">Con\u00e9ctese a la aplicaci\u00f3n de Masterbuilt para configurar y monitorear la temperatura, ver los gr\u00e1ficos de la sesi\u00f3n, comprobar las sondas de carne y descubrir nuevas recetas desde cualquier lugar<\/li>\n<li class=\"text-grey-900 opacity-90\">La tolva de carb\u00f3n GravityFed\u2122 tiene capacidad hasta para 5,44 kg de carb\u00f3n en trozos y 8.2 kg de briquetas para hasta 24 horas de uso<\/li>\n<li class=\"text-grey-900 opacity-90\">El ventilador DigitalFan\u2122 mantiene sin esfuerzo las temperaturas de cocci\u00f3n deseada de 120 \u00baC &#8211; 345 \u00baC<\/li>\n<li class=\"text-grey-900 opacity-90\">Alcanza los 110 \u00baC en tan s\u00f3lo 7 minutos para cocci\u00f3n a temperatura baja y lenta o los 370 \u00baC en 11 minutos para el sellado a fuego alto<\/li>\n<li class=\"text-grey-900 opacity-90\">Rejillas de cocci\u00f3n de acero inoxidable premium<\/li>\n<li class=\"text-grey-900 opacity-90\">Hasta tres niveles de rejillas de ahumado de cuerpo entero de acero inoxidable<\/li>\n<li class=\"text-grey-900 opacity-90\">Palanca deslizante de desconexi\u00f3n integrada para permitir un proceso de desconexi\u00f3n a la perfecci\u00f3n<\/li>\n<li class=\"text-grey-900 opacity-90\">Dise\u00f1o de colector doble en forma de U para ofrecer una mejor distribuci\u00f3n del calor y una evacuaci\u00f3n eficaz de la grasa<\/li>\n<li class=\"text-grey-900 opacity-90\">Bandeja de grasa de cuerpo entero para una limpieza r\u00e1pida y f\u00e1cil<\/li>\n<li class=\"text-grey-900 opacity-90\">Repisa lateral plegable de acero inoxidable con ganchos utilitarios, caj\u00f3n y toallero<\/li>\n<li class=\"text-grey-900 opacity-90\">Repisa delantera plegable de acero inoxidable para disponer de m\u00e1s espacio para la preparaci\u00f3n de los alimentos<\/li>\n<li class=\"text-grey-900 opacity-90\">Compatible hasta con 4 sondas para carne, 2 incluida<\/li>\n<li class=\"text-grey-900 opacity-90\">3 a\u00f1os de garant\u00eda<\/li>\n<\/ul>\n","protected":false},"excerpt":{"rendered":"<p class=\"p1\">Descubre la revoluci\u00f3n en el mundo de las barbacoas con la <span class=\"s1\"><b>Gravity Series XT<\/b><\/span>, el ahumador de carb\u00f3n que combina tradici\u00f3n y tecnolog\u00eda para ofrecerte resultados de otro nivel. Su innovador sistema de alimentaci\u00f3n autom\u00e1tica de carb\u00f3n mantiene el calor constante y permite alcanzar temperaturas de hasta <span class=\"s1\"><b>370 \u00b0C<\/b><\/span> en minutos, ideal para ahumar a baja temperatura o asar a la perfecci\u00f3n. Con control digital y conectividad v\u00eda app, disfrutar\u00e1s de una experiencia c\u00f3moda y precisa. Lleva tus parrilladas al siguiente nivel y convi\u00e9rtete en el maestro del ahumado con la <span class=\"s1\"><b>Gravity Series XT<\/b><\/span>.<\/p>\n<p><img loading=\"lazy\" decoding=\"async\" class=\"alignleft wp-image-4541 size-medium\" src=\"https:\/\/www.pacocinillas.es\/tienda\/wp-content\/uploads\/2021\/04\/masterbuilt_dealer-300x78.jpg\" alt=\"\" width=\"300\" height=\"78\" srcset=\"https:\/\/www.pacocinillas.es\/tienda\/wp-content\/uploads\/2021\/04\/masterbuilt_dealer-300x78.jpg 300w, https:\/\/www.pacocinillas.es\/tienda\/wp-content\/uploads\/2021\/04\/masterbuilt_dealer.jpg 550w\" sizes=\"auto, (max-width: 300px) 100vw, 300px\" \/><\/p>\n","protected":false},"featured_media":7727,"comment_status":"closed","ping_status":"closed","template":"","meta":[],"product_brand":[],"product_cat":[112],"product_tag":[],"class_list":{"0":"post-7726","1":"product","2":"type-product","3":"status-publish","4":"has-post-thumbnail","6":"product_cat-masterbuilt","8":"first","9":"instock","10":"taxable","11":"shipping-taxable","12":"purchasable","13":"product-type-simple"},"_links":{"self":[{"href":"https:\/\/www.pacocinillas.es\/tienda\/wp-json\/wp\/v2\/product\/7726","targetHints":{"allow":["GET"]}}],"collection":[{"href":"https:\/\/www.pacocinillas.es\/tienda\/wp-json\/wp\/v2\/product"}],"about":[{"href":"https:\/\/www.pacocinillas.es\/tienda\/wp-json\/wp\/v2\/types\/product"}],"replies":[{"embeddable":true,"href":"https:\/\/www.pacocinillas.es\/tienda\/wp-json\/wp\/v2\/comments?post=7726"}],"wp:featuredmedia":[{"embeddable":true,"href":"https:\/\/www.pacocinillas.es\/tienda\/wp-json\/wp\/v2\/media\/7727"}],"wp:attachment":[{"href":"https:\/\/www.pacocinillas.es\/tienda\/wp-json\/wp\/v2\/media?parent=7726"}],"wp:term":[{"taxonomy":"product_brand","embeddable":true,"href":"https:\/\/www.pacocinillas.es\/tienda\/wp-json\/wp\/v2\/product_brand?post=7726"},{"taxonomy":"product_cat","embeddable":true,"href":"https:\/\/www.pacocinillas.es\/tienda\/wp-json\/wp\/v2\/product_cat?post=7726"},{"taxonomy":"product_tag","embeddable":true,"href":"https:\/\/www.pacocinillas.es\/tienda\/wp-json\/wp\/v2\/product_tag?post=7726"}],"curies":[{"name":"wp","href":"https:\/\/api.w.org\/{rel}","templated":true}]}}