{"id":7710,"date":"2025-01-26T23:54:26","date_gmt":"2025-01-26T21:54:26","guid":{"rendered":"https:\/\/www.pacocinillas.es\/tienda\/?post_type=product&#038;p=7710"},"modified":"2025-01-27T00:15:33","modified_gmt":"2025-01-26T22:15:33","slug":"napoleon-travel-q-pro285-electrica","status":"publish","type":"product","link":"https:\/\/www.pacocinillas.es\/tienda\/producto\/napoleon-travel-q-pro285-electrica\/","title":{"rendered":"NAPOLEON TRAVEL Q PRO285 EL\u00c9CTRICA"},"content":{"rendered":"<div class=\"wpb-content-wrapper\"><p>[vc_row][vc_column][vc_column_text css=\u00bb\u00bb]La barbacoa Travel Q PRO285 es un barbacoa port\u00e1til de la marca Napoleon.<\/p>\n<p>Muy pr\u00e1ctica y con acabados de primera calidad. Podr\u00e1 tener un gran barbacoa en cualquier momento y en cualquier lugar, ya que es muy f\u00e1cil de transportar y almacenar gracias a sus asas laterales.<\/p>\n<p>Viene provista con dos quemadores independientes de acero inoxidable, que le permitir\u00e1 hacer cocciones directas e indirectas para unos resultados deliciosos.<\/p>\n<p>Adem\u00e1s, cuenta con term\u00f3metro ACCU PROBE integrado en la tapa.<\/p>\n<p>La parrilla de la barbacoa de hierro colado con revestimiento de porcelana tiene la caracter\u00edstica forma ic\u00f3nica WAVE de Napole\u00f3n, para que la difusi\u00f3n de calor sea lo m\u00e1s \u00f3ptima posible. La tapa de acero fundido permite conservar muy bien la temperatura, mientras que su dise\u00f1o alto permite asar trozos m\u00e1s grandes de carne.<\/p>\n<p>[\/vc_column_text][\/vc_column][\/vc_row][vc_row][vc_column][vc_column_text css=\u00bb\u00bb]<\/p>\n<section class=\"elementor-section elementor-top-section elementor-element elementor-element-798ea36 elementor-reverse-mobile elementor-section-boxed elementor-section-height-default elementor-section-height-default\" data-id=\"798ea36\" data-element_type=\"section\">\n<div class=\"elementor-container elementor-column-gap-default\">\n<div class=\"elementor-column elementor-col-50 elementor-top-column elementor-element elementor-element-c4d7509\" data-id=\"c4d7509\" data-element_type=\"column\" data-settings=\"{&quot;background_background&quot;:&quot;classic&quot;}\">\n<div class=\"elementor-widget-wrap elementor-element-populated\">\n<div class=\"elementor-element elementor-element-60d212f elementor-widget elementor-widget-heading is-mac\" data-id=\"60d212f\" data-element_type=\"widget\" data-widget_type=\"heading.default\">\n<div class=\"elementor-widget-container\"><\/div>\n<\/div>\n<\/div>\n<\/div>\n<\/div>\n<\/section>\n<section class=\"elementor-section elementor-top-section elementor-element elementor-element-732f81a elementor-section-boxed elementor-section-height-default elementor-section-height-default\" data-id=\"732f81a\" data-element_type=\"section\">\n<div class=\"elementor-container elementor-column-gap-default\">\n<div class=\"elementor-column elementor-col-50 elementor-top-column elementor-element elementor-element-6641861\" data-id=\"6641861\" data-element_type=\"column\" data-settings=\"{&quot;background_background&quot;:&quot;classic&quot;}\">\n<div class=\"elementor-widget-wrap elementor-element-populated\">\n<div class=\"elementor-element elementor-element-e11e6dc elementor-widget elementor-widget-text-editor is-mac\" data-id=\"e11e6dc\" data-element_type=\"widget\" data-widget_type=\"text-editor.default\">\n<div class=\"elementor-widget-container\"><\/div>\n<\/div>\n<\/div>\n<\/div>\n<\/div>\n<\/section>\n<section class=\"elementor-section elementor-top-section elementor-element elementor-element-6834cbe7 elementor-section-boxed elementor-section-height-default elementor-section-height-default\" data-id=\"6834cbe7\" data-element_type=\"section\">\n<div class=\"elementor-container elementor-column-gap-default\">\n<div class=\"elementor-column elementor-col-50 elementor-top-column elementor-element elementor-element-7ff5f74\" data-id=\"7ff5f74\" data-element_type=\"column\" data-settings=\"{&quot;background_background&quot;:&quot;classic&quot;}\">\n<div class=\"elementor-widget-wrap elementor-element-populated\">\n<div class=\"elementor-element elementor-element-20f3b83 elementor-widget elementor-widget-heading is-mac\" data-id=\"20f3b83\" data-element_type=\"widget\" data-widget_type=\"heading.default\">\n<div class=\"elementor-widget-container\">\n<div class=\"elementor-heading-title elementor-size-default\"><strong><img loading=\"lazy\" decoding=\"async\" class=\"alignleft size-full wp-image-7711\" src=\"https:\/\/www.pacocinillas.es\/tienda\/wp-content\/uploads\/2025\/01\/WebGallery_Dimensional_PRO285E_metric.jpg\" alt=\"\" width=\"1000\" height=\"1000\" srcset=\"https:\/\/www.pacocinillas.es\/tienda\/wp-content\/uploads\/2025\/01\/WebGallery_Dimensional_PRO285E_metric.jpg 1000w, https:\/\/www.pacocinillas.es\/tienda\/wp-content\/uploads\/2025\/01\/WebGallery_Dimensional_PRO285E_metric-300x300.jpg 300w, https:\/\/www.pacocinillas.es\/tienda\/wp-content\/uploads\/2025\/01\/WebGallery_Dimensional_PRO285E_metric-150x150.jpg 150w, https:\/\/www.pacocinillas.es\/tienda\/wp-content\/uploads\/2025\/01\/WebGallery_Dimensional_PRO285E_metric-768x768.jpg 768w, https:\/\/www.pacocinillas.es\/tienda\/wp-content\/uploads\/2025\/01\/WebGallery_Dimensional_PRO285E_metric-600x600.jpg 600w, https:\/\/www.pacocinillas.es\/tienda\/wp-content\/uploads\/2025\/01\/WebGallery_Dimensional_PRO285E_metric-100x100.jpg 100w\" sizes=\"auto, (max-width: 1000px) 100vw, 1000px\" \/><\/strong><\/div>\n<div><\/div>\n<div><\/div>\n<div><\/div>\n<div><\/div>\n<div><\/div>\n<div><\/div>\n<div><\/div>\n<div><\/div>\n<div><\/div>\n<div><\/div>\n<div><\/div>\n<div><\/div>\n<div><\/div>\n<div><\/div>\n<div><\/div>\n<div><\/div>\n<div><\/div>\n<div><\/div>\n<div><\/div>\n<div><\/div>\n<div><\/div>\n<div><\/div>\n<div><\/div>\n<div><\/div>\n<div><\/div>\n<div><\/div>\n<div><\/div>\n<div><\/div>\n<div><\/div>\n<div><\/div>\n<div><\/div>\n<div><\/div>\n<div><\/div>\n<div><\/div>\n<div><\/div>\n<div><\/div>\n<div><\/div>\n<div><\/div>\n<div><\/div>\n<div><\/div>\n<div><\/div>\n<div><\/div>\n<div><\/div>\n<div class=\"elementor-heading-title elementor-size-default\"><strong>Rejillas de cocci\u00f3n wave de hierro colado<\/strong><\/div>\n<\/div>\n<\/div>\n<div class=\"elementor-element elementor-element-26ac5dfa elementor-widget elementor-widget-text-editor is-mac\" data-id=\"26ac5dfa\" data-element_type=\"widget\" data-widget_type=\"text-editor.default\">\n<div class=\"elementor-widget-container\">\n<p>La barbacoa Travel Q 285ProX viene equipada con parrillas de cocci\u00f3n ic\u00f3nicas WAVE de hierro colado recubierto de porcelana para resistir al \u00f3xido.<br \/>\nEstas ic\u00f3nicas rejillas con ondas transfieren el calor de forma uniforme, sellan perfectamente y evitan que los alimentos m\u00e1s peque\u00f1os caigan entremedio.<\/p>\n<\/div>\n<\/div>\n<\/div>\n<\/div>\n<div class=\"elementor-column elementor-col-50 elementor-top-column elementor-element elementor-element-786163e3\" data-id=\"786163e3\" data-element_type=\"column\">\n<div class=\"elementor-widget-wrap elementor-element-populated\">\n<div class=\"elementor-element elementor-element-dc319fc elementor-widget elementor-widget-image is-mac\" data-id=\"dc319fc\" data-element_type=\"widget\" data-widget_type=\"image.default\">\n<div class=\"elementor-widget-container\"><img loading=\"lazy\" decoding=\"async\" class=\"attachment-medium_large size-medium_large entered lazyloaded\" src=\"https:\/\/barbacoasbarcelona.com\/wp-content\/uploads\/2020\/11\/barbacoa_napoleon_rogue_parrilla_hierro_fundido-768x768.jpg\" sizes=\"auto, (max-width: 768px) 100vw, 768px\" srcset=\"https:\/\/barbacoasbarcelona.com\/wp-content\/uploads\/2020\/11\/barbacoa_napoleon_rogue_parrilla_hierro_fundido-768x768.jpg 768w, https:\/\/barbacoasbarcelona.com\/wp-content\/uploads\/2020\/11\/barbacoa_napoleon_rogue_parrilla_hierro_fundido-300x300.jpg 300w, https:\/\/barbacoasbarcelona.com\/wp-content\/uploads\/2020\/11\/barbacoa_napoleon_rogue_parrilla_hierro_fundido-1024x1024.jpg 1024w, https:\/\/barbacoasbarcelona.com\/wp-content\/uploads\/2020\/11\/barbacoa_napoleon_rogue_parrilla_hierro_fundido-150x150.jpg 150w, https:\/\/barbacoasbarcelona.com\/wp-content\/uploads\/2020\/11\/barbacoa_napoleon_rogue_parrilla_hierro_fundido-700x700.jpg 700w, https:\/\/barbacoasbarcelona.com\/wp-content\/uploads\/2020\/11\/barbacoa_napoleon_rogue_parrilla_hierro_fundido-600x600.jpg 600w, https:\/\/barbacoasbarcelona.com\/wp-content\/uploads\/2020\/11\/barbacoa_napoleon_rogue_parrilla_hierro_fundido-100x100.jpg 100w, https:\/\/barbacoasbarcelona.com\/wp-content\/uploads\/2020\/11\/barbacoa_napoleon_rogue_parrilla_hierro_fundido.jpg 1200w\" alt=\"\" width=\"768\" height=\"768\" data-lazy-srcset=\"https:\/\/barbacoasbarcelona.com\/wp-content\/uploads\/2020\/11\/barbacoa_napoleon_rogue_parrilla_hierro_fundido-768x768.jpg 768w, https:\/\/barbacoasbarcelona.com\/wp-content\/uploads\/2020\/11\/barbacoa_napoleon_rogue_parrilla_hierro_fundido-300x300.jpg 300w, https:\/\/barbacoasbarcelona.com\/wp-content\/uploads\/2020\/11\/barbacoa_napoleon_rogue_parrilla_hierro_fundido-1024x1024.jpg 1024w, https:\/\/barbacoasbarcelona.com\/wp-content\/uploads\/2020\/11\/barbacoa_napoleon_rogue_parrilla_hierro_fundido-150x150.jpg 150w, https:\/\/barbacoasbarcelona.com\/wp-content\/uploads\/2020\/11\/barbacoa_napoleon_rogue_parrilla_hierro_fundido-700x700.jpg 700w, https:\/\/barbacoasbarcelona.com\/wp-content\/uploads\/2020\/11\/barbacoa_napoleon_rogue_parrilla_hierro_fundido-600x600.jpg 600w, https:\/\/barbacoasbarcelona.com\/wp-content\/uploads\/2020\/11\/barbacoa_napoleon_rogue_parrilla_hierro_fundido-100x100.jpg 100w, https:\/\/barbacoasbarcelona.com\/wp-content\/uploads\/2020\/11\/barbacoa_napoleon_rogue_parrilla_hierro_fundido.jpg 1200w\" data-lazy-sizes=\"(max-width: 768px) 100vw, 768px\" data-lazy-src=\"https:\/\/barbacoasbarcelona.com\/wp-content\/uploads\/2020\/11\/barbacoa_napoleon_rogue_parrilla_hierro_fundido-768x768.jpg\" data-ll-status=\"loaded\" \/><\/div>\n<\/div>\n<\/div>\n<\/div>\n<\/div>\n<\/section>\n<section class=\"elementor-section elementor-top-section elementor-element elementor-element-7e88d0c elementor-section-boxed elementor-section-height-default elementor-section-height-default\" data-id=\"7e88d0c\" data-element_type=\"section\">\n<div class=\"elementor-container elementor-column-gap-default\">\n<div class=\"elementor-column elementor-col-33 elementor-top-column elementor-element elementor-element-8485679\" data-id=\"8485679\" data-element_type=\"column\">\n<div class=\"elementor-widget-wrap elementor-element-populated\">\n<div class=\"elementor-element elementor-element-f01d284 elementor-widget elementor-widget-image is-mac\" data-id=\"f01d284\" data-element_type=\"widget\" data-widget_type=\"image.default\"><\/div>\n<\/div>\n<\/div>\n<div class=\"elementor-column elementor-col-33 elementor-top-column elementor-element elementor-element-4da7012\" data-id=\"4da7012\" data-element_type=\"column\" data-settings=\"{&quot;background_background&quot;:&quot;classic&quot;}\">\n<div class=\"elementor-widget-wrap elementor-element-populated\">\n<div class=\"elementor-element elementor-element-5280848 elementor-widget elementor-widget-heading is-mac\" data-id=\"5280848\" data-element_type=\"widget\" data-widget_type=\"heading.default\">\n<div class=\"elementor-widget-container\">\n<div class=\"elementor-heading-title elementor-size-default\"><strong>ASAS LATERALES PARA TRANSPORTAR<\/strong><\/div>\n<\/div>\n<\/div>\n<div class=\"elementor-element elementor-element-ea5dd7e elementor-widget elementor-widget-text-editor is-mac\" data-id=\"ea5dd7e\" data-element_type=\"widget\" data-widget_type=\"text-editor.default\">\n<div class=\"elementor-widget-container\">\n<p>Estas 2 asas laterales adjuntas a la barbacoa permiten un transporte m\u00e1s f\u00e1cil y pr\u00e1ctico.<br \/>\nLleva tus deliciosas cocciones donde quieras de la forma m\u00e1s r\u00e1pida.<\/p>\n<\/div>\n<\/div>\n<\/div>\n<\/div>\n<div class=\"elementor-column elementor-col-33 elementor-top-column elementor-element elementor-element-27fac6a\" data-id=\"27fac6a\" data-element_type=\"column\">\n<div class=\"elementor-widget-wrap elementor-element-populated\">\n<div class=\"elementor-element elementor-element-8cfafa3 elementor-widget elementor-widget-image is-mac\" data-id=\"8cfafa3\" data-element_type=\"widget\" data-widget_type=\"image.default\">\n<div class=\"elementor-widget-container\"><\/div>\n<\/div>\n<\/div>\n<\/div>\n<\/div>\n<\/section>\n<section class=\"elementor-section elementor-top-section elementor-element elementor-element-4fa267b elementor-section-boxed elementor-section-height-default elementor-section-height-default\" data-id=\"4fa267b\" data-element_type=\"section\" data-settings=\"{&quot;background_background&quot;:&quot;classic&quot;}\">\n<div class=\"elementor-container elementor-column-gap-default\">\n<div class=\"elementor-column elementor-col-100 elementor-top-column elementor-element elementor-element-2d4b62e\" data-id=\"2d4b62e\" data-element_type=\"column\">\n<div class=\"elementor-widget-wrap elementor-element-populated\">\n<div class=\"elementor-element elementor-element-113ddae elementor-widget elementor-widget-heading is-mac\" data-id=\"113ddae\" data-element_type=\"widget\" data-widget_type=\"heading.default\">\n<div class=\"elementor-widget-container\">\n<div><\/div>\n<div class=\"elementor-heading-title elementor-size-default\"><strong>Caracter\u00edsticas T\u00e9cnicas:<\/strong><\/div>\n<\/div>\n<\/div>\n<section class=\"elementor-section elementor-inner-section elementor-element elementor-element-5723e0d elementor-section-boxed elementor-section-height-default elementor-section-height-default\" data-id=\"5723e0d\" data-element_type=\"section\">\n<div class=\"elementor-container elementor-column-gap-default\">\n<div class=\"elementor-column elementor-col-50 elementor-inner-column elementor-element elementor-element-b61f87e\" data-id=\"b61f87e\" data-element_type=\"column\">\n<div class=\"elementor-widget-wrap elementor-element-populated\">\n<div class=\"elementor-element elementor-element-edc49e1 elementor-widget elementor-widget-text-editor is-mac\" data-id=\"edc49e1\" data-element_type=\"widget\" data-widget_type=\"text-editor.default\">\n<div class=\"elementor-widget-container\"><\/div>\n<\/div>\n<\/div>\n<\/div>\n<div class=\"elementor-column elementor-col-50 elementor-inner-column elementor-element elementor-element-e5633b7\" data-id=\"e5633b7\" data-element_type=\"column\">\n<div class=\"elementor-widget-wrap elementor-element-populated\">\n<div class=\"elementor-element elementor-element-9e02432 elementor-widget elementor-widget-text-editor is-mac\" data-id=\"9e02432\" data-element_type=\"widget\" data-widget_type=\"text-editor.default\">\n<div class=\"elementor-widget-container\">\n<table class=\"specification-table\">\n<tbody>\n<tr>\n<th>Garant\u00eda<\/th>\n<td>10 a\u00f1os de garant\u00eda limitada<sup>*<\/sup><\/td>\n<\/tr>\n<tr>\n<th>Combustible<\/th>\n<td>El\u00e9ctrica<\/td>\n<\/tr>\n<tr>\n<th>Producci\u00f3n de calor<\/th>\n<td>2,20 kW<\/td>\n<\/tr>\n<tr>\n<th>Superficie de cocci\u00f3n principal<\/th>\n<td>21.25 x 14.5 in (54 x 37 cm) \u00a0|\u00a0 17 hamburguesas<\/td>\n<\/tr>\n<tr>\n<th>Superficie de cocci\u00f3n total<\/th>\n<td>285 sq.in (1.840 cm\u00b2)<\/td>\n<\/tr>\n<tr>\n<th>Asador incluido<\/th>\n<td>Opcional<\/td>\n<\/tr>\n<tr>\n<th>Altura<\/th>\n<td>14,75 in (38 cm) \u00a0|\u00a0 25,25 in (68 cm) con la tapa abierta<\/td>\n<\/tr>\n<tr>\n<th>Ancho<\/th>\n<td>29 in (74 cm)<\/td>\n<\/tr>\n<tr>\n<th>Profundidad<\/th>\n<td>18,50 in (47 cm)<\/td>\n<\/tr>\n<tr>\n<th>Altura del embalaje<\/th>\n<td>17 in (43,18 cm)<\/td>\n<\/tr>\n<tr>\n<th>Ancho del embalaje<\/th>\n<td>22,50 in (57,15 cm)<\/td>\n<\/tr>\n<tr>\n<th>Profundidad del embalaje<\/th>\n<td>31,25 in (79,38 cm)<\/td>\n<\/tr>\n<tr>\n<th>Peso del embalaje<\/th>\n<td>40,75 lbs. (18,48 kg)<\/td>\n<\/tr>\n<\/tbody>\n<\/table>\n<\/div>\n<\/div>\n<\/div>\n<\/div>\n<\/div>\n<\/section>\n<\/div>\n<\/div>\n<\/div>\n<\/section>\n<section class=\"elementor-section elementor-top-section elementor-element elementor-element-6f314b7a elementor-section-boxed elementor-section-height-default elementor-section-height-default\" data-id=\"6f314b7a\" data-element_type=\"section\">\n<div class=\"elementor-container elementor-column-gap-default\">\n<div class=\"elementor-column elementor-col-50 elementor-top-column elementor-element elementor-element-6354babf\" data-id=\"6354babf\" data-element_type=\"column\">\n<div class=\"elementor-widget-wrap elementor-element-populated\">\n<div class=\"elementor-element elementor-element-15a1e570 elementor-widget elementor-widget-image is-mac\" data-id=\"15a1e570\" data-element_type=\"widget\" data-widget_type=\"image.default\">\n<div class=\"elementor-widget-container\"><img loading=\"lazy\" decoding=\"async\" class=\"attachment-medium_large entered lazyloaded\" src=\"https:\/\/barbacoasbarcelona.com\/wp-content\/uploads\/2021\/03\/10-anos-de-garantia-limitada.png\" sizes=\"auto, (max-width: 720px) 100vw, 720px\" srcset=\"https:\/\/barbacoasbarcelona.com\/wp-content\/uploads\/2021\/03\/10-anos-de-garantia-limitada.png 720w, https:\/\/barbacoasbarcelona.com\/wp-content\/uploads\/2021\/03\/10-anos-de-garantia-limitada-300x300.png 300w, https:\/\/barbacoasbarcelona.com\/wp-content\/uploads\/2021\/03\/10-anos-de-garantia-limitada-150x150.png 150w, https:\/\/barbacoasbarcelona.com\/wp-content\/uploads\/2021\/03\/10-anos-de-garantia-limitada-700x700.png 700w, https:\/\/barbacoasbarcelona.com\/wp-content\/uploads\/2021\/03\/10-anos-de-garantia-limitada-600x600.png 600w, https:\/\/barbacoasbarcelona.com\/wp-content\/uploads\/2021\/03\/10-anos-de-garantia-limitada-100x100.png 100w\" alt=\"\" width=\"265\" height=\"265\" data-lazy-srcset=\"https:\/\/barbacoasbarcelona.com\/wp-content\/uploads\/2021\/03\/10-anos-de-garantia-limitada.png 720w, https:\/\/barbacoasbarcelona.com\/wp-content\/uploads\/2021\/03\/10-anos-de-garantia-limitada-300x300.png 300w, https:\/\/barbacoasbarcelona.com\/wp-content\/uploads\/2021\/03\/10-anos-de-garantia-limitada-150x150.png 150w, https:\/\/barbacoasbarcelona.com\/wp-content\/uploads\/2021\/03\/10-anos-de-garantia-limitada-700x700.png 700w, https:\/\/barbacoasbarcelona.com\/wp-content\/uploads\/2021\/03\/10-anos-de-garantia-limitada-600x600.png 600w, https:\/\/barbacoasbarcelona.com\/wp-content\/uploads\/2021\/03\/10-anos-de-garantia-limitada-100x100.png 100w\" data-lazy-sizes=\"(max-width: 720px) 100vw, 720px\" data-lazy-src=\"https:\/\/barbacoasbarcelona.com\/wp-content\/uploads\/2021\/03\/10-anos-de-garantia-limitada.png\" data-ll-status=\"loaded\" \/><\/div>\n<\/div>\n<\/div>\n<\/div>\n<div class=\"elementor-column elementor-col-50 elementor-top-column elementor-element elementor-element-56ae37ad\" data-id=\"56ae37ad\" data-element_type=\"column\">\n<div class=\"elementor-widget-wrap elementor-element-populated\">\n<div class=\"elementor-element elementor-element-3b5b8cb8 elementor-widget elementor-widget-heading is-mac\" data-id=\"3b5b8cb8\" data-element_type=\"widget\" data-widget_type=\"heading.default\">\n<div class=\"elementor-widget-container\">\n<div class=\"elementor-heading-title elementor-size-default\">Garant\u00eda<\/div>\n<\/div>\n<\/div>\n<div class=\"elementor-element elementor-element-7e102f00 elementor-widget elementor-widget-text-editor is-mac\" data-id=\"7e102f00\" data-element_type=\"widget\" data-widget_type=\"text-editor.default\">\n<div class=\"elementor-widget-container\">\n<p><em>*La garant\u00eda no se aplica al desgaste normal de la barbacoa.\u00a0<\/em><br \/>\nLos productos Napoleon est\u00e1n dise\u00f1ados con componente y materiales superiores. Napoleon garantiza que los componentes estar\u00e1n libres de defectos de materiales y mano de obra a partir de la fecha de compra, durante el siguiente per\u00edodo:<br \/>\nPiezas de aluminio fundido: 10a\u00f1os<br \/>\nRejillas de hierro fundido esmaltadas: 5 a\u00f1os*<br \/>\nTapa: 5 a\u00f1os*<br \/>\nQuemadores: 5 a\u00f1os*<br \/>\nDem\u00e1s partes: 2 a\u00f1os*<\/p>\n<\/div>\n<\/div>\n<\/div>\n<\/div>\n<\/div>\n<\/section>\n<p>[\/vc_column_text][\/vc_column][\/vc_row][vc_row][vc_column][vc_video link=\u00bbhttps:\/\/www.youtube.com\/watch?v=so6dYsAf7hU\u00bb css=\u00bb\u00bb][\/vc_column][\/vc_row]<\/p>\n<\/div>","protected":false},"excerpt":{"rendered":"<p>Lleva el sabor premium a cualquier lugar con la barbacoa<strong> el\u00e9ctrica<\/strong> port\u00e1til <strong>Napole\u00f3n Travel Q PRO285<\/strong>: compacta, elegante y con potencia profesional para asados perfectos.<\/p>\n<p>&nbsp;<\/p>\n","protected":false},"featured_media":7713,"comment_status":"closed","ping_status":"closed","template":"","meta":[],"product_brand":[],"product_cat":[118],"product_tag":[],"class_list":{"0":"post-7710","1":"product","2":"type-product","3":"status-publish","4":"has-post-thumbnail","6":"product_cat-napoleon","8":"first","9":"instock","10":"taxable","11":"shipping-taxable","12":"purchasable","13":"product-type-simple"},"_links":{"self":[{"href":"https:\/\/www.pacocinillas.es\/tienda\/wp-json\/wp\/v2\/product\/7710","targetHints":{"allow":["GET"]}}],"collection":[{"href":"https:\/\/www.pacocinillas.es\/tienda\/wp-json\/wp\/v2\/product"}],"about":[{"href":"https:\/\/www.pacocinillas.es\/tienda\/wp-json\/wp\/v2\/types\/product"}],"replies":[{"embeddable":true,"href":"https:\/\/www.pacocinillas.es\/tienda\/wp-json\/wp\/v2\/comments?post=7710"}],"wp:featuredmedia":[{"embeddable":true,"href":"https:\/\/www.pacocinillas.es\/tienda\/wp-json\/wp\/v2\/media\/7713"}],"wp:attachment":[{"href":"https:\/\/www.pacocinillas.es\/tienda\/wp-json\/wp\/v2\/media?parent=7710"}],"wp:term":[{"taxonomy":"product_brand","embeddable":true,"href":"https:\/\/www.pacocinillas.es\/tienda\/wp-json\/wp\/v2\/product_brand?post=7710"},{"taxonomy":"product_cat","embeddable":true,"href":"https:\/\/www.pacocinillas.es\/tienda\/wp-json\/wp\/v2\/product_cat?post=7710"},{"taxonomy":"product_tag","embeddable":true,"href":"https:\/\/www.pacocinillas.es\/tienda\/wp-json\/wp\/v2\/product_tag?post=7710"}],"curies":[{"name":"wp","href":"https:\/\/api.w.org\/{rel}","templated":true}]}}