{"id":7375,"date":"2024-07-19T23:20:48","date_gmt":"2024-07-19T21:20:48","guid":{"rendered":"https:\/\/www.pacocinillas.es\/tienda\/?post_type=product&#038;p=7375"},"modified":"2025-07-16T23:47:12","modified_gmt":"2025-07-16T21:47:12","slug":"meaterpro","status":"publish","type":"product","link":"https:\/\/www.pacocinillas.es\/tienda\/producto\/meaterpro\/","title":{"rendered":"Meater Pro"},"content":{"rendered":"<div class=\"wpb-content-wrapper\"><p>[vc_row][vc_column][vc_video link=\u00bbhttps:\/\/www.youtube.com\/watch?v=vKkaWy87WGE&amp;t\u00bb css=\u00bb\u00bb][\/vc_column][\/vc_row][vc_row][vc_column][vc_column_text css=\u00bb\u00bb]<strong>&#8211; SONDA DE TEMPERATURA:<\/strong><\/p>\n<p>Construcci\u00f3n de acero inoxidable<\/p>\n<p>Banda de cer\u00e1mica de circonita.<\/p>\n<p>Carga r\u00e1pida: carga de 5 minutos para una cocci\u00f3n de 2 horas. \u00a1M\u00e1s de 24 horas de cocci\u00f3n con 30 minutos de carga!<\/p>\n<p>5 sensores internos y 1 sensor ambiental<\/p>\n<p>Temperatura interna m\u00e1xima. l\u00edmite: 105\u00b0C<\/p>\n<p>Temperatura ambiente m\u00e1xima. l\u00edmite: 550\u00b0C<\/p>\n<p>Preciso: \u00b10,3\u00b0C<\/p>\n<p>Bluetooth 5.2 PHY codificado de largo alcance<\/p>\n<p>Dimensiones: 130 mm x 7 mm (Di\u00e1metro: 5 mm)<\/p>\n<p>Dise\u00f1o elegante y delgado, resistente al agua, f\u00e1cil de limpiar<\/p>\n<p>&nbsp;<\/p>\n<p><strong>&#8211; CARGADOR:<\/strong><\/p>\n<p>Almacena y carga tu sonda Meater 2 PLUS<\/p>\n<p>Bluetooth 5.2 PHY codificado de largo alcance<\/p>\n<p>Dise\u00f1o energ\u00e9ticamente eficiente: 1 pila AAA (incluida) utilizable durante 2 a\u00f1os*\u00a0 \u00a0(*uso promedio: un filete\/semana)<\/p>\n<p>Carga r\u00e1pida: carga de 5 minutos para una cocci\u00f3n de 2 horas. \u00a1M\u00e1s de 24 horas de cocci\u00f3n con 30 minutos de carga!<\/p>\n<p>Construcci\u00f3n de bamb\u00fa natural y sostenible.<\/p>\n<p>Imanes unidos a la parte posterior para adherirse a superficies met\u00e1licas como la barbacoa o la nevera. Con un pie de goma exclusivo para evitar resbalones y deslizamientos.<\/p>\n<p>Est\u00e9tica del dise\u00f1o moderno.<\/p>\n<p>Dimensiones: 157 mm x 37 mm x 28 mm<\/p>\n<p>&nbsp;<\/p>\n<p><strong>Requisitos de la aplicaci\u00f3n:<\/strong><\/p>\n<p>iOS, versi\u00f3n 14 y posteriores<\/p>\n<p>Android, versi\u00f3n 8.0 y posteriores<\/p>\n<p>&nbsp;<\/p>\n<p><strong>Especificaciones de rango:<\/strong><\/p>\n<p>Alcance t\u00edpico 75 m. Al aire libre, l\u00ednea de visi\u00f3n directa. Sin interferencias de radiofrecuencia.<\/p>\n<p>Usando WiFi MEATER Link y Cloud: ALCANCE INFINITO (debe tener un tel\u00e9fono\/tableta adicional con conectividad a Internet)<\/p>\n<p>&#8211;\u00a0MEATER Link:\u00a0 puedes extender\u00a0el alcance de tu term\u00f3metro MEATER sobre el alcance de la se\u00f1al WiFi de tu casa\u00a0gracias al repetidor de se\u00f1al que est\u00e1 instalado en el estuche de madera.<br \/>\n&#8211;\u00a0MEATER Cloud:\u00a0puedes controlar el proceso de cocci\u00f3n en tu dispositivo m\u00f3vil en cualquier lugar fuera de casa donde tengas conexi\u00f3n a Internet (mientras paseas al perro, sales a comprar, a correr, etc.)[\/vc_column_text][\/vc_column][\/vc_row]<\/p>\n<\/div>","protected":false},"excerpt":{"rendered":"<p><strong>Term\u00f3metro Inal\u00e1mbrico MEATER 2 Plus<\/strong>.<\/p>\n<p>MEATER 2 Plus es el\u00a0<strong>term\u00f3metro inal\u00e1mbrico<\/strong>\u00a0inteligente para carne\u00a0<strong>con Bluetooth y WiFi\u00a0<\/strong>completamente inal\u00e1mbrico.\u00a0Es una herramienta\u00a0<strong>vers\u00e1til<\/strong>\u00a0que se puede usar tanto para cocinar en barbacoas, ahumadores, kamados, hornos o incluso en la plancha, freidora o la sart\u00e9n en la cocina de tu casa midiendo la temperatura interna de la carne.<\/p>\n<p><strong>\u00a0<\/strong><\/p>\n","protected":false},"featured_media":7376,"comment_status":"closed","ping_status":"closed","template":"","meta":[],"product_brand":[],"product_cat":[72,109],"product_tag":[],"class_list":{"0":"post-7375","1":"product","2":"type-product","3":"status-publish","4":"has-post-thumbnail","6":"product_cat-accesorios","7":"product_cat-meater","9":"first","10":"instock","11":"taxable","12":"shipping-taxable","13":"purchasable","14":"product-type-simple"},"_links":{"self":[{"href":"https:\/\/www.pacocinillas.es\/tienda\/wp-json\/wp\/v2\/product\/7375","targetHints":{"allow":["GET"]}}],"collection":[{"href":"https:\/\/www.pacocinillas.es\/tienda\/wp-json\/wp\/v2\/product"}],"about":[{"href":"https:\/\/www.pacocinillas.es\/tienda\/wp-json\/wp\/v2\/types\/product"}],"replies":[{"embeddable":true,"href":"https:\/\/www.pacocinillas.es\/tienda\/wp-json\/wp\/v2\/comments?post=7375"}],"wp:featuredmedia":[{"embeddable":true,"href":"https:\/\/www.pacocinillas.es\/tienda\/wp-json\/wp\/v2\/media\/7376"}],"wp:attachment":[{"href":"https:\/\/www.pacocinillas.es\/tienda\/wp-json\/wp\/v2\/media?parent=7375"}],"wp:term":[{"taxonomy":"product_brand","embeddable":true,"href":"https:\/\/www.pacocinillas.es\/tienda\/wp-json\/wp\/v2\/product_brand?post=7375"},{"taxonomy":"product_cat","embeddable":true,"href":"https:\/\/www.pacocinillas.es\/tienda\/wp-json\/wp\/v2\/product_cat?post=7375"},{"taxonomy":"product_tag","embeddable":true,"href":"https:\/\/www.pacocinillas.es\/tienda\/wp-json\/wp\/v2\/product_tag?post=7375"}],"curies":[{"name":"wp","href":"https:\/\/api.w.org\/{rel}","templated":true}]}}