{"id":7329,"date":"2024-06-20T00:08:18","date_gmt":"2024-06-19T22:08:18","guid":{"rendered":"https:\/\/www.pacocinillas.es\/tienda\/?post_type=product&#038;p=7329"},"modified":"2024-11-04T11:32:34","modified_gmt":"2024-11-04T09:32:34","slug":"traeger-ironwood","status":"publish","type":"product","link":"https:\/\/www.pacocinillas.es\/tienda\/producto\/traeger-ironwood\/","title":{"rendered":"TRAEGER IRONWOOD INT"},"content":{"rendered":"<p>Cocinar con le\u00f1a para obtener un sabor excepcional es muy sencillo. Experimenta la evoluci\u00f3n del sabor ahumado con la nueva barbacoa Traeger Ironwood XL Int\u00ae. Descubrir\u00e1s una consistencia superior en tus cocciones, un sabor a le\u00f1a incomparable y opciones de personalizaci\u00f3n innovadoras que te permitir\u00e1n crear la barbacoa perfecta para tu estilo culinario. La nueva barbacoa de pellets Traeger Ironwood XL Int\u00ae est\u00e1 equipada con la tecnolog\u00eda WiFIRE\u00ae, que te permite ajustar la temperatura de la barbacoa, monitorear la temperatura de la carne y acceder a cientos de recetas con sabor a le\u00f1a, todo desde tu tel\u00e9fono.<\/p>\n<ul>\n<li style=\"font-weight: 400;\"><b><strong>&#8211;\u00a0<\/strong><\/b>WiFIRE\u00ae<\/li>\n<li style=\"font-weight: 400;\">&#8211; 2 sondas para carne con cable<\/li>\n<li style=\"font-weight: 400;\">&#8211; Compatible con Sonda MEATER Bluetooth<\/li>\n<li style=\"font-weight: 400;\">&#8211; Luz interior de asado<\/li>\n<li style=\"font-weight: 400;\">&#8211; Estante lateral para accesorios<\/li>\n<li style=\"font-weight: 400;\">&#8211; Salida de aire descendente<\/li>\n<li style=\"font-weight: 400;\">&#8211; Rejillas esmaltadas en porcelana<\/li>\n<li style=\"font-weight: 400;\">&#8211; Aislamiento total<\/li>\n<li style=\"font-weight: 400;\">&#8211; Sensor de pellets<\/li>\n<li style=\"font-weight: 400;\">&#8211; Estante inferior<\/li>\n<li style=\"font-weight: 400;\">&#8211; Pantalla TFT a todo color<\/li>\n<li style=\"font-weight: 400;\">&#8211; Temperatura m\u00e1xima: 260 \u00baC<\/li>\n<li style=\"font-weight: 400;\">&#8211; Capacidad Tolva: 10 Kg<\/li>\n<\/ul>\n<p style=\"font-weight: 400;\"><strong>Medidas:<\/strong><\/p>\n<p style=\"font-weight: 400;\">&#8211; 150 x 64 x 122 cm<br \/>\n&#8211; Peso: 90 Kg<br \/>\n&#8211; Espacio de cocci\u00f3n &#8211; Rack #1: 2554 cm2<br \/>\n&#8211; Espacio de cocci\u00f3n &#8211; Rack #2: 1420 cm2<\/p>\n","protected":false},"excerpt":{"rendered":"<p>Espectacular Barbacoa de Pellets TRAEGER Ironwood<\/p>\n","protected":false},"featured_media":7330,"comment_status":"closed","ping_status":"closed","template":"","meta":[],"product_brand":[],"product_cat":[133],"product_tag":[],"class_list":{"0":"post-7329","1":"product","2":"type-product","3":"status-publish","4":"has-post-thumbnail","6":"product_cat-traeger","8":"first","9":"instock","10":"taxable","11":"shipping-taxable","12":"purchasable","13":"product-type-simple"},"_links":{"self":[{"href":"https:\/\/www.pacocinillas.es\/tienda\/wp-json\/wp\/v2\/product\/7329","targetHints":{"allow":["GET"]}}],"collection":[{"href":"https:\/\/www.pacocinillas.es\/tienda\/wp-json\/wp\/v2\/product"}],"about":[{"href":"https:\/\/www.pacocinillas.es\/tienda\/wp-json\/wp\/v2\/types\/product"}],"replies":[{"embeddable":true,"href":"https:\/\/www.pacocinillas.es\/tienda\/wp-json\/wp\/v2\/comments?post=7329"}],"wp:featuredmedia":[{"embeddable":true,"href":"https:\/\/www.pacocinillas.es\/tienda\/wp-json\/wp\/v2\/media\/7330"}],"wp:attachment":[{"href":"https:\/\/www.pacocinillas.es\/tienda\/wp-json\/wp\/v2\/media?parent=7329"}],"wp:term":[{"taxonomy":"product_brand","embeddable":true,"href":"https:\/\/www.pacocinillas.es\/tienda\/wp-json\/wp\/v2\/product_brand?post=7329"},{"taxonomy":"product_cat","embeddable":true,"href":"https:\/\/www.pacocinillas.es\/tienda\/wp-json\/wp\/v2\/product_cat?post=7329"},{"taxonomy":"product_tag","embeddable":true,"href":"https:\/\/www.pacocinillas.es\/tienda\/wp-json\/wp\/v2\/product_tag?post=7329"}],"curies":[{"name":"wp","href":"https:\/\/api.w.org\/{rel}","templated":true}]}}