{"id":7277,"date":"2021-05-24T00:11:44","date_gmt":"2021-05-23T22:11:44","guid":{"rendered":"https:\/\/www.pacocinillas.es\/tienda\/?post_type=product&#038;p=7277"},"modified":"2026-01-06T13:34:25","modified_gmt":"2026-01-06T11:34:25","slug":"piedra-pizza-premium-napoleon","status":"publish","type":"product","link":"https:\/\/www.pacocinillas.es\/tienda\/producto\/piedra-pizza-premium-napoleon\/","title":{"rendered":"NAPOLE\u00d3N PIEDRA PARA PIZZA PR\u00c9MIUM"},"content":{"rendered":"<div class=\"wpb-content-wrapper\"><p>[vc_row][vc_column][vc_column_text]La piedra para pizza pr\u00e9mium de Napoleon es perfecta para la parrilla y tambi\u00e9n para el horno. La piedra porosa quita la humedad de la corteza de pizzas, productos de pasteler\u00eda y panes, lo que da como resultado una corteza liviana y crocante. La piedra es un conductor natural de calor y lo distribuye de forma pareja.[\/vc_column_text][\/vc_column][\/vc_row][vc_row][vc_column][\/vc_column][\/vc_row]<\/p>\n<\/div>","protected":false},"excerpt":{"rendered":"<ul>\n<li class=\"field__item\">\n<div class=\"field__item\">38 cm. de diametro<\/div>\n<div class=\"field__item\">La superficie porosa quita la humedad de la corteza de la pizza, lo que hace que obtenga una corteza crocante y liviana.<\/div>\n<div class=\"field__item\">Ideal para pizzas, panes y galletas<\/div>\n<div class=\"field__item\">Solo se puede lavar a mano<\/div>\n<\/li>\n<\/ul>\n","protected":false},"featured_media":7278,"comment_status":"closed","ping_status":"closed","template":"","meta":[],"product_brand":[],"product_cat":[72,160,118],"product_tag":[],"class_list":{"0":"post-7277","1":"product","2":"type-product","3":"status-publish","4":"has-post-thumbnail","6":"product_cat-accesorios","7":"product_cat-accesoriosnapoleon","8":"product_cat-napoleon","10":"first","11":"instock","12":"taxable","13":"shipping-taxable","14":"purchasable","15":"product-type-simple"},"_links":{"self":[{"href":"https:\/\/www.pacocinillas.es\/tienda\/wp-json\/wp\/v2\/product\/7277","targetHints":{"allow":["GET"]}}],"collection":[{"href":"https:\/\/www.pacocinillas.es\/tienda\/wp-json\/wp\/v2\/product"}],"about":[{"href":"https:\/\/www.pacocinillas.es\/tienda\/wp-json\/wp\/v2\/types\/product"}],"replies":[{"embeddable":true,"href":"https:\/\/www.pacocinillas.es\/tienda\/wp-json\/wp\/v2\/comments?post=7277"}],"wp:featuredmedia":[{"embeddable":true,"href":"https:\/\/www.pacocinillas.es\/tienda\/wp-json\/wp\/v2\/media\/7278"}],"wp:attachment":[{"href":"https:\/\/www.pacocinillas.es\/tienda\/wp-json\/wp\/v2\/media?parent=7277"}],"wp:term":[{"taxonomy":"product_brand","embeddable":true,"href":"https:\/\/www.pacocinillas.es\/tienda\/wp-json\/wp\/v2\/product_brand?post=7277"},{"taxonomy":"product_cat","embeddable":true,"href":"https:\/\/www.pacocinillas.es\/tienda\/wp-json\/wp\/v2\/product_cat?post=7277"},{"taxonomy":"product_tag","embeddable":true,"href":"https:\/\/www.pacocinillas.es\/tienda\/wp-json\/wp\/v2\/product_tag?post=7277"}],"curies":[{"name":"wp","href":"https:\/\/api.w.org\/{rel}","templated":true}]}}