{"id":7178,"date":"2017-03-27T19:51:39","date_gmt":"2017-03-27T17:51:39","guid":{"rendered":"https:\/\/www.pacocinillas.es\/tienda\/?post_type=product&#038;p=7178"},"modified":"2026-01-03T11:25:08","modified_gmt":"2026-01-03T09:25:08","slug":"monolith-elevador-de-parrillas","status":"publish","type":"product","link":"https:\/\/www.pacocinillas.es\/tienda\/producto\/monolith-elevador-de-parrillas\/","title":{"rendered":"MONOLITH Elevador de parrillas"},"content":{"rendered":"","protected":false},"excerpt":{"rendered":"<p>Si necesitas ajustar la configuraci\u00f3n de tu barbacoa kamado Monolith de forma r\u00e1pida y segura durante su uso, este elevador con mango de bamb\u00fa se convierte en una herramienta imprescindible. Con su ayuda, puedes levantar y mover f\u00e1cilmente las parrillas de tu kamado Monolith, incluso cuando est\u00e1n calientes.<\/p>\n","protected":false},"featured_media":7179,"comment_status":"closed","ping_status":"closed","template":"","meta":[],"product_brand":[],"product_cat":[72,155,74],"product_tag":[],"class_list":{"0":"post-7178","1":"product","2":"type-product","3":"status-publish","4":"has-post-thumbnail","6":"product_cat-accesorios","7":"product_cat-accesoriosmonolith","8":"product_cat-monolith","10":"first","11":"instock","12":"taxable","13":"shipping-taxable","14":"purchasable","15":"product-type-simple"},"_links":{"self":[{"href":"https:\/\/www.pacocinillas.es\/tienda\/wp-json\/wp\/v2\/product\/7178","targetHints":{"allow":["GET"]}}],"collection":[{"href":"https:\/\/www.pacocinillas.es\/tienda\/wp-json\/wp\/v2\/product"}],"about":[{"href":"https:\/\/www.pacocinillas.es\/tienda\/wp-json\/wp\/v2\/types\/product"}],"replies":[{"embeddable":true,"href":"https:\/\/www.pacocinillas.es\/tienda\/wp-json\/wp\/v2\/comments?post=7178"}],"wp:featuredmedia":[{"embeddable":true,"href":"https:\/\/www.pacocinillas.es\/tienda\/wp-json\/wp\/v2\/media\/7179"}],"wp:attachment":[{"href":"https:\/\/www.pacocinillas.es\/tienda\/wp-json\/wp\/v2\/media?parent=7178"}],"wp:term":[{"taxonomy":"product_brand","embeddable":true,"href":"https:\/\/www.pacocinillas.es\/tienda\/wp-json\/wp\/v2\/product_brand?post=7178"},{"taxonomy":"product_cat","embeddable":true,"href":"https:\/\/www.pacocinillas.es\/tienda\/wp-json\/wp\/v2\/product_cat?post=7178"},{"taxonomy":"product_tag","embeddable":true,"href":"https:\/\/www.pacocinillas.es\/tienda\/wp-json\/wp\/v2\/product_tag?post=7178"}],"curies":[{"name":"wp","href":"https:\/\/api.w.org\/{rel}","templated":true}]}}