{"id":7147,"date":"2024-03-11T01:11:43","date_gmt":"2024-03-10T23:11:43","guid":{"rendered":"https:\/\/www.pacocinillas.es\/tienda\/?post_type=product&#038;p=7147"},"modified":"2026-01-06T13:40:31","modified_gmt":"2026-01-06T11:40:31","slug":"cookbok-pack-3","status":"publish","type":"product","link":"https:\/\/www.pacocinillas.es\/tienda\/producto\/cookbok-pack-3\/","title":{"rendered":"PACOCINILLAS COOKBOOK &#8211; Pack 3 ejemplares"},"content":{"rendered":"<div class=\"wpb-content-wrapper\"><p>[vc_row][vc_column][vc_column_text]\u00a1Descubre un mundo de sabores exclusivos con nuestro recetario CookBook dedicado a las recetas gourmet para tu Kamado! Sum\u00e9rgete en un universo culinario donde cada plato es una obra maestra, creada espec\u00edficamente para aprovechar al m\u00e1ximo las capacidades de tu Kamado.<\/p>\n<p>Con una cuidadosa selecci\u00f3n de recetas exclusivas, cada n\u00famero de nuestra revista te ofrecer\u00e1 inspiraci\u00f3n y t\u00e9cnicas innovadoras para sacar el m\u00e1ximo provecho de tu Kamado.\u00a0 Ya seas un principiante entusiasta o un experto culinario experimentado, CookBook te acompa\u00f1ar\u00e1 en cada paso del camino hacia la creaci\u00f3n de platos extraordinarios en tu Kamado.[\/vc_column_text][\/vc_column][\/vc_row][vc_row][vc_column width=\u00bb1\/4&#8243;][vc_single_image image=\u00bb6571&#8243; img_size=\u00bbmedium\u00bb alignment=\u00bbcenter\u00bb][\/vc_column][vc_column width=\u00bb1\/4&#8243;][vc_single_image image=\u00bb7170&#8243; img_size=\u00bbmedium\u00bb alignment=\u00bbcenter\u00bb][\/vc_column][vc_column width=\u00bb1\/4&#8243;][vc_single_image image=\u00bb7169&#8243; img_size=\u00bbmedium\u00bb alignment=\u00bbcenter\u00bb][\/vc_column][vc_column width=\u00bb1\/4&#8243;][vc_single_image image=\u00bb7171&#8243; img_size=\u00bbmedium\u00bb alignment=\u00bbcenter\u00bb][\/vc_column][\/vc_row][vc_row][vc_column][vc_single_image image=\u00bb7168&#8243; img_size=\u00bbfull\u00bb alignment=\u00bbcenter\u00bb][vc_single_image image=\u00bb7166&#8243; img_size=\u00bbfull\u00bb alignment=\u00bbcenter\u00bb][\/vc_column][\/vc_row]<\/p>\n<\/div>","protected":false},"excerpt":{"rendered":"<p>Descubre la revista de las Grill Experiencies de Pacocinillas con las recetas de cada encuentro.<\/p>\n<p>Pack de 3 recetarios COOKBOOK incluye:<\/p>\n<p>N\u00ba 1 FISH EXPERIENCE<br \/>\nN\u00ba 2 ARROZ EXPERIENCE<br \/>\nN\u00ba 3 BEER &amp; KAMADO EXPERIENCE<\/p>\n<p><strong>Env\u00edo gratuito<\/strong><\/p>\n","protected":false},"featured_media":7167,"comment_status":"closed","ping_status":"closed","template":"","meta":[],"product_brand":[],"product_cat":[73],"product_tag":[],"class_list":{"0":"post-7147","1":"product","2":"type-product","3":"status-publish","4":"has-post-thumbnail","6":"product_cat-pacocinillas","8":"first","9":"instock","10":"sale","11":"taxable","12":"shipping-taxable","13":"purchasable","14":"product-type-simple"},"_links":{"self":[{"href":"https:\/\/www.pacocinillas.es\/tienda\/wp-json\/wp\/v2\/product\/7147","targetHints":{"allow":["GET"]}}],"collection":[{"href":"https:\/\/www.pacocinillas.es\/tienda\/wp-json\/wp\/v2\/product"}],"about":[{"href":"https:\/\/www.pacocinillas.es\/tienda\/wp-json\/wp\/v2\/types\/product"}],"replies":[{"embeddable":true,"href":"https:\/\/www.pacocinillas.es\/tienda\/wp-json\/wp\/v2\/comments?post=7147"}],"wp:featuredmedia":[{"embeddable":true,"href":"https:\/\/www.pacocinillas.es\/tienda\/wp-json\/wp\/v2\/media\/7167"}],"wp:attachment":[{"href":"https:\/\/www.pacocinillas.es\/tienda\/wp-json\/wp\/v2\/media?parent=7147"}],"wp:term":[{"taxonomy":"product_brand","embeddable":true,"href":"https:\/\/www.pacocinillas.es\/tienda\/wp-json\/wp\/v2\/product_brand?post=7147"},{"taxonomy":"product_cat","embeddable":true,"href":"https:\/\/www.pacocinillas.es\/tienda\/wp-json\/wp\/v2\/product_cat?post=7147"},{"taxonomy":"product_tag","embeddable":true,"href":"https:\/\/www.pacocinillas.es\/tienda\/wp-json\/wp\/v2\/product_tag?post=7147"}],"curies":[{"name":"wp","href":"https:\/\/api.w.org\/{rel}","templated":true}]}}