{"id":7146,"date":"2024-02-29T20:21:40","date_gmt":"2024-02-29T18:21:40","guid":{"rendered":"https:\/\/www.pacocinillas.es\/tienda\/?post_type=product&#038;p=7146"},"modified":"2024-02-29T20:36:24","modified_gmt":"2024-02-29T18:36:24","slug":"petromax-sarten-dos-asas-fp40h","status":"publish","type":"product","link":"https:\/\/www.pacocinillas.es\/tienda\/producto\/petromax-sarten-dos-asas-fp40h\/","title":{"rendered":"Petromax Sart\u00e9n dos asas FP40H"},"content":{"rendered":"<div class=\"wpb-content-wrapper\"><p>[vc_row][vc_column][vc_column_text]<strong>El mejor material: hierro fundido<\/strong><br \/>\nEl hierro fundido de alta calidad con su excelente distribuci\u00f3n del calor est\u00e1 inmediatamente listo para usar y es f\u00e1cil de mantener gracias a la superficie pretratada (acabado curado).\u00a0La sart\u00e9n duradera y robusta tiene un efecto antiadherente natural, que mejora con cada proceso de fritura a medida que se forma una p\u00e1tina.\u00a0El hierro fundido tambi\u00e9n retiene bien el calor, por lo que puede servir sus platos directamente de la sart\u00e9n.<\/p>\n<p><strong>En todas las<\/strong><br \/>\nplacas Puede usar la sart\u00e9n de fuego no solo en la estufa el\u00e9ctrica, sobre la llama de gas, en el horno, sino tambi\u00e9n al aire libre en una placa, en una fogata o en una parrilla adecuada.\u00a0Estofado, chamuscado o asado: cada plato se convierte en un placer en la sart\u00e9n al fuego.<\/p>\n<p><strong>Disponible en dos versiones<\/strong><br \/>\nEl fire pan fp30h tiene dos asas y encaja perfectamente en cualquier horno o en una parrilla m\u00e1s grande.\u00a0Ya sea cocina casera o alta cocina, ya sean deliciosas patatas fritas o el bistec perfecto: las dos versiones diferentes del horno holand\u00e9s Petromax, con dos asas o como una sart\u00e9n cl\u00e1sica con estilo, son adecuadas para platos y porciones de todos los tama\u00f1os.<\/p>\n<p><strong>Especificaciones<\/strong><br \/>\nMaterial: hierro fundido<br \/>\nCapacidad: 4,7 litros<br \/>\nDi\u00e1metro en el borde superior (exterior): 40 cm<br \/>\nDi\u00e1metro de la base de la sart\u00e9n: 35 cm<br \/>\nPeso: 5,6 kg[\/vc_column_text][\/vc_column][\/vc_row][vc_row][vc_column][vc_single_image image=\u00bb5330&#8243; img_size=\u00bbfull\u00bb alignment=\u00bbcenter\u00bb][\/vc_column][\/vc_row]<\/p>\n<\/div>","protected":false},"excerpt":{"rendered":"<p>La sart\u00e9n de fuego Petromax de hierro fundido de alta calidad es indispensable para sus comidas al aire libre y en la cocina del hogar. Debido a que las sartenes de hierro fundido son extremadamente duraderas, tambi\u00e9n las utilizan los cocineros profesionales.<\/p>\n<p><strong>Di\u00e1metro: 40 cm.<\/strong><\/p>\n","protected":false},"featured_media":5317,"comment_status":"closed","ping_status":"closed","template":"","meta":[],"product_brand":[],"product_cat":[72,125],"product_tag":[],"class_list":{"0":"post-7146","1":"product","2":"type-product","3":"status-publish","4":"has-post-thumbnail","6":"product_cat-accesorios","7":"product_cat-petromax","9":"first","10":"instock","11":"taxable","12":"shipping-taxable","13":"purchasable","14":"product-type-simple"},"_links":{"self":[{"href":"https:\/\/www.pacocinillas.es\/tienda\/wp-json\/wp\/v2\/product\/7146","targetHints":{"allow":["GET"]}}],"collection":[{"href":"https:\/\/www.pacocinillas.es\/tienda\/wp-json\/wp\/v2\/product"}],"about":[{"href":"https:\/\/www.pacocinillas.es\/tienda\/wp-json\/wp\/v2\/types\/product"}],"replies":[{"embeddable":true,"href":"https:\/\/www.pacocinillas.es\/tienda\/wp-json\/wp\/v2\/comments?post=7146"}],"wp:featuredmedia":[{"embeddable":true,"href":"https:\/\/www.pacocinillas.es\/tienda\/wp-json\/wp\/v2\/media\/5317"}],"wp:attachment":[{"href":"https:\/\/www.pacocinillas.es\/tienda\/wp-json\/wp\/v2\/media?parent=7146"}],"wp:term":[{"taxonomy":"product_brand","embeddable":true,"href":"https:\/\/www.pacocinillas.es\/tienda\/wp-json\/wp\/v2\/product_brand?post=7146"},{"taxonomy":"product_cat","embeddable":true,"href":"https:\/\/www.pacocinillas.es\/tienda\/wp-json\/wp\/v2\/product_cat?post=7146"},{"taxonomy":"product_tag","embeddable":true,"href":"https:\/\/www.pacocinillas.es\/tienda\/wp-json\/wp\/v2\/product_tag?post=7146"}],"curies":[{"name":"wp","href":"https:\/\/api.w.org\/{rel}","templated":true}]}}