{"id":6959,"date":"2023-10-30T11:02:48","date_gmt":"2023-10-30T09:02:48","guid":{"rendered":"https:\/\/www.pacocinillas.es\/tienda\/?post_type=product&#038;p=6959"},"modified":"2025-02-06T23:53:15","modified_gmt":"2025-02-06T21:53:15","slug":"masterbuilt-ahumador-digital-710","status":"publish","type":"product","link":"https:\/\/www.pacocinillas.es\/tienda\/producto\/masterbuilt-ahumador-digital-710\/","title":{"rendered":"MASTERBUILT Ahumador digital 710"},"content":{"rendered":"<ul class=\"c-description-box__list list-disc ml-6\">\n<li class=\"text-grey-900 opacity-90\">Ahumador el\u00e9ctrico digital WiFi con 0,46m\u00b2 de espacio de cocci\u00f3n<\/li>\n<li class=\"text-grey-900 opacity-90\">Panel de control digital para configurar f\u00e1cilmente el tiempo de cocci\u00f3n y la temperatura de 38 \u00baC a 135 \u00baC<\/li>\n<li class=\"text-grey-900 opacity-90\">Tecnolog\u00eda WiFi de Masterbuilt para controlar su ahumador desde cualquier lugar<\/li>\n<li class=\"text-grey-900 opacity-90\">Con\u00e9ctese a la aplicaci\u00f3n de Masterbuilt para configurar la temperatura y el tiempo de ahumado, recibir alertas, monitorear las sondas de carne y descubrir nuevas recetas desde cualquier lugar<\/li>\n<li class=\"text-grey-900 opacity-90\">Cargador lateral de trozos de madera patentado para a\u00f1adir continuamente sabor ahumado sin tener que abrir la puerta del ahumador<\/li>\n<li class=\"text-grey-900 opacity-90\">Cuatro rejillas de ahumado revestidas en cromo<\/li>\n<li class=\"text-grey-900 opacity-90\">Dise\u00f1o vertical espacioso en el que caben hasta 6 pollos, 2 pavos, 4 paletas de cerdo o 4 costillas<\/li>\n<li class=\"text-grey-900 opacity-90\">Recipiente de agua removible para a\u00f1adir humedad y recoger los goteos de la comida<\/li>\n<li class=\"text-grey-900 opacity-90\">Bandeja de grasa trasera removible para facilitar el proceso de limpieza<\/li>\n<li class=\"text-grey-900 opacity-90\">Regulador de aire ajustable para control del humo<\/li>\n<li class=\"text-grey-900 opacity-90\">Compatible hasta con 4 sondas para carne, 1 incluida<\/li>\n<li class=\"text-grey-900 opacity-90\">Cierre de puerta con llave para retener el calor y el humo dentro del cuerpo del ahumador totalmente aislado<\/li>\n<li class=\"text-grey-900 opacity-90\">Fuente de combustible el\u00e9ctrica para enchufar y empezar a cocinar<\/li>\n<li class=\"text-grey-900 opacity-90\">2 a\u00f1os de garant\u00eda<\/li>\n<\/ul>\n","protected":false},"excerpt":{"rendered":"<p>Descubra el ahumador el\u00e9ctrico digital WiFi 710 de Masterbuilt, donde la innovaci\u00f3n se une a la conveniencia para la m\u00e1xima experiencia de ahumado en el jard\u00edn. Controle su ahumador desde cualquier lugar con la nueva tecnolog\u00eda WiFi de Masterbuilt. Configure la temperatura de ahumado que desee en el panel de control digital o usando la aplicaci\u00f3n de Masterbuilt. Con caracter\u00edsticas confiables como la bandeja de trozos de madera patentada, el taz\u00f3n de agua removible y las sondas para carne integradas, experimentar\u00e1 la innovaci\u00f3n de la nueva era combinada con la sencillez de las t\u00e9cnicas de cocci\u00f3n tradicionales.<\/p>\n","protected":false},"featured_media":7721,"comment_status":"closed","ping_status":"closed","template":"","meta":[],"product_brand":[],"product_cat":[112],"product_tag":[],"class_list":{"0":"post-6959","1":"product","2":"type-product","3":"status-publish","4":"has-post-thumbnail","6":"product_cat-masterbuilt","8":"first","9":"instock","10":"taxable","11":"shipping-taxable","12":"purchasable","13":"product-type-simple"},"_links":{"self":[{"href":"https:\/\/www.pacocinillas.es\/tienda\/wp-json\/wp\/v2\/product\/6959","targetHints":{"allow":["GET"]}}],"collection":[{"href":"https:\/\/www.pacocinillas.es\/tienda\/wp-json\/wp\/v2\/product"}],"about":[{"href":"https:\/\/www.pacocinillas.es\/tienda\/wp-json\/wp\/v2\/types\/product"}],"replies":[{"embeddable":true,"href":"https:\/\/www.pacocinillas.es\/tienda\/wp-json\/wp\/v2\/comments?post=6959"}],"wp:featuredmedia":[{"embeddable":true,"href":"https:\/\/www.pacocinillas.es\/tienda\/wp-json\/wp\/v2\/media\/7721"}],"wp:attachment":[{"href":"https:\/\/www.pacocinillas.es\/tienda\/wp-json\/wp\/v2\/media?parent=6959"}],"wp:term":[{"taxonomy":"product_brand","embeddable":true,"href":"https:\/\/www.pacocinillas.es\/tienda\/wp-json\/wp\/v2\/product_brand?post=6959"},{"taxonomy":"product_cat","embeddable":true,"href":"https:\/\/www.pacocinillas.es\/tienda\/wp-json\/wp\/v2\/product_cat?post=6959"},{"taxonomy":"product_tag","embeddable":true,"href":"https:\/\/www.pacocinillas.es\/tienda\/wp-json\/wp\/v2\/product_tag?post=6959"}],"curies":[{"name":"wp","href":"https:\/\/api.w.org\/{rel}","templated":true}]}}