{"id":6949,"date":"2023-10-29T22:27:48","date_gmt":"2023-10-29T20:27:48","guid":{"rendered":"https:\/\/www.pacocinillas.es\/tienda\/?post_type=product&#038;p=6949"},"modified":"2026-01-03T20:22:58","modified_gmt":"2026-01-03T18:22:58","slug":"the-bastard-vx-large","status":"publish","type":"product","link":"https:\/\/www.pacocinillas.es\/tienda\/producto\/the-bastard-vx-large\/","title":{"rendered":"THE BASTARD VX LARGE COMPLETE"},"content":{"rendered":"<div class=\"wpb-content-wrapper\"><p>[vc_row][vc_column][vc_single_image image=\u00bb6953&#8243; img_size=\u00bb\u00bb alignment=\u00bbcenter\u00bb][vc_column_text]<\/p>\n<ul>\n<li>Di\u00e1metro parrilla 49 cm.<\/li>\n<li>Grosor parrilla 7 mm<\/li>\n<li class=\"list--icon list--icon--good\">Chimenea, mesas auxiliares y corredera de aire mejoradas.<\/li>\n<li class=\"list--icon list--icon--good\">Peso 125,5 kg.<\/li>\n<li>Mango mejorado<\/li>\n<li>Bisagra cu\u00e1druple muelle<\/li>\n<li>Term\u00f3metro negro<\/li>\n<li>Cesta para carb\u00f3n<\/li>\n<li>Ruedas m\u00e1s grandes y frenadas para manejo<\/li>\n<\/ul>\n<p>[\/vc_column_text][\/vc_column][\/vc_row][vc_row][vc_column][vc_single_image image=\u00bb6952&#8243; img_size=\u00bbfull\u00bb alignment=\u00bbcenter\u00bb][vc_video link=\u00bbhttps:\/\/www.youtube.com\/watch?v=LKiN4xlBDv0&#8243; align=\u00bbcenter\u00bb][\/vc_column][\/vc_row][vc_row][vc_column][vc_column_text]<span class=\"goog-text-highlight\">Aprovecha al m\u00e1ximo tus parrillas con nuestro <strong>Multilevel Cooking System<\/strong>, un sistema modular que transforma a tu Bastard en un todoterreno.\u00a0<\/span><span class=\"\">De esta manera, puede crear su configuraci\u00f3n ideal para cada comida en un mismo espacio para cocinar.<\/span>[\/vc_column_text][vc_single_image image=\u00bb5999&#8243; img_size=\u00bbfull\u00bb alignment=\u00bbcenter\u00bb][\/vc_column][\/vc_row][vc_row][vc_column][vc_single_image image=\u00bb6954&#8243; img_size=\u00bbfull\u00bb alignment=\u00bbcenter\u00bb][\/vc_column][\/vc_row][vc_row][vc_column][vc_column_text]<\/p>\n<h2>\u00bfQu\u00e9 obtienes con The Bastard VX Large?<\/h2>\n<ul>\n<li>Sistema multinivel: dos temperaturas al mismo tiempo<\/li>\n<li>Dos medias parrillas de acero inoxidable de 7 mm de espesor<\/li>\n<li>Dos deflectores en medialuna esmaltados en revestimiento negro<\/li>\n<li>Cesta de carb\u00f3n inox<\/li>\n<li>Elevador de cenizas de acero inoxidable<\/li>\n<li>Disco de ventilaci\u00f3n superior de hierro fundido.<\/li>\n<li>Junta de fibra de vidrio<\/li>\n<li>Carro muy robusto de acero sobre ruedas giratorias grandes, 2 de ellas con freno<\/li>\n<li>Mesas auxiliares de madera<\/li>\n<\/ul>\n<h2><b>\u00bfQu\u00e9 hay de nuevo?<\/b><\/h2>\n<p>\u00a1El Bastard VX ha sido mejorado por todos lados y luce a\u00fan mejor!\u00a0\u00bfPero en qu\u00e9 han mejorado exactamente?<\/p>\n<h3><b>La forma: nueva c\u00fapula<\/b><\/h3>\n<p>Algo que mucha gente reconoce de un kamado es su apariencia con forma de huevo, el VX es m\u00e1s geom\u00e9trico \ud83d\ude09<\/p>\n<h3><b>Mesas auxiliares reforzadas<\/b><\/h3>\n<p>Muchas marcas de kamado trabajan con mesas auxiliares de madera. En comparaci\u00f3n con los otros modelos Bastard, el VX tiene un marco de acero alrededor de la madera.\u00a0 Tambi\u00e9n hay una bisagra con un tope especial incorporado en la mesa para que tambi\u00e9n proteja su cer\u00e1mica.<\/p>\n<h3><b>Control de aire preciso<\/b><\/h3>\n<p>El tiro inferior de aire con doble puerta corredera, que te permitir\u00e1 regular a\u00fan mejor la temperatura en tu kamado.<\/p>\n<h3><b>Ruedas mas grandes<\/b><\/h3>\n<p>M\u00e1s grande y m\u00e1s suave. Con las ruedas del nuevo Bastard\u00a0 podr\u00e1s conducir las ruedas por terrenos algo accidentados y asegurarlas m\u00e1s f\u00e1cilmente.<\/p>\n<h3><b>Mango ergon\u00f3mico<\/b><\/h3>\n<p>Un mango grueso y resistente hecho de acero inoxidable prensado con recubrimiento en polvo que suena tan s\u00f3lido como se siente.\u00a0A pesar de su aspecto industrial, es mucho m\u00e1s duradera que la madera sola.\u00a0Han elegido rematar esto con un reconocible bamb\u00fa aceitado\u00a0.<\/p>\n<h3><b>Carro muy resistente<\/b><\/h3>\n<p>El carro del Bastard VX ha sido uno de los mejores del mercado durante mucho tiempo. El acero plegado hace que la base parezca mucho m\u00e1s robusta. Tambi\u00e9n han reforzado m\u00e1s el chasis respecto al resto de modelos de The Bastard.<\/p>\n<h3><b>Term\u00f3metro negro m\u00e1s legible<\/b><\/h3>\n<p>El term\u00f3metro completamente negro de nuevo dise\u00f1o es f\u00e1cil de leer gracias a una impresi\u00f3n en blanco.\u00a0Como suele decirse: aqu\u00ed es donde la funci\u00f3n y el estilo se abrazan.<\/p>\n<h3><b>Bisagra optimizada<\/b><\/h3>\n<p>Bisagra mejorada con cuatro muelles de alta resistencia, lo que le confiere una gran capacidad de elevaci\u00f3n. \ud83d\udcaa[\/vc_column_text][\/vc_column][\/vc_row][vc_row][vc_column][vc_single_image image=\u00bb6957&#8243; img_size=\u00bbfull\u00bb alignment=\u00bbcenter\u00bb][\/vc_column][\/vc_row]<\/p>\n<\/div>","protected":false},"excerpt":{"rendered":"<p>Bastard VX trae lo mejor de los kamados tradicionales combinado con tecnolog\u00eda y un espectacular dise\u00f1o.<\/p>\n<p><strong>Di\u00e1metro de parrilla 49 cm.\u00a0<\/strong><\/p>\n<p><span style=\"color: #800000;\"><strong>Env\u00edo gratuito Pen\u00ednsula.<\/strong><\/span><\/p>\n","protected":false},"featured_media":6950,"comment_status":"closed","ping_status":"closed","template":"","meta":[],"product_brand":[],"product_cat":[134,158],"product_tag":[],"class_list":{"0":"post-6949","1":"product","2":"type-product","3":"status-publish","4":"has-post-thumbnail","6":"product_cat-bastard","7":"product_cat-bastardlarge","9":"first","10":"instock","11":"taxable","12":"shipping-taxable","13":"purchasable","14":"product-type-simple"},"_links":{"self":[{"href":"https:\/\/www.pacocinillas.es\/tienda\/wp-json\/wp\/v2\/product\/6949","targetHints":{"allow":["GET"]}}],"collection":[{"href":"https:\/\/www.pacocinillas.es\/tienda\/wp-json\/wp\/v2\/product"}],"about":[{"href":"https:\/\/www.pacocinillas.es\/tienda\/wp-json\/wp\/v2\/types\/product"}],"replies":[{"embeddable":true,"href":"https:\/\/www.pacocinillas.es\/tienda\/wp-json\/wp\/v2\/comments?post=6949"}],"wp:featuredmedia":[{"embeddable":true,"href":"https:\/\/www.pacocinillas.es\/tienda\/wp-json\/wp\/v2\/media\/6950"}],"wp:attachment":[{"href":"https:\/\/www.pacocinillas.es\/tienda\/wp-json\/wp\/v2\/media?parent=6949"}],"wp:term":[{"taxonomy":"product_brand","embeddable":true,"href":"https:\/\/www.pacocinillas.es\/tienda\/wp-json\/wp\/v2\/product_brand?post=6949"},{"taxonomy":"product_cat","embeddable":true,"href":"https:\/\/www.pacocinillas.es\/tienda\/wp-json\/wp\/v2\/product_cat?post=6949"},{"taxonomy":"product_tag","embeddable":true,"href":"https:\/\/www.pacocinillas.es\/tienda\/wp-json\/wp\/v2\/product_tag?post=6949"}],"curies":[{"name":"wp","href":"https:\/\/api.w.org\/{rel}","templated":true}]}}