{"id":6891,"date":"2020-07-24T19:22:58","date_gmt":"2020-07-24T17:22:58","guid":{"rendered":"https:\/\/www.pacocinillas.es\/tienda\/?post_type=product&#038;p=6891"},"modified":"2026-01-01T18:12:06","modified_gmt":"2026-01-01T16:12:06","slug":"wok-karbon-steel-kamado-joe","status":"publish","type":"product","link":"https:\/\/www.pacocinillas.es\/tienda\/producto\/wok-karbon-steel-kamado-joe\/","title":{"rendered":"WOK KARBON STEEL\u2122 KAMADO JOE"},"content":{"rendered":"<div class=\"wpb-content-wrapper\"><p>[vc_row][vc_column][vc_column_text]<\/p>\n<ul class=\"c-description-box__list list-disc ml-6\">\n<li class=\"text-grey-800 opacity-90 text-body-3\">Wok de acero al carbono de alta calidad perfecto para saltear, hervir a fuego lento y cocinar al vapor<\/li>\n<li class=\"text-grey-800 opacity-90 text-body-3\">Fabricado en acero al carbono antiadherente pre curado para una limpieza r\u00e1pida y f\u00e1cil<\/li>\n<li class=\"text-grey-800 opacity-90 text-body-3\">Asas de acero inoxidable para servir f\u00e1cilmente<\/li>\n<li class=\"text-grey-800 opacity-90 text-body-3\">El material de acero al carbono es tan vers\u00e1til como el acero inoxidable y tan conductivo como el hierro fundido<\/li>\n<li class=\"text-grey-800 opacity-90 text-body-3\">Se instala retirando la rejilla Divide &amp; Conquer de 2 niveles e insertando la rejilla en X. Coloque el Wok encima y \u00a1a disfrutar!<\/li>\n<li class=\"text-grey-800 opacity-90 text-body-3\">Util\u00edcelo con cualquier Kamado Joe, Big Green Egg u otras parrillas de carb\u00f3n<\/li>\n<\/ul>\n<p>[\/vc_column_text][\/vc_column][\/vc_row][vc_row][vc_column][vc_single_image image=\u00bb6893&#8243; img_size=\u00bbfull\u00bb alignment=\u00bbcenter\u00bb][\/vc_column][\/vc_row]<\/p>\n<\/div>","protected":false},"excerpt":{"rendered":"<p>Ampl\u00ede la versatilidad de su parrilla de cer\u00e1mica Kamado Joe con el wok de acero al carbono de nuestra colecci\u00f3n Karbon Steel. Perfecto para salteados sabrosos, as\u00ed como para cocinar a fuego lento y al vapor, este Wok pre curado es ideal para aquellos que quieren mejorar sus capacidades de cocina estilo kamado.<\/p>\n<p>&nbsp;<\/p>\n","protected":false},"featured_media":6892,"comment_status":"closed","ping_status":"closed","template":"","meta":[],"product_brand":[],"product_cat":[72,151,43],"product_tag":[],"class_list":{"0":"post-6891","1":"product","2":"type-product","3":"status-publish","4":"has-post-thumbnail","6":"product_cat-accesorios","7":"product_cat-accesoriosjoe","8":"product_cat-kamadojoe","10":"first","11":"instock","12":"taxable","13":"shipping-taxable","14":"purchasable","15":"product-type-simple"},"_links":{"self":[{"href":"https:\/\/www.pacocinillas.es\/tienda\/wp-json\/wp\/v2\/product\/6891","targetHints":{"allow":["GET"]}}],"collection":[{"href":"https:\/\/www.pacocinillas.es\/tienda\/wp-json\/wp\/v2\/product"}],"about":[{"href":"https:\/\/www.pacocinillas.es\/tienda\/wp-json\/wp\/v2\/types\/product"}],"replies":[{"embeddable":true,"href":"https:\/\/www.pacocinillas.es\/tienda\/wp-json\/wp\/v2\/comments?post=6891"}],"wp:featuredmedia":[{"embeddable":true,"href":"https:\/\/www.pacocinillas.es\/tienda\/wp-json\/wp\/v2\/media\/6892"}],"wp:attachment":[{"href":"https:\/\/www.pacocinillas.es\/tienda\/wp-json\/wp\/v2\/media?parent=6891"}],"wp:term":[{"taxonomy":"product_brand","embeddable":true,"href":"https:\/\/www.pacocinillas.es\/tienda\/wp-json\/wp\/v2\/product_brand?post=6891"},{"taxonomy":"product_cat","embeddable":true,"href":"https:\/\/www.pacocinillas.es\/tienda\/wp-json\/wp\/v2\/product_cat?post=6891"},{"taxonomy":"product_tag","embeddable":true,"href":"https:\/\/www.pacocinillas.es\/tienda\/wp-json\/wp\/v2\/product_tag?post=6891"}],"curies":[{"name":"wp","href":"https:\/\/api.w.org\/{rel}","templated":true}]}}