{"id":6881,"date":"2023-08-11T13:44:18","date_gmt":"2023-08-11T11:44:18","guid":{"rendered":"https:\/\/www.pacocinillas.es\/tienda\/?post_type=product&#038;p=6881"},"modified":"2026-01-03T11:29:04","modified_gmt":"2026-01-03T09:29:04","slug":"monolith-classic-avant-garde","status":"publish","type":"product","link":"https:\/\/www.pacocinillas.es\/tienda\/producto\/monolith-classic-avant-garde\/","title":{"rendered":"MONOLITH CLASSIC AVANTGARDE"},"content":{"rendered":"<div class=\"wpb-content-wrapper\"><p>[vc_row][vc_column width=\u00bb1\/4&#8243;][\/vc_column][vc_column width=\u00bb1\/2&#8243;][vc_video link=\u00bbhttps:\/\/www.youtube.com\/watch?v=sPMonV2WsyE\u00bb align=\u00bbcenter\u00bb css=\u00bb\u00bb][\/vc_column][vc_column width=\u00bb1\/4&#8243;][\/vc_column][\/vc_row][vc_row][vc_column width=\u00bb1\/4&#8243;][\/vc_column][vc_column width=\u00bb1\/2&#8243;][vc_single_image image=\u00bb6884&#8243; img_size=\u00bbfull\u00bb alignment=\u00bbcenter\u00bb][\/vc_column][vc_column width=\u00bb1\/4&#8243;][\/vc_column][\/vc_row][vc_row][vc_column width=\u00bb1\/4&#8243;][\/vc_column][vc_column width=\u00bb1\/2&#8243;][vc_column_text]<\/p>\n<h3><strong>Equipamiento b\u00e1sico INCLUIDO del kamado Monolith Classic Avantgarde<\/strong><strong>\u00a0con carro:<br \/>\n<\/strong><\/h3>\n<ul>\n<li>Carro de acero inoxidable, con mesas laterales de madera de bamb\u00fa carbonizado, estante inferior integrado para accesorios y ruedas con freno.<\/li>\n<li><img loading=\"lazy\" decoding=\"async\" src=\"https:\/\/slpbarbacoas.com\/img\/cms\/MONOLITH\/MONOLITH%20AVANTGARDE\/_CHU6507-als-Smart-Objekt-1.jpg\" alt=\"carro avantgarde\" width=\"200\" height=\"300\" \/>\u00a0<img loading=\"lazy\" decoding=\"async\" src=\"https:\/\/slpbarbacoas.com\/img\/cms\/MONOLITH\/MONOLITH%20AVANTGARDE\/_CHU6592-als-Smart-Objekt-1.jpg\" alt=\"detalle avantgarde monolith bandeja\" width=\"200\" height=\"133\" \/><\/li>\n<li>Vaso de fuego\/brasero cer\u00e1mico en segmentos.<img loading=\"lazy\" decoding=\"async\" src=\"https:\/\/slpbarbacoas.com\/img\/cms\/MONOLITH\/ICON\/ACCESSORI-KAMADO-3-800x723-1.png\" alt=\"\" width=\"200\" height=\"181\" \/><\/li>\n<li>Aro cer\u00e1mico:<br \/>\nMejora el funcionamiento del Kamado ya que separa las parrillas que se colocan por encima en unos 10 cm. de las brasas.<br \/>\nReparte el peso del vaso cer\u00e1mico.<br \/>\nTiene una apertura que coincide con la del cuerpo del kamado y permite introducir virutas para ahumar sin necesidad de abrir.<br \/>\n<img loading=\"lazy\" decoding=\"async\" src=\"https:\/\/slpbarbacoas.com\/img\/cms\/MONOLITH\/LeChef\/201052-C-Classic-Feuer-Ring-WEB-1.jpg\" alt=\"\" width=\"300\" height=\"200\" \/><\/li>\n<li>Cesto de acero inoxidable para el carb\u00f3n:<br \/>\nCon el cesto para el carb\u00f3n, el flujo de aire, dentro del vaso cer\u00e1mico, mejora considerablemente. Gracias a sus pr\u00e1cticas asas, se puede quitar f\u00e1cilmente para poder limpiar mejor la Monolith.<br \/>\n<img loading=\"lazy\" decoding=\"async\" src=\"https:\/\/slpbarbacoas.com\/img\/cms\/MONOLITH\/LeChef\/ACCESSORI-KAMADO-13-800x800.png\" alt=\"\" width=\"200\" height=\"200\" \/><\/li>\n<li>Deflector cer\u00e1mico para cocci\u00f3n indirecta en dos piezas sobre estructura de acero inoxidable que permite diferentes alturas.<br \/>\nGracias al dise\u00f1o de dos piezas en forma de media luna del deflector, bandeja recogegrasa y parrilla,\u00a0se pueden configurar\u00a0dos zonas de temperatura diferentes en el kamado y cocciones diferentes. Con las piedras deflectoras las posibilidades de cocci\u00f3n directa e indirecta aumentan.<img loading=\"lazy\" decoding=\"async\" src=\"https:\/\/slpbarbacoas.com\/img\/cms\/MONOLITH\/LeChef\/ACCESSORI-KAMADO-2-800x800.png\" alt=\"\" width=\"200\" height=\"200\" \/><img loading=\"lazy\" decoding=\"async\" src=\"https:\/\/slpbarbacoas.com\/img\/cms\/MONOLITH\/LeChef\/ACCESSORI-KAMADO-22-800x800.png\" alt=\"\" width=\"200\" height=\"200\" \/><img loading=\"lazy\" decoding=\"async\" src=\"https:\/\/slpbarbacoas.com\/img\/cms\/MONOLITH\/LeChef\/monolith-kamado-sgs-ring.jpg\" alt=\"\" width=\"200\" height=\"200\" \/><img loading=\"lazy\" decoding=\"async\" src=\"https:\/\/slpbarbacoas.com\/img\/cms\/MONOLITH\/ICON\/ACCESSORI-KAMADO-21-800x800.png\" alt=\"Parrilla media luna\" width=\"200\" height=\"200\" \/><img loading=\"lazy\" decoding=\"async\" src=\"https:\/\/slpbarbacoas.com\/img\/cms\/MONOLITH\/LeChef\/ACCESSORI-KAMADO-11-800x800.png\" alt=\"\" width=\"200\" height=\"200\" \/><img loading=\"lazy\" decoding=\"async\" src=\"https:\/\/slpbarbacoas.com\/img\/cms\/MONOLITH\/LeChef\/COTTURA-MISTA-DIRETTA-INDIRETTA-800x800.jpg\" alt=\"\" width=\"200\" height=\"200\" \/><\/li>\n<li>Accesorios para ahumado. Sistema de alimentaci\u00f3n de virutas de madera para ahumar sin necesidad de abrir el Kamado.<img loading=\"lazy\" decoding=\"async\" src=\"https:\/\/slpbarbacoas.com\/img\/cms\/MONOLITH\/LeChef\/ACCESSORI-KAMADO-800x534.png\" alt=\"\" width=\"200\" height=\"134\" \/><img loading=\"lazy\" decoding=\"async\" src=\"https:\/\/slpbarbacoas.com\/img\/cms\/MONOLITH\/LeChef\/Zubehoer_RaeucherschieneSchieber.jpg\" alt=\"\" width=\"200\" height=\"133\" \/><\/li>\n<li>Recogedor para quitar cenizas.<br \/>\n<img loading=\"lazy\" decoding=\"async\" src=\"https:\/\/slpbarbacoas.com\/img\/cms\/MONOLITH\/ICON\/ACCESSORI-KAMADO-20-800x533.png\" alt=\"\" width=\"200\" height=\"133\" \/><\/li>\n<li>Herramienta para quitar las parrillas.<br \/>\n<img loading=\"lazy\" decoding=\"async\" src=\"https:\/\/slpbarbacoas.com\/img\/cms\/MONOLITH\/ICON\/ACCESSORI-KAMADO-14-800x800-1.png\" alt=\"\" width=\"200\" height=\"200\" \/><\/li>\n<li>Term\u00f3metro incluido en la tapa.<br \/>\n<img loading=\"lazy\" decoding=\"async\" src=\"https:\/\/slpbarbacoas.com\/img\/cms\/MONOLITH\/MONOLITH%20AVANTGARDE\/Monolith-termometro-Avantgarde-Upgrade-Pro-Serie.jpg\" alt=\"Monolith-termometro-Avantgarde-Upgrade-Pro-Serie.jpg\" width=\"133\" height=\"123\" \/><\/li>\n<li>Nueva v\u00e1lvula Serie Pro 2.0 y rejilla recogecenizas, ambas de hierro fundido.<\/li>\n<\/ul>\n<p><img loading=\"lazy\" decoding=\"async\" src=\"https:\/\/slpbarbacoas.com\/img\/cms\/MONOLITH\/Classic\/101069-valvula-superior-classic-lechef-lowres.jpg\" alt=\"v\u00e1lvula serie pro 2.0\" width=\"200\" height=\"133\" \/><img loading=\"lazy\" decoding=\"async\" src=\"https:\/\/slpbarbacoas.com\/img\/cms\/MONOLITH\/LeChef\/Kohlerost-Classic-800x533.jpg\" alt=\"\" width=\"200\" height=\"133\" \/>[\/vc_column_text][\/vc_column][vc_column width=\u00bb1\/4&#8243;][\/vc_column][\/vc_row][vc_row][vc_column][vc_single_image image=\u00bb6888&#8243; img_size=\u00bbFULL\u00bb alignment=\u00bbcenter\u00bb][\/vc_column][\/vc_row]<\/p>\n<\/div>","protected":false},"excerpt":{"rendered":"<div class=\"texto_pral\">\n<p>NUEVO KAMADO MONOLITH AVANTGARDE<\/p>\n<p><strong>El dise\u00f1o se encuentra con la tecnolog\u00eda.\u00a0<\/strong>A\u00f1os de lucha por la perfecci\u00f3n en calidad y aplicaci\u00f3n han llevado al desarrollo de Avantgarde.<\/p>\n<p>Cer\u00e1micas de silicato de alta calidad, herrajes de acero inoxidable y detalles como juntas de fibra de vidrio y luz LED en el mango.<\/p>\n<p>Di\u00e1metro de parrilla de <strong>46 cm.<\/strong><\/p>\n<p><strong>En Pacocinillas te asesoramos para la compra de tu Kamado <a href=\"https:\/\/www.pacocinillas.es\/tienda\/contacto\/\" target=\"_blank\" rel=\"noopener\">\u00a1Ll\u00e1manos!<\/a><\/strong><\/p>\n<\/div>\n<div class=\"texto_generico\">\n<p><img loading=\"lazy\" decoding=\"async\" class=\"size-full wp-image-4400 alignleft\" src=\"https:\/\/www.pacocinillas.es\/tienda\/wp-content\/uploads\/2020\/09\/ENVIOGRATIS.jpg\" alt=\"\" width=\"200\" height=\"81\" \/><\/p>\n<p>&nbsp;<\/p>\n<p>&nbsp;<\/p>\n<p>&nbsp;<\/p>\n<p>El PVP incluye los portes a puerta de calle en la Pen\u00ednsula (consultar para otros destinos).<\/p>\n<\/div>\n<p>&nbsp;<\/p>\n","protected":false},"featured_media":6885,"comment_status":"closed","ping_status":"closed","template":"","meta":[],"product_brand":[],"product_cat":[74,153],"product_tag":[],"class_list":{"0":"post-6881","1":"product","2":"type-product","3":"status-publish","4":"has-post-thumbnail","6":"product_cat-monolith","7":"product_cat-classic55","9":"first","10":"instock","11":"taxable","12":"shipping-taxable","13":"purchasable","14":"product-type-simple"},"_links":{"self":[{"href":"https:\/\/www.pacocinillas.es\/tienda\/wp-json\/wp\/v2\/product\/6881","targetHints":{"allow":["GET"]}}],"collection":[{"href":"https:\/\/www.pacocinillas.es\/tienda\/wp-json\/wp\/v2\/product"}],"about":[{"href":"https:\/\/www.pacocinillas.es\/tienda\/wp-json\/wp\/v2\/types\/product"}],"replies":[{"embeddable":true,"href":"https:\/\/www.pacocinillas.es\/tienda\/wp-json\/wp\/v2\/comments?post=6881"}],"wp:featuredmedia":[{"embeddable":true,"href":"https:\/\/www.pacocinillas.es\/tienda\/wp-json\/wp\/v2\/media\/6885"}],"wp:attachment":[{"href":"https:\/\/www.pacocinillas.es\/tienda\/wp-json\/wp\/v2\/media?parent=6881"}],"wp:term":[{"taxonomy":"product_brand","embeddable":true,"href":"https:\/\/www.pacocinillas.es\/tienda\/wp-json\/wp\/v2\/product_brand?post=6881"},{"taxonomy":"product_cat","embeddable":true,"href":"https:\/\/www.pacocinillas.es\/tienda\/wp-json\/wp\/v2\/product_cat?post=6881"},{"taxonomy":"product_tag","embeddable":true,"href":"https:\/\/www.pacocinillas.es\/tienda\/wp-json\/wp\/v2\/product_tag?post=6881"}],"curies":[{"name":"wp","href":"https:\/\/api.w.org\/{rel}","templated":true}]}}