{"id":6860,"date":"2023-08-09T17:20:19","date_gmt":"2023-08-09T15:20:19","guid":{"rendered":"https:\/\/www.pacocinillas.es\/tienda\/?post_type=product&#038;p=6860"},"modified":"2026-03-06T11:55:04","modified_gmt":"2026-03-06T09:55:04","slug":"konnected-joe","status":"publish","type":"product","link":"https:\/\/www.pacocinillas.es\/tienda\/producto\/konnected-joe\/","title":{"rendered":"KONNECTED JOE"},"content":{"rendered":"<div class=\"wpb-content-wrapper\"><p>[vc_row][vc_column width=\u00bb1\/6&#8243;][\/vc_column][vc_column width=\u00bb2\/3&#8243;][vc_btn title=\u00bbMANUAL KONNECTED JOE\u00bb color=\u00bbdanger\u00bb align=\u00bbcenter\u00bb link=\u00bburl:https%3A%2F%2Fwww.pacocinillas.es%2Ftienda%2Fwp-content%2Fuploads%2F2023%2F08%2FKJ15041523_9804230002_KonnectedJoe_IM_Spanish_Optimized.pdf|title:MANUAL%20KONNECTED%20JOE|target:_blank\u00bb][vc_column_text css=\u00bb.vc_custom_1691594969343{padding-right: 100px !important;padding-left: 100px !important;}\u00bb]<\/p>\n<div class=\"texto_pral\">\n<ul class=\"c-description-box__list list-disc ml-6\">\n<li class=\"text-grey-800 opacity-90 text-body-3\">Parrilla de cer\u00e1mica Wifi de 46-cm con 1613 cm\u00b2 de espacio de cocci\u00f3n<\/li>\n<li class=\"text-grey-800 opacity-90 text-body-3\">Bot\u00f3n AFS (Automatic Fire Starter) para encender su carb\u00f3n al instante<\/li>\n<li class=\"text-grey-800 opacity-90 text-body-3\">Panel de control digital con gr\u00e1ficos de temperatura, alertas y m\u00faltiples modos de cocci\u00f3n<\/li>\n<li class=\"text-grey-800 opacity-90 text-body-3\">Utilice la app de Kamado Joe para ajustar la temperatura y la hora, monitorear las sondas de carne y descubrir nuevas recetas<\/li>\n<li class=\"text-grey-800 opacity-90 text-body-3\">El ventilador Kontrol mantiene autom\u00e1ticamente la temperatura deseada de 107\u00b0C a 370\u00b0C<\/li>\n<li class=\"text-grey-800 opacity-90 text-body-3\">Modo de cocci\u00f3n autom\u00e1tica para cocinar conectado digitalmente o modo de cocci\u00f3n manual para una experiencia de parrilla kamado tradicional<\/li>\n<li class=\"text-grey-800 opacity-90 text-body-3\">La ventilaci\u00f3n superior Kontrol Tower\u2122 mantiene una configuraci\u00f3n de aire consistente durante la apertura y cierre del domo<\/li>\n<li class=\"text-grey-800 opacity-90 text-body-3\">Incluye asas de elevaci\u00f3n para cargar y descargar la parrilla de forma f\u00e1cil y segura<\/li>\n<li class=\"text-grey-800 opacity-90 text-body-3\">La bisagra Air Lift\u2122 reduce significativamente el peso del domo<\/li>\n<li class=\"text-grey-800 opacity-90 text-body-3\">Sistema de cocci\u00f3n Divide &amp; Conquer de 2 niveles para cocinar varios alimentos a diferentes temperaturas<\/li>\n<li class=\"text-grey-800 opacity-90 text-body-3\">Carro de parrilla de acero con revestimiento de polvo de alta resistencia con ruedas de bloqueo<\/li>\n<li class=\"text-grey-800 opacity-90 text-body-3\">Otras caracter\u00edsticas y accesorios incluidos: pestillo de acero inoxidable, fog\u00f3n Avanzado multipanel (AMP), rejillas de cocci\u00f3n de acero inoxidable, repisas laterales plegables de aluminio, pinza para la parrilla, herramienta para las cenizas, deflectores de calor, rejilla para accesorios y 1 sonda para carne<\/li>\n<li class=\"text-grey-800 opacity-90 text-body-3\">Compatible con cocinas de exteriores. Consulte el manual del usuario para mayores detalles.<\/li>\n<li class=\"text-grey-800 opacity-90 text-body-3\">Compatible con la cubierta y accesorios Classic Joe\u2122 (NO compatible con la cesta de carb\u00f3n Classic Joe)<\/li>\n<\/ul>\n<\/div>\n<p>[\/vc_column_text][\/vc_column][vc_column width=\u00bb1\/6&#8243;][\/vc_column][\/vc_row][vc_row][vc_column width=\u00bb1\/6&#8243;][\/vc_column][vc_column width=\u00bb1\/6&#8243;][vc_icon type=\u00bbmaterial\u00bb icon_material=\u00bbvc-material vc-material-data_usage\u00bb color=\u00bbcustom\u00bb size=\u00bbxl\u00bb align=\u00bbcenter\u00bb custom_color=\u00bb#dd3333&#8243;][vc_column_text]<\/p>\n<h4 style=\"text-align: center;\">Encendido electr\u00f3nico<\/h4>\n<p>[\/vc_column_text][\/vc_column][vc_column width=\u00bb1\/6&#8243;][vc_icon type=\u00bbtypicons\u00bb icon_typicons=\u00bbtypcn typcn-thermometer\u00bb color=\u00bbcustom\u00bb size=\u00bbxl\u00bb align=\u00bbcenter\u00bb custom_color=\u00bb#dd3333&#8243;][vc_column_text]<\/p>\n<h4 style=\"text-align: center;\">Control temperatura digital<\/h4>\n<p>[\/vc_column_text][\/vc_column][vc_column width=\u00bb1\/6&#8243;][vc_icon type=\u00bblinecons\u00bb icon_linecons=\u00bbvc_li vc_li-settings\u00bb color=\u00bbcustom\u00bb size=\u00bbxl\u00bb align=\u00bbcenter\u00bb custom_color=\u00bb#dd3333&#8243;][vc_column_text]<\/p>\n<h4 style=\"text-align: center;\">46 cm. diametro parrilla<\/h4>\n<p>[\/vc_column_text][\/vc_column][vc_column width=\u00bb1\/6&#8243;][vc_icon type=\u00bbtypicons\u00bb icon_typicons=\u00bbtypcn typcn-chart-line-outline\u00bb color=\u00bbcustom\u00bb size=\u00bbxl\u00bb align=\u00bbcenter\u00bb custom_color=\u00bb#dd3333&#8243;][vc_column_text]<\/p>\n<h4 style=\"text-align: center;\">Bisagra Air Lift\u2122<\/h4>\n<p>[\/vc_column_text][\/vc_column][vc_column width=\u00bb1\/6&#8243;][\/vc_column][\/vc_row][vc_row][vc_column width=\u00bb1\/6&#8243;][\/vc_column][vc_column width=\u00bb2\/3&#8243;][vc_video link=\u00bbhttps:\/\/www.youtube.com\/watch?v=8hlKrMo-aAU\u00bb align=\u00bbcenter\u00bb][\/vc_column][vc_column width=\u00bb1\/6&#8243;][\/vc_column][\/vc_row][vc_row][vc_column width=\u00bb1\/6&#8243;][\/vc_column][vc_column width=\u00bb1\/6&#8243;][vc_video link=\u00bbhttps:\/\/www.youtube.com\/watch?v=dlkLwCvDIhk\u00bb align=\u00bbcenter\u00bb][\/vc_column][vc_column width=\u00bb1\/6&#8243;][vc_video link=\u00bbhttps:\/\/www.youtube.com\/watch?v=RroiFUGSsjI\u00bb align=\u00bbcenter\u00bb][\/vc_column][vc_column width=\u00bb1\/6&#8243;][vc_video link=\u00bbhttps:\/\/youtu.be\/qEq-TvcnhXM\u00bb][\/vc_column][vc_column width=\u00bb1\/6&#8243;][vc_video link=\u00bbhttps:\/\/youtu.be\/_0hh4fxg3B8&#8243;][\/vc_column][vc_column width=\u00bb1\/6&#8243;][\/vc_column][\/vc_row][vc_row][vc_column width=\u00bb1\/4&#8243;][\/vc_column][vc_column width=\u00bb1\/4&#8243;][vc_column_text]<\/p>\n<div class=\"h-23 lg:w-96 md:w-72 w-full c-specs__row\">\n<h2 class=\"c-specs__row-heading uppercase\">MODELO<\/h2>\n<p class=\"c-specs__row-text\">KJ15041523<\/p>\n<\/div>\n<div class=\"h-23 lg:w-96 md:w-72 w-full c-specs__row\">\n<h2 class=\"c-specs__row-heading uppercase\">ANCHO<\/h2>\n<p class=\"c-specs__row-text\">119 cm<\/p>\n<\/div>\n<div class=\"h-23 lg:w-96 md:w-72 w-full c-specs__row\">\n<h2 class=\"c-specs__row-heading uppercase\">ALTURA<\/h2>\n<p class=\"c-specs__row-text\">122 cm<\/p>\n<\/div>\n<div class=\"h-23 lg:w-96 md:w-72 w-full c-specs__row\">\n<h2 class=\"c-specs__row-heading uppercase\">PESO DE LA PARRILLA<\/h2>\n<p class=\"c-specs__row-text\">98 kg<\/p>\n<\/div>\n<div class=\"h-23 lg:w-96 md:w-72 w-full c-specs__row\">\n<h2 class=\"c-specs__row-heading uppercase\">RANGO DE CALOR<\/h2>\n<p class=\"c-specs__row-text\">107\u00b0C a 370\u00b0C<\/p>\n<\/div>\n<div class=\"h-23 lg:w-96 md:w-72 w-full c-specs__row\">\n<h2 class=\"c-specs__row-heading uppercase\">SUPERFICIE DE COCCI\u00d3N<\/h2>\n<p class=\"c-specs__row-text\">46 cm de di\u00e1metro<\/p>\n<\/div>\n<p>[\/vc_column_text][\/vc_column][vc_column width=\u00bb1\/4&#8243;][vc_single_image image=\u00bb6871&#8243; img_size=\u00bbfull\u00bb alignment=\u00bbcenter\u00bb][\/vc_column][vc_column width=\u00bb1\/4&#8243;][\/vc_column][\/vc_row][vc_row][vc_column width=\u00bb1\/4&#8243;][\/vc_column][vc_column width=\u00bb1\/4&#8243;][vc_single_image image=\u00bb6869&#8243; img_size=\u00bbfull\u00bb alignment=\u00bbcenter\u00bb][\/vc_column][vc_column width=\u00bb1\/4&#8243;][vc_column_text]<\/p>\n<h2 class=\"text-grey-800 font-bold text-h3 uppercase\">EL FUTURO DE LA COCCI\u00d3N AL AIRE LIBRE<\/h2>\n<p class=\"text-grey-800 text-body-1 opacity-90 w-3\/4 overflow-hidden relative\">Experimente una nueva era de la parrilla de cer\u00e1mica con la parrilla de carb\u00f3n y ahumador Kamado Joe Konnected Joe\u2122 Wifi.\u202fFabricada con la innovaci\u00f3n Kamado Joe, esta parrilla combina el estilo tradicional del kamado con la tecnolog\u00eda digital para una experiencia de cocci\u00f3n revolucionaria. El Konnected Joe hace que encender el fuego sea f\u00e1cil. S\u00f3lo tiene que presionar el bot\u00f3n Automatic Firestarter (AFS) para encender su carb\u00f3n, configurar su temperatura de cocci\u00f3n deseada con el Kontrol Board\u2122 digital o desde la app Kamado Joe y dejar que el Kontrol Fan\u2122 haga el resto. Con m\u00faltiples funciones de cocci\u00f3n, el Konnected Joe le permite disfrutar de una cocci\u00f3n a la parrilla o ahumado Kamado a su manera. El modo de cocci\u00f3n autom\u00e1tica proporciona un control digital completo, o pruebe el modo Classic, para la experiencia Kamado tradicional. Sirva aventuras para cada comida con el Konnected Joe de Kamado Joe.<\/p>\n<p>[\/vc_column_text][\/vc_column][vc_column width=\u00bb1\/4&#8243;][\/vc_column][\/vc_row][vc_row][vc_column][\/vc_column][\/vc_row]<\/p>\n<\/div>","protected":false},"excerpt":{"rendered":"<div class=\"texto_pral\">\n<p>Despierta tus sentidos con la perfecci\u00f3n digital: Konnected JOE, el arte supremo del sabor.<\/p>\n<p>Experimente una nueva era con Kamado Joe Konnected Joe\u2122 Wifi.\u202fFabricada con la innovaci\u00f3n Kamado Joe, esta parrilla combina el estilo tradicional del kamado con la tecnolog\u00eda digital para una experiencia de cocci\u00f3n revolucionaria.<\/p>\n<p><strong>*El PVP incluye los portes a puerta de calle en la Pen\u00ednsula (consultar para otros destinos).<\/strong><\/p>\n<p>&nbsp;<\/p>\n<\/div>\n","protected":false},"featured_media":6861,"comment_status":"closed","ping_status":"closed","template":"","meta":[],"product_brand":[],"product_cat":[149,43],"product_tag":[],"class_list":{"0":"post-6860","1":"product","2":"type-product","3":"status-publish","4":"has-post-thumbnail","6":"product_cat-classicjoe","7":"product_cat-kamadojoe","9":"first","10":"instock","11":"taxable","12":"shipping-taxable","13":"purchasable","14":"product-type-simple"},"_links":{"self":[{"href":"https:\/\/www.pacocinillas.es\/tienda\/wp-json\/wp\/v2\/product\/6860","targetHints":{"allow":["GET"]}}],"collection":[{"href":"https:\/\/www.pacocinillas.es\/tienda\/wp-json\/wp\/v2\/product"}],"about":[{"href":"https:\/\/www.pacocinillas.es\/tienda\/wp-json\/wp\/v2\/types\/product"}],"replies":[{"embeddable":true,"href":"https:\/\/www.pacocinillas.es\/tienda\/wp-json\/wp\/v2\/comments?post=6860"}],"wp:featuredmedia":[{"embeddable":true,"href":"https:\/\/www.pacocinillas.es\/tienda\/wp-json\/wp\/v2\/media\/6861"}],"wp:attachment":[{"href":"https:\/\/www.pacocinillas.es\/tienda\/wp-json\/wp\/v2\/media?parent=6860"}],"wp:term":[{"taxonomy":"product_brand","embeddable":true,"href":"https:\/\/www.pacocinillas.es\/tienda\/wp-json\/wp\/v2\/product_brand?post=6860"},{"taxonomy":"product_cat","embeddable":true,"href":"https:\/\/www.pacocinillas.es\/tienda\/wp-json\/wp\/v2\/product_cat?post=6860"},{"taxonomy":"product_tag","embeddable":true,"href":"https:\/\/www.pacocinillas.es\/tienda\/wp-json\/wp\/v2\/product_tag?post=6860"}],"curies":[{"name":"wp","href":"https:\/\/api.w.org\/{rel}","templated":true}]}}