{"id":6799,"date":"2020-07-25T15:38:21","date_gmt":"2020-07-25T13:38:21","guid":{"rendered":"https:\/\/www.pacocinillas.es\/tienda\/?post_type=product&#038;p=6799"},"modified":"2026-01-01T18:12:58","modified_gmt":"2026-01-01T16:12:58","slug":"plancha-karbon-steel-classic","status":"publish","type":"product","link":"https:\/\/www.pacocinillas.es\/tienda\/producto\/plancha-karbon-steel-classic\/","title":{"rendered":"PLANCHA KARBON STEEL\u2122 Classic Kamado JOE"},"content":{"rendered":"<div class=\"wpb-content-wrapper\"><p>[vc_row][vc_column][vc_column_text]<\/p>\n<ul class=\"c-description-box__list list-disc ml-6\">\n<li class=\"text-grey-800 opacity-90 text-body-3\">La plancha pre curada de acero al carbono de tama\u00f1o completo es perfecta para desayunar, dorar, asar y saltear<\/li>\n<li class=\"text-grey-800 opacity-90 text-body-3\">La plancha antiadherente se calienta r\u00e1pidamente y mantiene temperaturas constantes<\/li>\n<li class=\"text-grey-800 opacity-90 text-body-3\">Incluye un drenaje de grasa para una limpieza r\u00e1pida y f\u00e1cil<\/li>\n<li class=\"text-grey-800 opacity-90 text-body-3\">Asas de acero inoxidable para servir f\u00e1cilmente<\/li>\n<li class=\"text-grey-800 opacity-90 text-body-3\">El acero al carbono es tan vers\u00e1til como el acero inoxidable y tan conductor como el hierro fundido<\/li>\n<li class=\"text-grey-800 opacity-90 text-body-3\"><\/li>\n<\/ul>\n<p>[\/vc_column_text][\/vc_column][\/vc_row][vc_row][vc_column][vc_single_image image=\u00bb6802&#8243; img_size=\u00bbfull\u00bb alignment=\u00bbcenter\u00bb][\/vc_column][\/vc_row]<\/p>\n<\/div>","protected":false},"excerpt":{"rendered":"<p>Ampl\u00ede la versatilidad de su parrilla de cer\u00e1mica Kamado Joe con la plancha de nuestra colecci\u00f3n Karbon Steel. Transforme instant\u00e1neamente su parrilla en una plancha de tama\u00f1o completo y cocine f\u00e1cilmente el desayuno, dore la carne y las verduras, o saltee su plato favorito. Conocida por ser m\u00e1s ligera que el hierro fundido, la plancha de acero al carbono tambi\u00e9n se calienta r\u00e1pidamente manteniendo una temperatura uniforme, lo que garantiza una cocci\u00f3n uniforme en todo momento.<\/p>\n<ul class=\"c-description-box__list list-disc ml-6\">\n<li class=\"text-grey-800 opacity-90 text-body-3\">Compatible con todas las series Classic Joe de Kamado Joe, Kamado Joe Konnected Joe\u2122, Large Big Green Egg y otras parrillas de carb\u00f3n redondas de 46 cm<\/li>\n<\/ul>\n<p>&nbsp;<\/p>\n","protected":false},"featured_media":6800,"comment_status":"closed","ping_status":"closed","template":"","meta":[],"product_brand":[],"product_cat":[72,151,43],"product_tag":[],"class_list":{"0":"post-6799","1":"product","2":"type-product","3":"status-publish","4":"has-post-thumbnail","6":"product_cat-accesorios","7":"product_cat-accesoriosjoe","8":"product_cat-kamadojoe","10":"first","11":"instock","12":"taxable","13":"shipping-taxable","14":"purchasable","15":"product-type-simple"},"_links":{"self":[{"href":"https:\/\/www.pacocinillas.es\/tienda\/wp-json\/wp\/v2\/product\/6799","targetHints":{"allow":["GET"]}}],"collection":[{"href":"https:\/\/www.pacocinillas.es\/tienda\/wp-json\/wp\/v2\/product"}],"about":[{"href":"https:\/\/www.pacocinillas.es\/tienda\/wp-json\/wp\/v2\/types\/product"}],"replies":[{"embeddable":true,"href":"https:\/\/www.pacocinillas.es\/tienda\/wp-json\/wp\/v2\/comments?post=6799"}],"wp:featuredmedia":[{"embeddable":true,"href":"https:\/\/www.pacocinillas.es\/tienda\/wp-json\/wp\/v2\/media\/6800"}],"wp:attachment":[{"href":"https:\/\/www.pacocinillas.es\/tienda\/wp-json\/wp\/v2\/media?parent=6799"}],"wp:term":[{"taxonomy":"product_brand","embeddable":true,"href":"https:\/\/www.pacocinillas.es\/tienda\/wp-json\/wp\/v2\/product_brand?post=6799"},{"taxonomy":"product_cat","embeddable":true,"href":"https:\/\/www.pacocinillas.es\/tienda\/wp-json\/wp\/v2\/product_cat?post=6799"},{"taxonomy":"product_tag","embeddable":true,"href":"https:\/\/www.pacocinillas.es\/tienda\/wp-json\/wp\/v2\/product_tag?post=6799"}],"curies":[{"name":"wp","href":"https:\/\/api.w.org\/{rel}","templated":true}]}}