{"id":6717,"date":"2023-04-14T08:57:03","date_gmt":"2023-04-14T06:57:03","guid":{"rendered":"https:\/\/www.pacocinillas.es\/tienda\/?post_type=product&#038;p=6717"},"modified":"2025-04-15T11:17:43","modified_gmt":"2025-04-15T09:17:43","slug":"napoleon-prestige-pro-825-rsbi","status":"publish","type":"product","link":"https:\/\/www.pacocinillas.es\/tienda\/producto\/napoleon-prestige-pro-825-rsbi\/","title":{"rendered":"NAPOLEON PRESTIGE PRO\u2122 825 RSBI"},"content":{"rendered":"<div class=\"wpb-content-wrapper\"><p>[vc_row][vc_column][vc_video link=\u00bbhttps:\/\/www.youtube.com\/watch?v=AeDbA7dZAOc\u00bb align=\u00bbcenter\u00bb][vc_column_text]La barbacoa de gas propano Prestige PRO\u2122 825 de Napoleon con un quemador lateral de potencia y quemadores inferiores y traseros infrarrojos prueba que dos tapas son mejores que una.<\/p>\n<p>En la parte exterior, un cuerpo brillante de acero inoxidable le brinda durabilidad contra los elementos, mientras que los detalles en cromo le agregan lujo. Las perillas de control NIGHT LIGHT\u2122 de LED Spectrum tienen opciones de colores casi ilimitadas que facilitan mucho el entretenimiento nocturno y, para m\u00e1s seguridad, se iluminan en rojo cuando queda el gas encendido. Sabr\u00e1 que est\u00e1 usando un producto de Napoleon con las rejillas WAVE\u2122 ic\u00f3nicas que le permitir\u00e1n obtener esas marcas de sellado \u00fanicas. La tapa de la parrilla principal es lo suficientemente grande para asar para una multitud y proporciona mucha cocci\u00f3n a gas, que incluye convertir su parrilla en un ahumador con el tubo de ahumador integrado y el quemador especial. La segunda tapa incluye dos quemadores infrarrojos de cer\u00e1mica que alcanzan alta temperatura en segundos, ideal para sellar filetes con calidad de restaurante. La Prestige PRO\u2122825 tambi\u00e9n tiene un quemador lateral de potencia de dos etapas con una rejilla reversible, ideal para salsas, salteados y guarniciones[\/vc_column_text][vc_column_text]<\/p>\n<ul>\n<li class=\"field__item\">99.000 BTU<\/li>\n<li class=\"field__item\">5 quemadores principales de acero inoxidable<\/li>\n<li class=\"field__item\">1140 in\u00b2 de superficie total de cocci\u00f3n<\/li>\n<li class=\"field__item\">Perillas NIGHT LIGHT\u2122 de RGB Spectrum con SafetyGlow<\/li>\n<li class=\"field__item\">Quemador lateral infrarrojo SIZZLE ZONE\u2122 grande<\/li>\n<li class=\"field__item\">Tapa superior deslizante LIFT EASE\u2122<\/li>\n<li class=\"field__item\">Quemador trasero infrarrojo del rostizador<\/li>\n<li class=\"field__item\">Placas de sellado de acero inoxidable de dos niveles<\/li>\n<li class=\"field__item\">Luces del interior de la parrilla<\/li>\n<li class=\"field__item\">Bandeja integrada para quemar astillas de madera<\/li>\n<li class=\"field__item\">Encendido inmediato JETFIRE\u2122<\/li>\n<li class=\"field__item\">Iluminaci\u00f3n por proximidad con el logotipo de Napoleon<\/li>\n<li class=\"field__item\">Rostizador incluido<\/li>\n<\/ul>\n<p>[\/vc_column_text][\/vc_column][\/vc_row][vc_row][vc_column width=\u00bb1\/4&#8243;][\/vc_column][vc_column width=\u00bb1\/4&#8243;][vc_btn title=\u00bbMANUAL\u00bb color=\u00bbjuicy-pink\u00bb link=\u00bburl:https%3A%2F%2Fwww.napoleon.com%2Fsites%2Fdefault%2Ffiles%2Fproducts%2FPrestige%2520Pro%2520Series%2520500_665_825%2520CE-ES.pdf|target:_blank\u00bb][\/vc_column][vc_column width=\u00bb1\/4&#8243;][vc_btn title=\u00bbGU\u00cdA DE ENSAMBLAJE\u00bb color=\u00bbblack\u00bb link=\u00bburl:https%3A%2F%2Fwww.napoleon.com%2Fsites%2Fdefault%2Ffiles%2Fproducts%2FPrestige%2520PRO%2520825%2520665%2520Assembly%2520Guide.pdf|target:_blank\u00bb][\/vc_column][vc_column width=\u00bb1\/4&#8243;][\/vc_column][\/vc_row][vc_row][vc_column][vc_video link=\u00bbhttps:\/\/www.youtube.com\/watch?v=HeQBp-Bln_E\u00bb align=\u00bbcenter\u00bb title=\u00bbV\u00eddeo de ensamblaje\u00bb][\/vc_column][\/vc_row]<\/p>\n<\/div>","protected":false},"excerpt":{"rendered":"<p>La NAPOLEON PRESTIGE PRO\u2122 825 RSBI cuenta con 10 quemadores y los quemadores laterales y traseros son infrarrojos.<\/p>\n<p>Tipo de combustible: PROPANO<\/p>\n","protected":false},"featured_media":6723,"comment_status":"closed","ping_status":"closed","template":"","meta":[],"product_brand":[],"product_cat":[118,143],"product_tag":[],"class_list":{"0":"post-6717","1":"product","2":"type-product","3":"status-publish","4":"has-post-thumbnail","6":"product_cat-napoleon","7":"product_cat-napoleonprestigepro","9":"first","10":"instock","11":"taxable","12":"shipping-taxable","13":"purchasable","14":"product-type-simple"},"_links":{"self":[{"href":"https:\/\/www.pacocinillas.es\/tienda\/wp-json\/wp\/v2\/product\/6717","targetHints":{"allow":["GET"]}}],"collection":[{"href":"https:\/\/www.pacocinillas.es\/tienda\/wp-json\/wp\/v2\/product"}],"about":[{"href":"https:\/\/www.pacocinillas.es\/tienda\/wp-json\/wp\/v2\/types\/product"}],"replies":[{"embeddable":true,"href":"https:\/\/www.pacocinillas.es\/tienda\/wp-json\/wp\/v2\/comments?post=6717"}],"wp:featuredmedia":[{"embeddable":true,"href":"https:\/\/www.pacocinillas.es\/tienda\/wp-json\/wp\/v2\/media\/6723"}],"wp:attachment":[{"href":"https:\/\/www.pacocinillas.es\/tienda\/wp-json\/wp\/v2\/media?parent=6717"}],"wp:term":[{"taxonomy":"product_brand","embeddable":true,"href":"https:\/\/www.pacocinillas.es\/tienda\/wp-json\/wp\/v2\/product_brand?post=6717"},{"taxonomy":"product_cat","embeddable":true,"href":"https:\/\/www.pacocinillas.es\/tienda\/wp-json\/wp\/v2\/product_cat?post=6717"},{"taxonomy":"product_tag","embeddable":true,"href":"https:\/\/www.pacocinillas.es\/tienda\/wp-json\/wp\/v2\/product_tag?post=6717"}],"curies":[{"name":"wp","href":"https:\/\/api.w.org\/{rel}","templated":true}]}}