{"id":6666,"date":"2023-02-12T12:51:46","date_gmt":"2023-02-12T10:51:46","guid":{"rendered":"https:\/\/www.pacocinillas.es\/tienda\/?post_type=product&#038;p=6666"},"modified":"2024-03-06T09:05:17","modified_gmt":"2024-03-06T07:05:17","slug":"spin-120-table-fire-gris","status":"publish","type":"product","link":"https:\/\/www.pacocinillas.es\/tienda\/producto\/spin-120-table-fire-gris\/","title":{"rendered":"SPIN 120 Table Fire Gris"},"content":{"rendered":"<div class=\"wpb-content-wrapper\"><p>[vc_row][vc_column][vc_video link=\u00bbhttps:\/\/www.youtube.com\/watch?v=ouvScfQBPaA\u00bb align=\u00bbcenter\u00bb][\/vc_column][\/vc_row][vc_row][vc_column][vc_column_text]Las llamas\u00a0 proporcionan un calor acogedor y momentos de armon\u00eda, he incluso puede disfrutarse desde el sof\u00e1 del sal\u00f3n. El cilindro de cristal no s\u00f3lo es decorativo, sino que tambi\u00e9n irradia una acogedora calidez.<\/p>\n<p>Una forma de hacer fuego que requiere poco mantenimiento, no tiene olor y no produce humo. El bioetanol de H\u00f6fats lo hace posible.<\/p>\n<p><strong>El secreto del remolino de llamas<\/strong>: \u00a0El bioetanol de H\u00f6fats arde en el cilindro del cristal , las llamas se elevan y se hacen girar por tres deflectores. El efecto de chimenea en el cristal intensifica el efecto y tira del fuego de forma impresionante hacia arriba.<\/p>\n<p><strong>El combustible (natural y sostenible)<\/strong>: El bioetanol de H\u00f6fats es un alcohol puro obtenido a partir de materias primas renovables y residuos biol\u00f3gicos. Este combustible natural para SPIN<\/p>\n<p><strong>Caracter\u00edsticas:<\/strong><\/p>\n<ul>\n<li>Material: Carcasa: acero inoxidable; Cilindro de cristal: (borosilicato).<\/li>\n<li>500 % Boost: llama giratoria y efecto chimenea.<\/li>\n<li>Para interiores y exteriores.<\/li>\n<li>Irradia un calor agradable<\/li>\n<li>Sin olor y sin humo*.<\/li>\n<li>Tiempo de combusti\u00f3n aprox. 80 min. con aprox. 500 ml de gel de combusti\u00f3n .<\/li>\n<li>Incluye una lata de recarga vac\u00eda para rellenar.<\/li>\n<li>Dimensiones: Base: \u00d8 23 cm, Tubo de cristal: \u00d8 12 cm, altura de 54 cm montado.<\/li>\n<li>Peso: 4,3 kg.<\/li>\n<\/ul>\n<p><strong>* Sin olor y sin humo* Cuando se utiliza bioetanol H\u00f6fats. Combustible natural y sostenible.<\/strong><br \/>\n<strong>* El bioetanol SPIN no est\u00e1 incluido. (Se puede pedir por separado).<\/strong>[\/vc_column_text][\/vc_column][\/vc_row][vc_row][vc_column][vc_btn title=\u00bbMANUAL DE INSTRUCCIONES (esp)\u00bb color=\u00bbjuicy-pink\u00bb align=\u00bbcenter\u00bb link=\u00bburl:https%3A%2F%2Fwww.pacocinillas.es%2Ftienda%2Fwp-content%2Fuploads%2F2023%2F03%2Fspin_manual-digital.pdf|target:_blank\u00bb][\/vc_column][\/vc_row][vc_row][vc_column][vc_single_image image=\u00bb6668&#8243; img_size=\u00bbfull\u00bb][vc_single_image image=\u00bb6667&#8243; img_size=\u00bbfull\u00bb alignment=\u00bbcenter\u00bb][\/vc_column][\/vc_row]<\/p>\n<\/div>","protected":false},"excerpt":{"rendered":"<p><strong>Fuego de mesa Spin 120<\/strong>\u00a0de la marca\u00a0<strong>H\u00f6fats<\/strong>. Gracias al remolino de llamas en el cilindro de cristal decorativo Spin 120 evoca el mejor ambiente en su balc\u00f3n, terraza o sal\u00f3n.<\/p>\n","protected":false},"featured_media":6669,"comment_status":"closed","ping_status":"closed","template":"","meta":[],"product_brand":[],"product_cat":[73],"product_tag":[],"class_list":{"0":"post-6666","1":"product","2":"type-product","3":"status-publish","4":"has-post-thumbnail","6":"product_cat-pacocinillas","8":"first","9":"onbackorder","10":"taxable","11":"shipping-taxable","12":"purchasable","13":"product-type-simple"},"_links":{"self":[{"href":"https:\/\/www.pacocinillas.es\/tienda\/wp-json\/wp\/v2\/product\/6666","targetHints":{"allow":["GET"]}}],"collection":[{"href":"https:\/\/www.pacocinillas.es\/tienda\/wp-json\/wp\/v2\/product"}],"about":[{"href":"https:\/\/www.pacocinillas.es\/tienda\/wp-json\/wp\/v2\/types\/product"}],"replies":[{"embeddable":true,"href":"https:\/\/www.pacocinillas.es\/tienda\/wp-json\/wp\/v2\/comments?post=6666"}],"wp:featuredmedia":[{"embeddable":true,"href":"https:\/\/www.pacocinillas.es\/tienda\/wp-json\/wp\/v2\/media\/6669"}],"wp:attachment":[{"href":"https:\/\/www.pacocinillas.es\/tienda\/wp-json\/wp\/v2\/media?parent=6666"}],"wp:term":[{"taxonomy":"product_brand","embeddable":true,"href":"https:\/\/www.pacocinillas.es\/tienda\/wp-json\/wp\/v2\/product_brand?post=6666"},{"taxonomy":"product_cat","embeddable":true,"href":"https:\/\/www.pacocinillas.es\/tienda\/wp-json\/wp\/v2\/product_cat?post=6666"},{"taxonomy":"product_tag","embeddable":true,"href":"https:\/\/www.pacocinillas.es\/tienda\/wp-json\/wp\/v2\/product_tag?post=6666"}],"curies":[{"name":"wp","href":"https:\/\/api.w.org\/{rel}","templated":true}]}}