{"id":6657,"date":"2018-02-12T10:15:17","date_gmt":"2018-02-12T08:15:17","guid":{"rendered":"https:\/\/www.pacocinillas.es\/tienda\/?post_type=product&#038;p=6657"},"modified":"2026-01-06T13:37:40","modified_gmt":"2026-01-06T11:37:40","slug":"napoleon-funda-para-travelq","status":"publish","type":"product","link":"https:\/\/www.pacocinillas.es\/tienda\/producto\/napoleon-funda-para-travelq\/","title":{"rendered":"NAPOLEON Funda para TRAVELQ\u2122 PRO285 Y 285"},"content":{"rendered":"<div class=\"wpb-content-wrapper\"><p>[vc_row][vc_column][vc_column_text]Proteja su parrilla port\u00e1til favorita, TravelQ\u2122, con esta cubierta para parrilla pr\u00e9mium duradera y resistente al agua para TravelQ\u2122 285 y PRO285.<\/p>\n<p>La tela no se quiebra y los mejorados inhibidores de UV brindan mayor resistencia a la decoloraci\u00f3n. No hay mejor opci\u00f3n que la cubierta para parrilla pr\u00e9mium para proteger a su parrilla contra el tiempo durante todo el a\u00f1o.[\/vc_column_text][vc_single_image image=\u00bb6659&#8243; img_size=\u00bbfull\u00bb][\/vc_column][\/vc_row]<\/p>\n<\/div>","protected":false},"excerpt":{"rendered":"<p>Funda para NAPOLEON TRAVELQ\u2122. La tela duradera y resistente al agua de esta funda no se quiebra.<\/p>\n<p>Los mejorados inhibidores de rayos UV brindan mayor resistencia a la decoloraci\u00f3n.<\/p>\n<div class=\"field__item\">\n<article class=\"node node--type-product node--view-mode-compatible-product\" role=\"article\" data-history-node-id=\"220881\" data-nid=\"220881\">\n<div class=\"node__content\">\n<div class=\"field field--name-field-part-id field--type-string field--label-hidden field__item\">Compatible con los modelos:<br \/>\nPRO285-BK-ES<\/div>\n<\/div>\n<\/article>\n<\/div>\n<div class=\"field__item\">\n<article class=\"node node--type-product node--view-mode-compatible-product\" role=\"article\" data-history-node-id=\"221051\" data-nid=\"221051\">\n<div class=\"node__content\">\n<div class=\"field field--name-field-part-id field--type-string field--label-hidden field__item\">PRO285E-BK-CE<\/div>\n<\/div>\n<\/article>\n<\/div>\n","protected":false},"featured_media":6658,"comment_status":"closed","ping_status":"closed","template":"","meta":[],"product_brand":[],"product_cat":[72,160,118],"product_tag":[],"class_list":{"0":"post-6657","1":"product","2":"type-product","3":"status-publish","4":"has-post-thumbnail","6":"product_cat-accesorios","7":"product_cat-accesoriosnapoleon","8":"product_cat-napoleon","10":"first","11":"instock","12":"taxable","13":"shipping-taxable","14":"purchasable","15":"product-type-simple"},"_links":{"self":[{"href":"https:\/\/www.pacocinillas.es\/tienda\/wp-json\/wp\/v2\/product\/6657","targetHints":{"allow":["GET"]}}],"collection":[{"href":"https:\/\/www.pacocinillas.es\/tienda\/wp-json\/wp\/v2\/product"}],"about":[{"href":"https:\/\/www.pacocinillas.es\/tienda\/wp-json\/wp\/v2\/types\/product"}],"replies":[{"embeddable":true,"href":"https:\/\/www.pacocinillas.es\/tienda\/wp-json\/wp\/v2\/comments?post=6657"}],"wp:featuredmedia":[{"embeddable":true,"href":"https:\/\/www.pacocinillas.es\/tienda\/wp-json\/wp\/v2\/media\/6658"}],"wp:attachment":[{"href":"https:\/\/www.pacocinillas.es\/tienda\/wp-json\/wp\/v2\/media?parent=6657"}],"wp:term":[{"taxonomy":"product_brand","embeddable":true,"href":"https:\/\/www.pacocinillas.es\/tienda\/wp-json\/wp\/v2\/product_brand?post=6657"},{"taxonomy":"product_cat","embeddable":true,"href":"https:\/\/www.pacocinillas.es\/tienda\/wp-json\/wp\/v2\/product_cat?post=6657"},{"taxonomy":"product_tag","embeddable":true,"href":"https:\/\/www.pacocinillas.es\/tienda\/wp-json\/wp\/v2\/product_tag?post=6657"}],"curies":[{"name":"wp","href":"https:\/\/api.w.org\/{rel}","templated":true}]}}