{"id":6466,"date":"2023-02-02T14:59:31","date_gmt":"2023-02-02T12:59:31","guid":{"rendered":"https:\/\/www.pacocinillas.es\/tienda\/?post_type=product&#038;p=6466"},"modified":"2023-11-22T17:10:49","modified_gmt":"2023-11-22T15:10:49","slug":"petromax-dutch-oven-ft4-5","status":"publish","type":"product","link":"https:\/\/www.pacocinillas.es\/tienda\/producto\/petromax-dutch-oven-ft4-5\/","title":{"rendered":"Petromax Dutch oven ft4,5"},"content":{"rendered":"<div class=\"wpb-content-wrapper\"><p>[vc_row][vc_column][vc_column_text]<strong>Hierro fundido calidad Petromax<\/strong><br \/>\nGracias a las sorprendentes caracter\u00edsticas del hierro fundido y la estructura especial de la superficie, el calor se almacena y distribuye de manera eficiente.\u00a0La superficie pretratada (acabado curado) hace innecesario un primer curado, y el robusto horno holand\u00e9s se puede utilizar de inmediato.\u00a0Al aire libre, se usa en un fuego abierto o con carb\u00f3n y briquetas.\u00a0El borde elevado de la tapa permite colocar brasas o carb\u00f3n tambi\u00e9n en el horno holand\u00e9s.\u00a0El horno holand\u00e9s se calienta por todos lados y, por ejemplo, es adecuado para hornear pan.<\/p>\n<p><strong>Gran placer culinario gracias a detalles sofisticados<\/strong><br \/>\nEl horno holand\u00e9s est\u00e1 provisto de ingeniosos detalles que facilitan su manejo y te ofrecen una experiencia de cocina incre\u00edble.\u00a0El horno holand\u00e9s se puede levantar de forma segura gracias a un asa resistente, y un orificio para el term\u00f3metro le permite verificar la temperatura sin tener que levantar la tapa.\u00a0Cuando lo necesite, levantar la tapa caliente es particularmente f\u00e1cil gracias al elevador de tapa Petromax.\u00a0Otra caracter\u00edstica especial es que la tapa hacia arriba tambi\u00e9n se puede utilizar como sart\u00e9n.\u00a0Adem\u00e1s de todos estos ingeniosos detalles, el horno holand\u00e9s tiene un dise\u00f1o tradicional de Petromax: la tapa est\u00e1 decorada con el elegante logotipo del drag\u00f3n, que siempre ha sido sin\u00f3nimo de excelente calidad y productos de alta gama.\u00a0Sopas, platos de carne, as\u00ed como guisos, guisos e incluso pasteles, se pueden preparar de manera excelente en el horno holand\u00e9s.<\/p>\n<p><strong>Disponible en varios tama\u00f1os y se puede completar con pr\u00e1cticos accesorios<\/strong><br \/>\n. La Olla Petromax est\u00e1 disponible en varios tama\u00f1os, para que se pueda elegir el adecuado seg\u00fan la receta o el n\u00famero de personas.\u00a0El modelo superior mediano ft9 del horno holand\u00e9s sin patas tiene una capacidad de aprox.\u00a07,5 litros\u00a0Permite cocinar comidas para hasta 8-14 personas.\u00a0Para el horno holand\u00e9s Petromax, est\u00e1n disponibles otros accesorios adem\u00e1s del levantador de tapa, como la bolsa de transporte y almacenamiento, el acondicionador de cuidado y tambi\u00e9n utensilios de limpieza para hierro fundido.\u00a0Adem\u00e1s, ofrecemos un salvamanteles para horno holand\u00e9s y salvamanteles de hierro fundido (pies 6 y m\u00e1s) que hacen posible cocinar y hornear alimentos sin quemar nada.<\/p>\n<p>[\/vc_column_text][\/vc_column][\/vc_row][vc_row][vc_column][vc_single_image image=\u00bb5625&#8243; img_size=\u00bb\u00bb alignment=\u00bbcenter\u00bb][\/vc_column][\/vc_row]<\/p>\n<\/div>","protected":false},"excerpt":{"rendered":"<p>El horno holand\u00e9s original Petromax es ideal para cocinar y hornear al aire libre o en el horno en casa.\u00a0Las ollas de hierro fundido existen desde el siglo XVIII.\u00a0Incluso en ese momento se apreciaron las propiedades \u00fanicas del hierro fundido.\u00a0Con el horno holand\u00e9s, Petromax retoma esta tradici\u00f3n y tambi\u00e9n dota al horno holand\u00e9s de una multitud de detalles refinados.<\/p>\n<p>Di\u00e1metro: 26 cm.<br \/>\nCapacidad: 4 l.<\/p>\n","protected":false},"featured_media":6467,"comment_status":"closed","ping_status":"closed","template":"","meta":[],"product_brand":[],"product_cat":[72,125],"product_tag":[],"class_list":{"0":"post-6466","1":"product","2":"type-product","3":"status-publish","4":"has-post-thumbnail","6":"product_cat-accesorios","7":"product_cat-petromax","9":"first","10":"outofstock","11":"taxable","12":"shipping-taxable","13":"purchasable","14":"product-type-simple"},"_links":{"self":[{"href":"https:\/\/www.pacocinillas.es\/tienda\/wp-json\/wp\/v2\/product\/6466","targetHints":{"allow":["GET"]}}],"collection":[{"href":"https:\/\/www.pacocinillas.es\/tienda\/wp-json\/wp\/v2\/product"}],"about":[{"href":"https:\/\/www.pacocinillas.es\/tienda\/wp-json\/wp\/v2\/types\/product"}],"replies":[{"embeddable":true,"href":"https:\/\/www.pacocinillas.es\/tienda\/wp-json\/wp\/v2\/comments?post=6466"}],"wp:featuredmedia":[{"embeddable":true,"href":"https:\/\/www.pacocinillas.es\/tienda\/wp-json\/wp\/v2\/media\/6467"}],"wp:attachment":[{"href":"https:\/\/www.pacocinillas.es\/tienda\/wp-json\/wp\/v2\/media?parent=6466"}],"wp:term":[{"taxonomy":"product_brand","embeddable":true,"href":"https:\/\/www.pacocinillas.es\/tienda\/wp-json\/wp\/v2\/product_brand?post=6466"},{"taxonomy":"product_cat","embeddable":true,"href":"https:\/\/www.pacocinillas.es\/tienda\/wp-json\/wp\/v2\/product_cat?post=6466"},{"taxonomy":"product_tag","embeddable":true,"href":"https:\/\/www.pacocinillas.es\/tienda\/wp-json\/wp\/v2\/product_tag?post=6466"}],"curies":[{"name":"wp","href":"https:\/\/api.w.org\/{rel}","templated":true}]}}