{"id":6416,"date":"2020-12-28T18:10:42","date_gmt":"2020-12-28T16:10:42","guid":{"rendered":"https:\/\/www.pacocinillas.es\/tienda\/?post_type=product&#038;p=6416"},"modified":"2025-05-01T23:49:50","modified_gmt":"2025-05-01T21:49:50","slug":"parrilla-de-rejilla-para-ofyr-xl","status":"publish","type":"product","link":"https:\/\/www.pacocinillas.es\/tienda\/producto\/parrilla-de-rejilla-para-ofyr-xl\/","title":{"rendered":"Parrilla de rejilla para OFYR XL"},"content":{"rendered":"<div class=\"wpb-content-wrapper\"><p>[vc_row][vc_column][vc_column_text]<\/p>\n<section class=\"page-product-box\">\n<div class=\"rte\">\n<p>Esta robusta parrilla de rejilla OFYR XL de dos piezas es ideal para cocinar cortes de carne grandes en la barbacoa OFYR. Coloque la parrilla y el soporte directamente sobre el fuego para obtener un sabor m\u00e1s intenso. Al no saturarse la plancha para cocinar de OFYR, puede asar otros alimentos al mismo tiempo y, colocando el soporte, tambi\u00e9n puede echar m\u00e1s madera al fuego f\u00e1cilmente.<\/p>\n<p>&nbsp;<\/p>\n<p><strong>CARACTER\u00cdSTICAS T\u00c9CNICAS:<\/strong><\/p>\n<p>Material:<\/p>\n<p>Parrilla de rejilla: Acero negro<\/p>\n<p>Soporte de la parrilla: Acero negro<\/p>\n<p>Dimensiones:<\/p>\n<p>Parrilla de rejilla: \u00d876 cm<\/p>\n<p>Altura de la parrilla de rejilla: \u00b1 1,2 cm<\/p>\n<p>Soporte de la parrilla: \u00d880 cm<\/p>\n<p>Altura del soporte de la parrilla: 26 cm<\/p>\n<p>Peso total: 24,5 kg<\/p>\n<p>Apta para Modelos OFYR XL<\/p>\n<\/div>\n<\/section>\n<section class=\"page-product-box\"><\/section>\n<section class=\"page-product-box blockproductscategory products_block block nopadding\"><\/section>\n<p>[\/vc_column_text][\/vc_column][\/vc_row][vc_row][vc_column][vc_video link=\u00bbhttps:\/\/www.youtube.com\/watch?v=o5U6E767Y6g\u00bb align=\u00bbcenter\u00bb][\/vc_column][\/vc_row]<\/p>\n<\/div>","protected":false},"excerpt":{"rendered":"<p>Esta robusta parrilla de rejilla OFYR XL de dos piezas es ideal para cocinar cortes de carne grandes en la barbacoa OFYR. Coloque la parrilla y el soporte directamente sobre el fuego para obtener un sabor m\u00e1s intenso.<\/p>\n<p><img loading=\"lazy\" decoding=\"async\" class=\"alignnone size-full wp-image-3531\" src=\"https:\/\/www.pacocinillas.es\/tienda\/wp-content\/uploads\/2020\/04\/LOGO_OFYR.jpg\" alt=\"\" width=\"196\" height=\"136\" \/><\/p>\n","protected":false},"featured_media":4210,"comment_status":"closed","ping_status":"closed","template":"","meta":[],"product_brand":[],"product_cat":[72,100],"product_tag":[],"class_list":{"0":"post-6416","1":"product","2":"type-product","3":"status-publish","4":"has-post-thumbnail","6":"product_cat-accesorios","7":"product_cat-ofyr","9":"first","10":"instock","11":"taxable","12":"shipping-taxable","13":"purchasable","14":"product-type-simple"},"_links":{"self":[{"href":"https:\/\/www.pacocinillas.es\/tienda\/wp-json\/wp\/v2\/product\/6416","targetHints":{"allow":["GET"]}}],"collection":[{"href":"https:\/\/www.pacocinillas.es\/tienda\/wp-json\/wp\/v2\/product"}],"about":[{"href":"https:\/\/www.pacocinillas.es\/tienda\/wp-json\/wp\/v2\/types\/product"}],"replies":[{"embeddable":true,"href":"https:\/\/www.pacocinillas.es\/tienda\/wp-json\/wp\/v2\/comments?post=6416"}],"wp:featuredmedia":[{"embeddable":true,"href":"https:\/\/www.pacocinillas.es\/tienda\/wp-json\/wp\/v2\/media\/4210"}],"wp:attachment":[{"href":"https:\/\/www.pacocinillas.es\/tienda\/wp-json\/wp\/v2\/media?parent=6416"}],"wp:term":[{"taxonomy":"product_brand","embeddable":true,"href":"https:\/\/www.pacocinillas.es\/tienda\/wp-json\/wp\/v2\/product_brand?post=6416"},{"taxonomy":"product_cat","embeddable":true,"href":"https:\/\/www.pacocinillas.es\/tienda\/wp-json\/wp\/v2\/product_cat?post=6416"},{"taxonomy":"product_tag","embeddable":true,"href":"https:\/\/www.pacocinillas.es\/tienda\/wp-json\/wp\/v2\/product_tag?post=6416"}],"curies":[{"name":"wp","href":"https:\/\/api.w.org\/{rel}","templated":true}]}}