{"id":6296,"date":"2018-09-10T11:18:39","date_gmt":"2018-09-10T09:18:39","guid":{"rendered":"https:\/\/www.pacocinillas.es\/tienda\/?post_type=product&#038;p=6296"},"modified":"2026-01-03T11:24:51","modified_gmt":"2026-01-03T09:24:51","slug":"bbq-guru-dyna-q","status":"publish","type":"product","link":"https:\/\/www.pacocinillas.es\/tienda\/producto\/bbq-guru-dyna-q\/","title":{"rendered":"BBQ GURU Dyna Q"},"content":{"rendered":"<div class=\"block md-bottom product-description-block \">\n<div class=\"block-content\">\n<div class=\"product-description typo\">\n<p><strong>\u00bfQu\u00e9 incluye el control de temperatura DynaQ de BBQ GURU?<\/strong><\/p>\n<p><strong>INCLUYE:<\/strong><\/p>\n<ul>\n<li>Bluetooth utilizable y configurable solo a trav\u00e9s de la aplicaci\u00f3n.<\/li>\n<li>1 sonda para la parrilla de la barbacoa<\/li>\n<li>1 sonda para alimentos<\/li>\n<li>Modo de ajuste para seleccionar temperatura de la barbacoa<\/li>\n<li>Marco LED con representaci\u00f3n con color azul o rojo del estado.<\/li>\n<li>Soporte 5 en 1 para colocarlo d\u00f3nde mejor se adapte a tus necesidades.<\/li>\n<li>Cable de alimentaci\u00f3n en espiral conecta su ventilador integrado en su cocina Monolith a su controlador de temperatura BBQ Guru.<\/li>\n<\/ul>\n<p>En colaboraci\u00f3n con nuestro socio estadounidense BBQ Guru, hemos creado la barbacoa Monolith m\u00e1s avanzada del mercado en la que se une tradici\u00f3n e innovaci\u00f3n.<\/p>\n<p><strong>El sistema completo inteligente GURU consta de:<\/strong><\/p>\n<p><img loading=\"lazy\" decoding=\"async\" src=\"https:\/\/monolith-grill.eu\/es\/wp-content\/uploads\/sites\/20\/2020\/03\/Monolith-how-it-works.gif\" alt=\"\" width=\"550\" height=\"470\" \/><\/p>\n<p>&nbsp;<\/p>\n<ul>\n<li>Un ventilador inteligente, que viene por defecto en la edici\u00f3n GURU.<\/li>\n<\/ul>\n<h5>\u00a0En todos los modelos de la Serie Pro 2.0 que no son edici\u00f3n GURU, se puede adquirir a parte ya que ahora todos vienen con un adaptador preinstalado para el ventilador.<\/h5>\n<ul>\n<li>Y, a parte, puede escoger un dispositivo de control inteligente de temperatura\u00a0con sensor que est\u00e1 disponible en diferentes versiones:\u00a0<strong>\u00a0DynaQ.\u00a0<\/strong>y UltraQ.<strong>La barbacoa Kamado no incluye pero requiere para convertirla en versi\u00f3n GURU, el sistema de control de temperatura para funcionar junto al ventilador.<\/strong>\u00a0Si ya tienes tu barbacoa kamado edici\u00f3n GURU, este modelo es ideal y sino, te recomendamos estudiar los diferentes controles y escoger el que m\u00e1s se adapte a tus necesidades.<strong>Funcionamiento combinado: ventilador BBQ Guru + controlador inteligente BBQ Guru<\/strong>\n<p>El controlador inteligente BBQ Guru, tiene un sensor de temperatura que colocado en la rejilla de la parrilla, es el que monitoriza la temperatura del espacio de cocci\u00f3n y despu\u00e9s, la unidad de control digital (BBQ Guru), es la que regula el control de la temperatura.<\/p>\n<p>Si la temperatura del espacio de cocci\u00f3n baja, el ventilador sopla aire (ox\u00edgeno) hacia la c\u00e1mara de combusti\u00f3n y hace que el carb\u00f3n genere temperaturas m\u00e1s altas. Una vez que se ha alcanzado la temperatura objetivo, el ventilador solo sopla aire en lotes de forma que mantiene la temperatura objetivo previamente establecida en el dispositivo inteligente BBQ Guru.<\/p>\n<p>El dispositivo est\u00e1 disponible en 2 versiones diferentes pero si de momento no lo adquieres y por tanto no habr\u00e1 ning\u00fan dispositivo de control BBQ Gur\u00fa conectado, simplemente puedes regular el flujo de ox\u00edgeno manualmente con la apertura del\u00a0tiro.<\/p>\n<p>El control manual funciona muy bien incluso sin la asistencia electr\u00f3nica, siempre que la temperatura ambiente (por ejemplo, durante la noche) no cambie significativamente. Esto significa que una vez que se ha ajustado el tiro, la temperatura permanece constante durante muchas horas.<\/p>\n<p>La diferencia principal reside en que con el cerebro del sistema (el control BBQ Guru), una vez conectado al ventilador, te dar\u00e1 acceso remoto a tu sesi\u00f3n de cocinado y una vez est\u00e1s conectado, puedes ajustar la temperatura y recibir alertas mientras haces recados, trabajas, est\u00e1s en la oficina, en familia, viendo una pel\u00edcula&#8230;es decir, te da completa libertad. Y aqu\u00ed es donde marca la diferencia y merece realmente la pena ya que es capaz de funcionar en piloto autom\u00e1tico m\u00e1s de 24 horas con 2,5 &#8211; 3 kg de carb\u00f3n aproximadamente.<\/li>\n<\/ul>\n<h4><strong>CONTROL DE LA TEMPERATURA Y CIBERCLOUD (NUBE)<\/strong><\/h4>\n<p>Con el dispositivo UltraQ, sincronice su Monolith con la nube y con las funciones complementarias de la p\u00e1gina web\u00a0\u00a0<a href=\"https:\/\/sharemycook.com\/\" target=\"_blank\" rel=\"noopener\">ShareMyCook.com<\/a>.<\/p>\n<p>\u00danase a nuestra comunidad en l\u00ednea; cree y comparta recetas con otros aficionados a la barbacoa y a la cocina en general, vea c\u00f3mo utilizan el kamado otros expertos, suba fotograf\u00edas de sus mejores platos y conozca y anime a otras personas a que compartan su afici\u00f3n por la cocina.<\/p>\n<h5><img loading=\"lazy\" decoding=\"async\" src=\"https:\/\/slpbarbacoas.com\/img\/cms\/MONOLITH\/LeChef\/monolith-bbq-guru-edition-1.jpg\" alt=\"\" width=\"400\" height=\"403\" \/><\/h5>\n<h4><strong>MODO DE AUMENTO DE LA TEMPERATURA<br \/>\n<\/strong><\/h4>\n<p>Esta funci\u00f3n permite reducir la temperatura del espacio de cocci\u00f3n antes de que se alcance la temperatura central de los alimentos. Si el modo de aumento (\u00abramp\u00bb) de la temperatura est\u00e1 ajustado en (rAY), se activa a una temperatura baja (aproximadamente 110\u00b0 C). Este modo se utiliza para las \u201ccocciones prolongadas\u201d, con la idea de que los alimentos no se cocinen excesivamente.<\/p>\n<p>Esta funci\u00f3n reduce gradualmente la temperatura del espacio de cocci\u00f3n a la temperatura del centro de los alimentos que se haya ajustado en cuanto la diferencia entre las temperaturas detectadas por el sensor del espacio de cocci\u00f3n y por el sensor de la temperatura central es de aproximadamente 10 \u00b0C. La unidad de control mantiene la temperatura del espacio de cocci\u00f3n ligeramente por encima de la temperatura central mientras haya disponible carb\u00f3n (combustible).<\/p>\n<p><img loading=\"lazy\" decoding=\"async\" src=\"https:\/\/slpbarbacoas.com\/img\/cms\/MONOLITH\/LeChef\/bbq-guru-ramp-mode.jpg\" alt=\"\" width=\"400\" height=\"403\" \/><\/p>\n<h4><strong>TAPA ABIERTA<br \/>\n<\/strong><\/h4>\n<p>Esta funci\u00f3n permite que la temperatura ajustada se restablezca r\u00e1pidamente despu\u00e9s de abrir la tapa. Si la opci\u00f3n \u201cTapa abierta\u201d se ajusta en (oLY) en el men\u00fa, se activa la detecci\u00f3n de tapa abierta. Cuando se abre la tapa, la temperatura se reduce. Ese enfriamiento repentino puede hacer que el ventilador \u201cfuerce\u201d la combusti\u00f3n de carb\u00f3n (combustible) y que se supere la temperatura de cocci\u00f3n deseada despu\u00e9s de haber cerrado la tapa. Este modo detecta si la tapa del horno est\u00e1 abierta y minimiza el funcionamiento del ventilador durante este tiempo.<\/p>\n<p>La temperatura siempre se incrementa si la tapa del espacio de cocci\u00f3n se abre y se cierra con frecuencia, incluso si el ventilador est\u00e1 apagado. En el ajuste de f\u00e1brica, el modo \u201cTapa abierta\u201d est\u00e1 siempre activado. Desactive esta funci\u00f3n si tiene problemas de flujo de aire excesivo. Con el fin de evitar falsas alarmas, cuando este modo est\u00e1 activado no suena ninguna alarma cuando la temperatura se reduce y la tapa est\u00e1 abierta.<\/p>\n<p><img loading=\"lazy\" decoding=\"async\" src=\"https:\/\/slpbarbacoas.com\/img\/cms\/MONOLITH\/LeChef\/open-lid-mode-bbq-guru.jpg\" alt=\"\" width=\"400\" height=\"403\" \/><\/p>\n<h4>EL MEJOR AMIGO DE TU BARBACOA<\/h4>\n<p>Asar bien a la barbacoa es conocer la combinaci\u00f3n adecuada de tiempo y temperatura.<\/p>\n<p>Las fluctuaciones desiguales de temperatura en la barbacoa provocan que los alimentos se sequen o se quemen, por lo que debe vigilar la parrilla en todo momento y ajustar el suministro de aire una y otra vez.<\/p>\n<p><strong>Con BBQ Guru DynaQ,<\/strong>\u00a0estos problemas desaparecen para siempre. El controlador monitoriza y controla la temperatura de las brasas en tiempo real, para que est\u00e9s bien informado en todo momento.<\/p>\n<p>Adem\u00e1s, puedes medir la temperatura central de tu comida\u00a0en la barbacoa para sacarla de la parrilla en el momento perfecto. Porque solo t\u00fa eres el due\u00f1o de tu propia barbacoa, as\u00ed que no dejes nada al azar.<\/p>\n<p><img loading=\"lazy\" decoding=\"async\" src=\"https:\/\/slpbarbacoas.com\/img\/cms\/MONOLITH\/GURU%20CONTROL\/DynaQ-landing-03.png\" alt=\"\" width=\"200\" height=\"183\" \/><img loading=\"lazy\" decoding=\"async\" src=\"https:\/\/slpbarbacoas.com\/img\/cms\/MONOLITH\/GURU%20CONTROL\/DynaQ-landing-graph-uai-516x286.png\" alt=\"\" width=\"516\" height=\"286\" \/><\/p>\n<p>&nbsp;<\/p>\n<h4>EL ANILLO DE LUZ<\/h4>\n<p>Dise\u00f1o intuitivo y ultra-moderno: el anillo luminoso de estado Q.<\/p>\n<p>Aunque todav\u00eda es algo muy novedoso en el mercado, el anillo de luz Status Q ya es un cambio absoluto en el \u00e1mbito de la barbacoa. De un vistazo, se le informa sobre el estado de su comida y las actividades del DynaQ. para que pueda concentrarse y ver toda la informaci\u00f3n r\u00e1pidamente en los momentos cruciales.<\/p>\n<div class=\"box-bg\">\n<div class=\"row\">\n<div class=\"col-sm-12 col-md-4\">\n<h5><img loading=\"lazy\" decoding=\"async\" src=\"https:\/\/slpbarbacoas.com\/img\/cms\/MONOLITH\/GURU%20CONTROL\/dnaQBLUE.jpg\" alt=\"dnaQBLUE.jpg\" width=\"534\" height=\"472\" \/><\/h5>\n<\/div>\n<div class=\"col-sm-12 col-md-8\">\n<h4>ANILLO EXTERIOR AZUL:<\/h4>\n<ul>\n<li>La temperatura de las brasas a\u00fan no est\u00e1 en el nivel deseado. La luz azul indica que la parrilla a\u00fan se encuentra en la fase de percalentamiento.<\/li>\n<\/ul>\n<\/div>\n<\/div>\n<hr \/>\n<div class=\"row\">\n<div class=\"col-sm-12 col-md-4\">\n<h5><img loading=\"lazy\" decoding=\"async\" src=\"https:\/\/slpbarbacoas.com\/img\/cms\/MONOLITH\/GURU%20CONTROL\/dnaQRED.jpg\" alt=\"\" width=\"534\" height=\"472\" \/><\/h5>\n<h4 class=\"col-sm-12 col-md-8\"><\/h4>\n<\/div>\n<div class=\"col-sm-12 col-md-8\">\n<h4>ANILLO EXTERIOR ROJO CON INDICADORES DE PULSO\/PARPADEO:<\/h4>\n<ul>\n<li>Cuando el anillo exterior se vuelve rojo y parpadea en los lados, el DynaQ o UltraQ hace funcionar su ventilador de flujo variable para mantener la temperatura con precisi\u00f3n. En caso de que ocurra algo inesperado, el anillo de luz de Status Q lo ayudar\u00e1<br \/>\ninmediatamente al parpadear completamente.<\/li>\n<li>Mobile Friendly<\/li>\n<\/ul>\n<\/div>\n<\/div>\n<\/div>\n<h4>CONEXI\u00d3N BLUETOOTH CON LA APLICACI\u00d3N IOS O ANDROID<\/h4>\n<p>&nbsp;<\/p>\n<div class=\"box-bg\">\n<div class=\"row\">\n<div class=\"col-sm-12 col-md-4\">\n<h5><img loading=\"lazy\" decoding=\"async\" src=\"https:\/\/slpbarbacoas.com\/img\/cms\/MONOLITH\/GURU%20CONTROL\/CyberQ-landing-smc-uai-258x490_updated-1.png\" alt=\"\" width=\"258\" height=\"490\" \/><\/h5>\n<\/div>\n<div class=\"col-sm-12 col-md-8\">\n<ul>\n<li>Lo quer\u00edas, \u00a1Lo desarrollamos!La aplicaci\u00f3n BBQ Guru le da a su tel\u00e9fono inteligente control total sobre el dispositivo, independientemente de si es iOS o Android.Con la aplicaci\u00f3n BBQ Guru puede ajustar la temperatura deseada, monitorear su carne en tiempo real y cambiar la configuraci\u00f3n de su barbacoa.\n<p>Utilice la aplicaci\u00f3n para una experiencia de barbacoa segura y no conf\u00ede en el azar. Ya sea que juegue en el jard\u00edn con los ni\u00f1os, se relaje junto a la piscina o se siente con amigos y familiares, un vistazo r\u00e1pido a su tel\u00e9fono le da la certeza de que\u00a0en su kamado est\u00e1\u00a0yendo todo bien y cocin\u00e1ndose con total control.<\/li>\n<\/ul>\n<\/div>\n<\/div>\n<\/div>\n<h4>SENSORES DE TEMPERATURA DE ALTA PRECISI\u00d3N APTOS PARA LAVAVAJILLAS<\/h4>\n<p>&nbsp;<\/p>\n<div class=\"box-bg\">\n<div class=\"row\">\n<div class=\"col-sm-12 col-md-4\">\n<h5><img loading=\"lazy\" decoding=\"async\" src=\"https:\/\/slpbarbacoas.com\/img\/cms\/MONOLITH\/GURU%20CONTROL\/PartyQ-landing-Probe-probe.png\" alt=\"PartyQ-landing-Probe-probe.png\" width=\"450\" height=\"81\" \/><\/h5>\n<\/div>\n<div class=\"col-sm-12 col-md-8\">\n<ul>\n<li>Los sensores de temperatura digitales de alta precisi\u00f3n son decisivos para el control preciso de la temperatura del DynaQ y UltraQ. Cada sistema BBQ Guru viene con estas sondas mejoradas, resistentes y aptas para lavavajillas.<\/li>\n<li>Uno de los sensores est\u00e1 conectado a la rejilla de la parrilla para medir con precisi\u00f3n la temperatura de las brasas dentro de su barbacoa. El otro sensor se coloca en la comida para que pueda controlar la temperatura central de \u00e9sta mientras se asa.<\/li>\n<li>Despu\u00e9s de disfrutar de la barbacoa, puede limpiar f\u00e1cilmente los sensores a mano o en el lavavajillas. Son adecuados para temperaturas de hasta 200 \u00b0, mientras que los alambres robustos envainados los protegen contra roturas y desperfectos.<\/li>\n<\/ul>\n<\/div>\n<\/div>\n<\/div>\n<h4>NUEVA Y VERS\u00c1TIL MONTURA GURU 5 EN 1<\/h4>\n<p>&nbsp;<\/p>\n<div class=\"box-bg\">\n<div class=\"row\">\n<div class=\"col-sm-12 col-md-4\">\n<h5><img loading=\"lazy\" decoding=\"async\" src=\"https:\/\/slpbarbacoas.com\/img\/cms\/MONOLITH\/GURU%20CONTROL\/DynaQ-landing-05-uai-720x805.png\" alt=\"PartyQ-landing-Probe-probe.png\" width=\"200\" height=\"224\" \/><\/h5>\n<\/div>\n<div class=\"col-sm-12 col-md-8\">\n<ul>\n<li>\u00a1Nuestro nuevo soporte est\u00e1 aqu\u00ed! La elegante base tiene numerosas funciones con las que puede utilizar f\u00e1cilmente su BBQ Guru en cualquier circunstancia, independientemente de su parrilla.<\/li>\n<li>Los pies de goma antideslizantes permiten que su controlador se conecte a pr\u00e1cticamente cualquier superficie plana sin deslizarse o rayar la superficie. Alternativamente, los pies de goma se pueden quitar, dejando al descubierto los orificios de los tornillos para que el soporte se pueda fijar firmemente a la madera o superficies similares.<\/li>\n<li>Gracias al cabezal giratorio integrado, el controlador apunta exactamente donde usted desea, para una vista perfecta, sin importar d\u00f3nde se encuentre.<\/li>\n<li>Tambi\u00e9n hemos incorporado un im\u00e1n potente en la base del soporte para una mayor flexibilidad, de modo que se pueda colocar en casi cualquier superficie met\u00e1lica fr\u00eda.<\/li>\n<\/ul>\n<\/div>\n<\/div>\n<\/div>\n<p>&nbsp;<\/p>\n<h4>COMPATIBILIDAD BBQ GURU<\/h4>\n<p>Se puede combinar con casi todas las parrillas y ahumadores del mercado.<\/p>\n<p>Porque sabemos que hay cientos de barbacoas en el mercado, tenemos una soluci\u00f3n para casi todos los modelos. Los controladores BBQ Guru encajan perfectamente en casi cualquier barbacoa\u00a0de carb\u00f3n o le\u00f1a, y probablemente tambi\u00e9n en la tuya. Encontrar un adaptador adecuado o barbacoa adecuada es muy f\u00e1cil: averig\u00fce\u00a0poni\u00e9ndose en contacto con nosotros y le asesoraremos\u00a0si su parrilla es compatible u obtenga asesoramiento de su distribuidor especializado m\u00e1s cercano.<\/p>\n<h3>Caracter\u00edsticas Dyna Q vs Ultra Q<\/h3>\n<table width=\"777\">\n<tbody>\n<tr>\n<td><strong>Caracter\u00edsticas<\/strong><\/td>\n<td><b>Dyna Q<\/b><\/td>\n<td><b>Ultra Q<\/b><\/td>\n<\/tr>\n<tr>\n<td>Precio IVA incluido (sin cable)<\/td>\n<td>319,90\u20ac<\/td>\n<td>379,90\u20ac<\/td>\n<\/tr>\n<tr>\n<td>Control de la temperatura de la barbacoa<\/td>\n<td>s\u00ed\u00a0<b>\u2714\u00a0<\/b><\/td>\n<td>s\u00ed\u00a0<b>\u2714\u00a0<\/b><\/td>\n<\/tr>\n<tr>\n<td>Control de la temperatura sonda de alimentos<\/td>\n<td>1 sonda<\/td>\n<td>Hasta 3 sondas, 3 alimentos.<\/td>\n<\/tr>\n<tr>\n<td>Detecci\u00f3n de tapa abierta<\/td>\n<td>s\u00ed\u00a0<b>\u2714\u00a0<\/b><\/td>\n<td>si\u00a0<b>\u2714\u00a0<\/b><\/td>\n<\/tr>\n<tr>\n<td>Modo de rampa<\/td>\n<td>s\u00ed\u00a0<b>\u2714\u00a0<\/b><\/td>\n<td>s\u00ed\u00a0<b>\u2714\u00a0<\/b><\/td>\n<\/tr>\n<tr>\n<td>Anillo de luz<\/td>\n<td>s\u00ed\u00a0<b>\u2714\u00a0<\/b><\/td>\n<td>s\u00ed\u00a0<b>\u2714\u00a0<\/b><\/td>\n<\/tr>\n<tr>\n<td>Pantalla LED de temperatura<\/td>\n<td>no\u00a0<strong>X<\/strong><\/td>\n<td>s\u00ed\u00a0<b>\u2714\u00a0<\/b><\/td>\n<\/tr>\n<tr>\n<td>Escaneo de pantalla<\/td>\n<td>no\u00a0<strong>X<\/strong><\/td>\n<td>s\u00ed\u00a0<b>\u2714\u00a0<\/b><\/td>\n<\/tr>\n<tr>\n<td>Temporizador<\/td>\n<td>s\u00ed\u00a0<b>\u2714\u00a0<\/b><\/td>\n<td>s\u00ed\u00a0<b>\u2714\u00a0<\/b><\/td>\n<\/tr>\n<tr>\n<td>Alarma de comida lista<\/td>\n<td>no\u00a0<strong>X<\/strong><\/td>\n<td>s\u00ed\u00a0<b>\u2714\u00a0<\/b><\/td>\n<\/tr>\n<tr>\n<td>Aplicaci\u00f3n Bluetooth para IOS y Android<\/td>\n<td>s\u00ed\u00a0<b>\u2714\u00a0<\/b><\/td>\n<td>s\u00ed\u00a0<b>\u2714\u00a0<\/b><\/td>\n<\/tr>\n<tr>\n<td>Notificaciones por correo electr\u00f3nico y texto<\/td>\n<td>no\u00a0<strong>X<\/strong><\/td>\n<td>s\u00ed\u00a0<b>\u2714\u00a0<\/b><\/td>\n<\/tr>\n<tr>\n<td>WiFi y ShareMyCook<\/td>\n<td>no\u00a0<strong>X<\/strong><\/td>\n<td>s\u00ed\u00a0<b>\u2714\u00a0<\/b><\/td>\n<\/tr>\n<tr>\n<td>Brasero Serie Pro 2.0 Smart Grid System<\/td>\n<td>s\u00ed\u00a0<b>\u2714\u00a0<\/b><\/td>\n<td>no\u00a0<strong>X<\/strong><\/td>\n<\/tr>\n<tr>\n<td>Control de voz<\/td>\n<td>no\u00a0<strong>X<\/strong><\/td>\n<td>s\u00ed\u00a0<b>\u2714\u00a0<\/b>Amazon Alexa<\/td>\n<\/tr>\n<tr>\n<td>Cocinero inteligente<\/td>\n<td>s\u00ed\u00a0<b>\u2714\u00a0<\/b><\/td>\n<td>s\u00ed\u00a0<b>\u2714\u00a0<\/b><\/td>\n<\/tr>\n<tr>\n<td>Temperatura m\u00e1xima<\/td>\n<td>475<\/td>\n<td>475<\/td>\n<\/tr>\n<tr>\n<td>Montura Guru vers\u00e1til 5 en 1<\/td>\n<td>s\u00ed\u00a0<b>\u2714\u00a0<\/b><\/td>\n<td>s\u00ed\u00a0<b>\u2714\u00a0<\/b><\/td>\n<\/tr>\n<tr>\n<td>\u00baF o \u00baC<\/td>\n<td>s\u00ed\u00a0<b>\u2714\u00a0<\/b><\/td>\n<td>s\u00ed\u00a0<b>\u2714\u00a0<\/b><\/td>\n<\/tr>\n<tr>\n<td>Indicador visual de funcionamento del ventilador<\/td>\n<td>s\u00ed\u00a0<b>\u2714\u00a0<\/b><\/td>\n<td>s\u00ed\u00a0<b>\u2714<br \/>\n<\/b><\/td>\n<\/tr>\n<\/tbody>\n<\/table>\n<h4>SONDA PARA ALIMENTOS<\/h4>\n<p>Termopar digital de alta calidad para la temperatura de los alimentos. Se inserta en sus alimentos y mide la temperatura interna.<\/p>\n<h4>FUNCI\u00d3N DE DETECCI\u00d3N DE TAPA ABIERTA<\/h4>\n<p>Detecta si abre la tapa de la parrilla, lo que provoca grandes fluctuaciones de temperatura. Esta funci\u00f3n inteligente ayuda a compensarlo, evitando picos de temperatura no deseados.<\/p>\n<h4>MODO DE RAMPA<\/h4>\n<p>Cuando est\u00e1 habilitado, este modo identifica cuando su comida se acerca a la temperatura deseada de \u201ccomida lista\u201d y apaga el ventilador, lo que ayuda a evitar que la comida se cocine demasiado.<\/p>\n<h4>ANILLO DE LUZ<\/h4>\n<p>DynaQ y UltraQ est\u00e1n equipados con un sistema de retroalimentaci\u00f3n de anillo de luz de estado pendiente de patente. El anillo cambia de color seg\u00fan la temperatura de la barbacoa y parpadear\u00e1 para mostrar la actividad del ventilador o parpadear\u00e1 para recibir advertencias.<\/p>\n<h4>ESCANEO DE PANTALLA<\/h4>\n<p>El \u201cQ-Tail\u201d en el anillo de luz de estado del UltraQ emplea una funci\u00f3n innovadora de escaneo de pantalla. El Q-Tail se iluminar\u00e1 en uno de cuatro colores, uno a la vez, y mostrar\u00e1 la temperatura de cada sonda de temperatura digital.<\/p>\n<h4>APLICACI\u00d3N BLUETOOTH<\/h4>\n<p>Aplicaci\u00f3n Bluetooth DynaQ y UltraQ se conectan a la aplicaci\u00f3n BBQ Guru de su tel\u00e9fono a trav\u00e9s de Bluetooth, para que pueda monitorear y controlar a su cocinero directamente desde su bolsillo.<\/p>\n<h4>CONECTIVIDAD WI-FI Y SHAREMYCOOK<\/h4>\n<p>El UltraQ puede conectarse a trav\u00e9s de Bluetooth y Wi-Fi. Con el sitio web compa\u00f1ero ShareMyCook.com de Guru, puede graficar sus cocineros y recetas y luego compartirlos en l\u00ednea con amigos, familiares y fan\u00e1ticos.<\/p>\n<h4>CONTROL POR VOZ<\/h4>\n<p>Con un dispositivo habilitado para Amazon Alexa, puede controlar y monitorear su control con solo el sonido de su voz.<\/p>\n<h4>COCCI\u00d3N INTELIGENTE<\/h4>\n<p>Cocci\u00f3n inteligente Elija la configuraci\u00f3n ideal de COCCI\u00d3N INTELIGENTE y el caudal variable del ventilador se ajustar\u00e1 autom\u00e1ticamente y se personalizar\u00e1 seg\u00fan el tama\u00f1o y tipo de parrilla.<\/p>\n<h4>MONTURA GURU VERS\u00c1TIL 5 EN 1<\/h4>\n<p>Configure su control de cinco formas diferentes con la montura Guru vers\u00e1til. Ahora puede colocar su DynaQ o UltraQ en pr\u00e1cticamente cualquier superficie, o incluso clavarlo en madera u hormig\u00f3n, lo que le brinda la m\u00e1xima accesibilidad a su controlador de temperatura.<\/p>\n<\/div>\n<\/div>\n<\/div>\n<div class=\"block md-bottom product-features-block \"><\/div>\n","protected":false},"excerpt":{"rendered":"<p><strong>Control DynaQ Edici\u00f3n BBQ Guru<\/strong>\u00a0(Incluye: Controlador, soporte, sonda ambiente, sonda para alimentos, cable espiral y cable alimentaci\u00f3n)<\/p>\n<p>El controlador electr\u00f3nico con sensor de temperatura que regula autom\u00e1ticamente el flujo del aire.<\/p>\n<p><strong>APTO para los modelos de Kamado Monolith versi\u00f3n GURU (con un ventilador integrado)<\/strong><\/p>\n","protected":false},"featured_media":6297,"comment_status":"closed","ping_status":"closed","template":"","meta":[],"product_brand":[],"product_cat":[72,155,74],"product_tag":[],"class_list":{"0":"post-6296","1":"product","2":"type-product","3":"status-publish","4":"has-post-thumbnail","6":"product_cat-accesorios","7":"product_cat-accesoriosmonolith","8":"product_cat-monolith","10":"first","11":"instock","12":"taxable","13":"shipping-taxable","14":"purchasable","15":"product-type-simple"},"_links":{"self":[{"href":"https:\/\/www.pacocinillas.es\/tienda\/wp-json\/wp\/v2\/product\/6296","targetHints":{"allow":["GET"]}}],"collection":[{"href":"https:\/\/www.pacocinillas.es\/tienda\/wp-json\/wp\/v2\/product"}],"about":[{"href":"https:\/\/www.pacocinillas.es\/tienda\/wp-json\/wp\/v2\/types\/product"}],"replies":[{"embeddable":true,"href":"https:\/\/www.pacocinillas.es\/tienda\/wp-json\/wp\/v2\/comments?post=6296"}],"wp:featuredmedia":[{"embeddable":true,"href":"https:\/\/www.pacocinillas.es\/tienda\/wp-json\/wp\/v2\/media\/6297"}],"wp:attachment":[{"href":"https:\/\/www.pacocinillas.es\/tienda\/wp-json\/wp\/v2\/media?parent=6296"}],"wp:term":[{"taxonomy":"product_brand","embeddable":true,"href":"https:\/\/www.pacocinillas.es\/tienda\/wp-json\/wp\/v2\/product_brand?post=6296"},{"taxonomy":"product_cat","embeddable":true,"href":"https:\/\/www.pacocinillas.es\/tienda\/wp-json\/wp\/v2\/product_cat?post=6296"},{"taxonomy":"product_tag","embeddable":true,"href":"https:\/\/www.pacocinillas.es\/tienda\/wp-json\/wp\/v2\/product_tag?post=6296"}],"curies":[{"name":"wp","href":"https:\/\/api.w.org\/{rel}","templated":true}]}}