{"id":6128,"date":"2013-09-13T13:18:25","date_gmt":"2013-09-13T11:18:25","guid":{"rendered":"https:\/\/www.pacocinillas.es\/tienda\/?post_type=product&#038;p=6128"},"modified":"2024-11-29T20:47:33","modified_gmt":"2024-11-29T18:47:33","slug":"anillo-barandilla-ofyr-100","status":"publish","type":"product","link":"https:\/\/www.pacocinillas.es\/tienda\/producto\/anillo-barandilla-ofyr-100\/","title":{"rendered":"Anillo barandilla OFYR 100"},"content":{"rendered":"<p>Las plancha OFYR desciende ligeramente hacia el centro. Como resultado, el aceite se cae hacia adentro y no hacia el exterior de la placa. Cuando la OFYR se calienta, el centro descender\u00e1 un poco m\u00e1s. Por este motivo los alimentos redondos como los tomates, esp\u00e1rragos, champi\u00f1ones&#8230; pueden rodar o deslizarse hacia el centro y caer al fuego. Para evitar esto, se ha desarrollado el anillo Food Bumper OFYR. El anillo de acero detiene la comida, pero a\u00fan ofrece la posibilidad de raspar la placa de cocci\u00f3n con la esp\u00e1tula y empujar el raspador debajo del borde hacia el fuego.<\/p>\n","protected":false},"excerpt":{"rendered":"<p>Food Bumper OFYR 100<\/p>\n<p><strong>CARACTER\u00cdSTICAS:<\/strong><\/p>\n<p>Material: Acero<br \/>\nDimensiones:\u00a0\u00d8 52,4 cm x altura 3 cm<br \/>\nPeso:\u00a01,52 kg<br \/>\nAdecuado para modelos OFYR 100<\/p>\n","protected":false},"featured_media":6129,"comment_status":"closed","ping_status":"closed","template":"","meta":[],"product_brand":[],"product_cat":[72,100],"product_tag":[],"class_list":{"0":"post-6128","1":"product","2":"type-product","3":"status-publish","4":"has-post-thumbnail","6":"product_cat-accesorios","7":"product_cat-ofyr","9":"first","10":"instock","11":"taxable","12":"shipping-taxable","13":"purchasable","14":"product-type-simple"},"_links":{"self":[{"href":"https:\/\/www.pacocinillas.es\/tienda\/wp-json\/wp\/v2\/product\/6128","targetHints":{"allow":["GET"]}}],"collection":[{"href":"https:\/\/www.pacocinillas.es\/tienda\/wp-json\/wp\/v2\/product"}],"about":[{"href":"https:\/\/www.pacocinillas.es\/tienda\/wp-json\/wp\/v2\/types\/product"}],"replies":[{"embeddable":true,"href":"https:\/\/www.pacocinillas.es\/tienda\/wp-json\/wp\/v2\/comments?post=6128"}],"wp:featuredmedia":[{"embeddable":true,"href":"https:\/\/www.pacocinillas.es\/tienda\/wp-json\/wp\/v2\/media\/6129"}],"wp:attachment":[{"href":"https:\/\/www.pacocinillas.es\/tienda\/wp-json\/wp\/v2\/media?parent=6128"}],"wp:term":[{"taxonomy":"product_brand","embeddable":true,"href":"https:\/\/www.pacocinillas.es\/tienda\/wp-json\/wp\/v2\/product_brand?post=6128"},{"taxonomy":"product_cat","embeddable":true,"href":"https:\/\/www.pacocinillas.es\/tienda\/wp-json\/wp\/v2\/product_cat?post=6128"},{"taxonomy":"product_tag","embeddable":true,"href":"https:\/\/www.pacocinillas.es\/tienda\/wp-json\/wp\/v2\/product_tag?post=6128"}],"curies":[{"name":"wp","href":"https:\/\/api.w.org\/{rel}","templated":true}]}}