{"id":6001,"date":"2020-11-29T08:10:36","date_gmt":"2020-11-29T06:10:36","guid":{"rendered":"https:\/\/www.pacocinillas.es\/tienda\/?post_type=product&#038;p=6001"},"modified":"2026-01-03T21:35:57","modified_gmt":"2026-01-03T19:35:57","slug":"the-bastard-large-urban","status":"publish","type":"product","link":"https:\/\/www.pacocinillas.es\/tienda\/producto\/the-bastard-large-urban\/","title":{"rendered":"THE BASTARD LARGE URBAN"},"content":{"rendered":"<div class=\"wpb-content-wrapper\"><p>[vc_row][vc_column][vc_column_text]<\/p>\n<p class=\"p1\">\u00bfBuscas la barbacoa perfecta para ti y tu familia? El tama\u00f1o ideal garantiza que todas tus recetas se puedan hacer. No es de extra\u00f1ar que nuestro modelo Large sea el The Bastard kamado m\u00e1s vendido.<\/p>\n<ul>\n<li>Di\u00e1metro 57 cm.<\/li>\n<li>Di\u00e1metro parrilla 49 cm.<\/li>\n<li>Grosor parrilla 7 mm<\/li>\n<li>Altura con soporte 127 cm.<\/li>\n<li>Altura sin soporte 87 cm.<\/li>\n<li>Peso 138 kg.<\/li>\n<li>Mango de bamb\u00fa: S\u00ed<\/li>\n<li>Barbacoa cer\u00e1mica de cordierita: S\u00ed<\/li>\n<li>Cesta para brasas y anillo cer\u00e1mico de cordierita: S\u00ed<\/li>\n<li>N\u00ba de comensales 2-8<\/li>\n<li>Bisagra doble o triple muelle: S\u00ed<\/li>\n<li>Term\u00f3metro: S\u00ed<\/li>\n<li>Cesta para carb\u00f3n: S\u00ed<\/li>\n<\/ul>\n<p>[\/vc_column_text][\/vc_column][\/vc_row][vc_row][vc_column][vc_single_image image=\u00bb5998&#8243; img_size=\u00bbfull\u00bb alignment=\u00bbcenter\u00bb][vc_video link=\u00bbhttps:\/\/www.youtube.com\/watch?v=hVHI9YAd5yA\u00bb align=\u00bbcenter\u00bb][\/vc_column][\/vc_row][vc_row][vc_column][vc_column_text]<span class=\"goog-text-highlight\">Aprovecha al m\u00e1ximo tus parrillas con nuestro <strong>Multilevel Cooking System<\/strong>, un sistema modular que transforma a tu Bastard en un todoterreno.\u00a0<\/span><span class=\"\">De esta manera, puede crear su configuraci\u00f3n ideal para cada comida en un mismo espacio para cocinar.<\/span>[\/vc_column_text][vc_single_image image=\u00bb5999&#8243; img_size=\u00bbfull\u00bb alignment=\u00bbcenter\u00bb][\/vc_column][\/vc_row][vc_row][vc_column][vc_single_image image=\u00bb6006&#8243; img_size=\u00bbfull\u00bb alignment=\u00bbcenter\u00bb][vc_single_image image=\u00bb6009&#8243; img_size=\u00bbfull\u00bb alignment=\u00bbcenter\u00bb onclick=\u00bbimg_link_large\u00bb img_link_target=\u00bb_blank\u00bb][\/vc_column][\/vc_row]<\/p>\n<\/div>","protected":false},"excerpt":{"rendered":"<p>El kamado Bastard m\u00e1s vers\u00e1til que cumplir\u00e1 con todas tus expectativas. Disfruta cocinando sin problemas de espacio en la parrilla.<\/p>\n<p><strong>Di\u00e1metro de parrilla 49 cm. <\/strong>Incluye base para platos, deflector cer\u00e1mico, cesto de carb\u00f3n de acero inoxidable y recolector de cenizas de acero inoxidable.<\/p>\n<p><span style=\"color: #800000;\"><strong>Env\u00edo gratuito Pen\u00ednsula.<\/strong><\/span><\/p>\n","protected":false},"featured_media":6003,"comment_status":"closed","ping_status":"closed","template":"","meta":[],"product_brand":[],"product_cat":[134,158],"product_tag":[],"class_list":{"0":"post-6001","1":"product","2":"type-product","3":"status-publish","4":"has-post-thumbnail","6":"product_cat-bastard","7":"product_cat-bastardlarge","9":"first","10":"instock","11":"taxable","12":"shipping-taxable","13":"purchasable","14":"product-type-simple"},"_links":{"self":[{"href":"https:\/\/www.pacocinillas.es\/tienda\/wp-json\/wp\/v2\/product\/6001","targetHints":{"allow":["GET"]}}],"collection":[{"href":"https:\/\/www.pacocinillas.es\/tienda\/wp-json\/wp\/v2\/product"}],"about":[{"href":"https:\/\/www.pacocinillas.es\/tienda\/wp-json\/wp\/v2\/types\/product"}],"replies":[{"embeddable":true,"href":"https:\/\/www.pacocinillas.es\/tienda\/wp-json\/wp\/v2\/comments?post=6001"}],"wp:featuredmedia":[{"embeddable":true,"href":"https:\/\/www.pacocinillas.es\/tienda\/wp-json\/wp\/v2\/media\/6003"}],"wp:attachment":[{"href":"https:\/\/www.pacocinillas.es\/tienda\/wp-json\/wp\/v2\/media?parent=6001"}],"wp:term":[{"taxonomy":"product_brand","embeddable":true,"href":"https:\/\/www.pacocinillas.es\/tienda\/wp-json\/wp\/v2\/product_brand?post=6001"},{"taxonomy":"product_cat","embeddable":true,"href":"https:\/\/www.pacocinillas.es\/tienda\/wp-json\/wp\/v2\/product_cat?post=6001"},{"taxonomy":"product_tag","embeddable":true,"href":"https:\/\/www.pacocinillas.es\/tienda\/wp-json\/wp\/v2\/product_tag?post=6001"}],"curies":[{"name":"wp","href":"https:\/\/api.w.org\/{rel}","templated":true}]}}