{"id":5732,"date":"2022-06-03T17:43:09","date_gmt":"2022-06-03T15:43:09","guid":{"rendered":"https:\/\/www.pacocinillas.es\/tienda\/?post_type=product&#038;p=5732"},"modified":"2024-11-04T11:29:46","modified_gmt":"2024-11-04T09:29:46","slug":"traeger-ironwood-885","status":"publish","type":"product","link":"https:\/\/www.pacocinillas.es\/tienda\/producto\/traeger-ironwood-885\/","title":{"rendered":"TRAEGER IRONWOOD 885"},"content":{"rendered":"<div class=\"wpb-content-wrapper\"><p class=\"p1\"><strong>ESPECIFICACIONES:<\/strong><\/p>\n<p class=\"p2\"><strong><span class=\"s1\">10,5 KW <\/span><\/strong>| ZONA DE PARRILLA DE <strong>5709 CM<span class=\"s2\">2 <\/span><\/strong>| CAPACIDAD DE TOLVA: <strong>9 KG<\/strong><\/p>\n<p class=\"p2\">ALTURA: <strong>119 CM<\/strong> | ANCHO: <strong>135 CM<\/strong> | PROFUNDIDAD: <strong>69 CM<\/strong> | PESO: <strong>78 KG<\/strong><\/p>\n<p>[\/vc_column_text][vc_column_text]<\/p>\n<p class=\"p1\"><strong>Ironwood<\/strong> est\u00e1 aqu\u00ed para hacer que tus platos a la le\u00f1a sean m\u00e1s r\u00e1pidos, f\u00e1ciles y sabrosos que nunca. La barbacoa Ironwood brinda varias de nuestras caracter\u00edsticas m\u00e1s avanzadas que antes solo estaban disponibles en nuestra gama alta. Gracias a la potente transmisi\u00f3n <strong>D2<\/strong> y a la tecnolog\u00eda<strong> TurboTemp\u00ae<\/strong>, la Ironwood se calienta con mayor rapidez y ofrece m\u00e1s sabor que nunca. El sistema <strong>Downdraft Exhaust\u00ae<\/strong> optimiza eficazmente la circulaci\u00f3n del humo y el calor alrededor de tu comida. El control<strong> WiFIRE\u00ae<\/strong> facilita la preparaci\u00f3n de tus platos al permitirte ajustar las temperaturas de la barbacoa, supervisar la cocci\u00f3n e incluso verificar los niveles de pellets directamente desde tu tel\u00e9fono mediante la aplicaci\u00f3n <strong>Traeger<\/strong>, para que puedas controlar tu barbacoa en cualquier momento y lugar.<\/p>\n<p>[\/vc_column_text][vc_column_text]<\/p>\n<p class=\"p1\"><strong>CARACTER\u00cdSTICAS:<\/strong><\/p>\n<ul>\n<li class=\"p2\">CONTROLADOR IRONWOOD D2<\/li>\n<li class=\"p2\">TECNOLOG\u00cdA WiFIRE\u00ae<\/li>\n<li class=\"p2\">ACCIONAMIENTO DIRECTOD2 \u00ae<\/li>\n<li class=\"p2\">TURBOTEMP\u00ae<\/li>\n<li class=\"p2\">SISTEMA TRU CONVECTION\u00ae<\/li>\n<li class=\"p2\">SISTEMA TRAEGER DOWNDRAFT EXHAUST\u00ae<\/li>\n<li class=\"p2\">MODO DE SUPERAHUMADO<\/li>\n<li class=\"p2\">SENSOR DE PELLETS TRAEGER<\/li>\n<li class=\"p2\">SONDA PARA CARNE CON COMPARTIMENTO<\/li>\n<li class=\"p2\">DE ALMACENAMIENTO<\/li>\n<li class=\"p2\">INTERIOR DE DOBLE PARED LATERAL<\/li>\n<li class=\"p2\">SISTEMA DE REJILLA AJUSTABLE DE DOS NIVELES<\/li>\n<li class=\"p2\">REJILLA INFERIOR DE DOBLE POSICI\u00d3N PARA AHUMADO\/SELLADO<\/li>\n<li class=\"p2\">ESTANTE SUPERIOR AJUSTABLE PARA UNA DISTRIBUCI\u00d3N<\/li>\n<li class=\"p2\">\u00d3PTIMA DEL CALOR<\/li>\n<li class=\"p2\">ESTANTE LATERAL DE ACERO INOXIDABLE CON GANCHOS<\/li>\n<li class=\"p2\">ANCHOS DE ALMACENAMIENTO EXTERIORES PARA REJILLA ADICIONAL<\/li>\n<li class=\"p2\">SALIDA PARA VACIADO DE TOLVA<\/li>\n<li class=\"p2\">BASTIDOR DE CABALLETE<\/li>\n<li class=\"p2\">RUEDAS TODOTERRENO<\/li>\n<li class=\"p2\">RUEDAS CON BLOQUEO<\/li>\n<\/ul>\n<p>[\/vc_column_text][vc_video link=\u00bbhttps:\/\/www.youtube.com\/watch?v=GJTn68AoWRs\u00bb align=\u00bbcenter\u00bb][\/vc_column][\/vc_row]<\/p>\n<\/div>","protected":false},"excerpt":{"rendered":"<p>Lleve su cocina al aire libre al siguiente nivel con la barbacoa de pellets TRAEGER Ironwood 885. Cargado con funciones mejoradas, est\u00e1 dise\u00f1ado para brindar un sabor superior en todo momento.<\/p>\n<p><img loading=\"lazy\" decoding=\"async\" class=\"alignleft wp-image-5867 size-thumbnail\" src=\"https:\/\/www.pacocinillas.es\/tienda\/wp-content\/uploads\/2022\/05\/traeger_logo-150x150.png\" alt=\"\" width=\"150\" height=\"150\" srcset=\"https:\/\/www.pacocinillas.es\/tienda\/wp-content\/uploads\/2022\/05\/traeger_logo-150x150.png 150w, https:\/\/www.pacocinillas.es\/tienda\/wp-content\/uploads\/2022\/05\/traeger_logo-300x300.png 300w, https:\/\/www.pacocinillas.es\/tienda\/wp-content\/uploads\/2022\/05\/traeger_logo-100x100.png 100w\" sizes=\"auto, (max-width: 150px) 100vw, 150px\" \/><\/p>\n","protected":false},"featured_media":5812,"comment_status":"closed","ping_status":"closed","template":"","meta":[],"product_brand":[],"product_cat":[133],"product_tag":[],"class_list":{"0":"post-5732","1":"product","2":"type-product","3":"status-publish","4":"has-post-thumbnail","6":"product_cat-traeger","8":"first","9":"instock","10":"taxable","11":"shipping-taxable","12":"purchasable","13":"product-type-simple"},"_links":{"self":[{"href":"https:\/\/www.pacocinillas.es\/tienda\/wp-json\/wp\/v2\/product\/5732","targetHints":{"allow":["GET"]}}],"collection":[{"href":"https:\/\/www.pacocinillas.es\/tienda\/wp-json\/wp\/v2\/product"}],"about":[{"href":"https:\/\/www.pacocinillas.es\/tienda\/wp-json\/wp\/v2\/types\/product"}],"replies":[{"embeddable":true,"href":"https:\/\/www.pacocinillas.es\/tienda\/wp-json\/wp\/v2\/comments?post=5732"}],"wp:featuredmedia":[{"embeddable":true,"href":"https:\/\/www.pacocinillas.es\/tienda\/wp-json\/wp\/v2\/media\/5812"}],"wp:attachment":[{"href":"https:\/\/www.pacocinillas.es\/tienda\/wp-json\/wp\/v2\/media?parent=5732"}],"wp:term":[{"taxonomy":"product_brand","embeddable":true,"href":"https:\/\/www.pacocinillas.es\/tienda\/wp-json\/wp\/v2\/product_brand?post=5732"},{"taxonomy":"product_cat","embeddable":true,"href":"https:\/\/www.pacocinillas.es\/tienda\/wp-json\/wp\/v2\/product_cat?post=5732"},{"taxonomy":"product_tag","embeddable":true,"href":"https:\/\/www.pacocinillas.es\/tienda\/wp-json\/wp\/v2\/product_tag?post=5732"}],"curies":[{"name":"wp","href":"https:\/\/api.w.org\/{rel}","templated":true}]}}