{"id":5674,"date":"2022-03-29T08:13:21","date_gmt":"2022-03-29T06:13:21","guid":{"rendered":"https:\/\/www.pacocinillas.es\/tienda\/?post_type=product&#038;p=5674"},"modified":"2024-03-11T21:51:36","modified_gmt":"2024-03-11T19:51:36","slug":"petromax-sarten-fp25","status":"publish","type":"product","link":"https:\/\/www.pacocinillas.es\/tienda\/producto\/petromax-sarten-fp25\/","title":{"rendered":"Petromax Sart\u00e9n FP25"},"content":{"rendered":"<div class=\"wpb-content-wrapper\"><p>[vc_row][vc_column][vc_column_text]<strong>Especificaciones<\/strong><br \/>\nMaterial: hierro fundido<br \/>\nCapacidad: 1,6 litros<br \/>\nDi\u00e1metro en el borde superior (interior): 23,9 cm<br \/>\nDi\u00e1metro en el borde superior (exterior): 25 cm<br \/>\nDi\u00e1metro de la base de la olla: 20 cm<br \/>\nPeso: 2,5 kg<\/p>\n<p>Las\u00a0<strong>sartenes de hierro fundido PETROMAX<\/strong>\u00a0ofrecen una superioridad innegable sobre las antiadherentes debido a su\u00a0<strong>durabilidad<\/strong>\u00a0incomparable y su capacidad para retener el calor de manera uniforme. A diferencia de las sartenes antiadherentes, que pueden rayarse y desprender part\u00edculas t\u00f3xicas con el tiempo, las de hierro fundido pueden durar toda la vida si se cuidan adecuadamente, y a menudo se heredan de generaci\u00f3n en generaci\u00f3n.<\/p>\n<p>Adem\u00e1s, el\u00a0<strong>hierro fundido<\/strong>\u00a0es un material natural que a\u00f1ade peque\u00f1as cantidades de hierro a los alimentos durante la cocci\u00f3n, lo que puede ser beneficioso para aquellos que luchan contra la deficiencia de este mineral. En resumen, las sartenes de hierro fundido no solo son una opci\u00f3n m\u00e1s segura y duradera, sino que tambi\u00e9n proporcionan resultados culinarios superiores gracias a su capacidad para distribuir el calor de manera uniforme y retenerlo durante m\u00e1s tiempo.<\/p>\n<p><strong>El mejor material: hierro fundido<\/strong><br \/>\nEl hierro fundido de alta calidad con su excelente distribuci\u00f3n del calor est\u00e1 inmediatamente listo para usar y es f\u00e1cil de mantener gracias a la superficie pretratada (acabado curado).\u00a0La sart\u00e9n duradera y robusta tiene un efecto antiadherente natural, que mejora con cada proceso de fritura a medida que se forma una p\u00e1tina.\u00a0El hierro fundido tambi\u00e9n retiene bien el calor, por lo que puede servir sus platos directamente de la sart\u00e9n.<\/p>\n<p><strong>En todas las placas<\/strong> Puede usar la sart\u00e9n de fuego no solo en la estufa el\u00e9ctrica, sobre la llama de gas, en el horno, sino tambi\u00e9n al aire libre en una placa, en una fogata o en una parrilla adecuada.\u00a0Estofado, chamuscado o asado: cada plato se convierte en un placer en la sart\u00e9n al fuego.<\/p>\n<p>[\/vc_column_text][\/vc_column][\/vc_row][vc_row][vc_column][vc_single_image image=\u00bb5327&#8243; img_size=\u00bbfull\u00bb alignment=\u00bbcenter\u00bb][\/vc_column][\/vc_row]<\/p>\n<\/div>","protected":false},"excerpt":{"rendered":"<p><strong>Diametro: 25 cm.<\/strong><br \/>\nLa sart\u00e9n de fuego Petromax de hierro fundido de alta calidad es indispensable para sus comidas al aire libre y en la cocina del hogar. Debido a que las sartenes de hierro fundido son extremadamente duraderas, tambi\u00e9n las utilizan los cocineros profesionales.<\/p>\n","protected":false},"featured_media":5675,"comment_status":"closed","ping_status":"closed","template":"","meta":[],"product_brand":[],"product_cat":[72,125],"product_tag":[],"class_list":{"0":"post-5674","1":"product","2":"type-product","3":"status-publish","4":"has-post-thumbnail","6":"product_cat-accesorios","7":"product_cat-petromax","9":"first","10":"instock","11":"taxable","12":"shipping-taxable","13":"purchasable","14":"product-type-simple"},"_links":{"self":[{"href":"https:\/\/www.pacocinillas.es\/tienda\/wp-json\/wp\/v2\/product\/5674","targetHints":{"allow":["GET"]}}],"collection":[{"href":"https:\/\/www.pacocinillas.es\/tienda\/wp-json\/wp\/v2\/product"}],"about":[{"href":"https:\/\/www.pacocinillas.es\/tienda\/wp-json\/wp\/v2\/types\/product"}],"replies":[{"embeddable":true,"href":"https:\/\/www.pacocinillas.es\/tienda\/wp-json\/wp\/v2\/comments?post=5674"}],"wp:featuredmedia":[{"embeddable":true,"href":"https:\/\/www.pacocinillas.es\/tienda\/wp-json\/wp\/v2\/media\/5675"}],"wp:attachment":[{"href":"https:\/\/www.pacocinillas.es\/tienda\/wp-json\/wp\/v2\/media?parent=5674"}],"wp:term":[{"taxonomy":"product_brand","embeddable":true,"href":"https:\/\/www.pacocinillas.es\/tienda\/wp-json\/wp\/v2\/product_brand?post=5674"},{"taxonomy":"product_cat","embeddable":true,"href":"https:\/\/www.pacocinillas.es\/tienda\/wp-json\/wp\/v2\/product_cat?post=5674"},{"taxonomy":"product_tag","embeddable":true,"href":"https:\/\/www.pacocinillas.es\/tienda\/wp-json\/wp\/v2\/product_tag?post=5674"}],"curies":[{"name":"wp","href":"https:\/\/api.w.org\/{rel}","templated":true}]}}