{"id":5598,"date":"2021-04-21T10:45:28","date_gmt":"2021-04-21T08:45:28","guid":{"rendered":"https:\/\/www.pacocinillas.es\/tienda\/?post_type=product&#038;p=5598"},"modified":"2026-01-03T11:24:31","modified_gmt":"2026-01-03T09:24:31","slug":"parrilla-fundicion-sistema-sgs-monolith-lechef","status":"publish","type":"product","link":"https:\/\/www.pacocinillas.es\/tienda\/producto\/parrilla-fundicion-sistema-sgs-monolith-lechef\/","title":{"rendered":"Parrilla fundici\u00f3n sistema SGS MONOLITH LeChef"},"content":{"rendered":"","protected":false},"excerpt":{"rendered":"<p>La parrilla de hierro fundido en forma de\u00a0<strong>\u00a0media luna para el Sistema \u00abSmart Grid System\u00bb de Monolith\u00a0<\/strong>, adem\u00e1s de ser un excelente conductor del calor y por lo tanto ayuda a la cocci\u00f3n, le da a los alimentos esas t\u00edpicas tiras \u201ccaramelizadas\u201d m\u00e1s conocidas como marcas de la parrilla \u00abgrill-marks\u00bb. Ideal para carnes, pescados y verduras. Despu\u00e9s de su uso, solo se recomienda cepillar el hierro fundido con un cepillo apropiado.<\/p>\n<p>Parrilla para <strong>Kamado MONOLITH LeChef<\/strong><\/p>\n","protected":false},"featured_media":4706,"comment_status":"closed","ping_status":"closed","template":"","meta":[],"product_brand":[],"product_cat":[72,155,74],"product_tag":[],"class_list":{"0":"post-5598","1":"product","2":"type-product","3":"status-publish","4":"has-post-thumbnail","6":"product_cat-accesorios","7":"product_cat-accesoriosmonolith","8":"product_cat-monolith","10":"first","11":"instock","12":"taxable","13":"shipping-taxable","14":"purchasable","15":"product-type-simple"},"_links":{"self":[{"href":"https:\/\/www.pacocinillas.es\/tienda\/wp-json\/wp\/v2\/product\/5598","targetHints":{"allow":["GET"]}}],"collection":[{"href":"https:\/\/www.pacocinillas.es\/tienda\/wp-json\/wp\/v2\/product"}],"about":[{"href":"https:\/\/www.pacocinillas.es\/tienda\/wp-json\/wp\/v2\/types\/product"}],"replies":[{"embeddable":true,"href":"https:\/\/www.pacocinillas.es\/tienda\/wp-json\/wp\/v2\/comments?post=5598"}],"wp:featuredmedia":[{"embeddable":true,"href":"https:\/\/www.pacocinillas.es\/tienda\/wp-json\/wp\/v2\/media\/4706"}],"wp:attachment":[{"href":"https:\/\/www.pacocinillas.es\/tienda\/wp-json\/wp\/v2\/media?parent=5598"}],"wp:term":[{"taxonomy":"product_brand","embeddable":true,"href":"https:\/\/www.pacocinillas.es\/tienda\/wp-json\/wp\/v2\/product_brand?post=5598"},{"taxonomy":"product_cat","embeddable":true,"href":"https:\/\/www.pacocinillas.es\/tienda\/wp-json\/wp\/v2\/product_cat?post=5598"},{"taxonomy":"product_tag","embeddable":true,"href":"https:\/\/www.pacocinillas.es\/tienda\/wp-json\/wp\/v2\/product_tag?post=5598"}],"curies":[{"name":"wp","href":"https:\/\/api.w.org\/{rel}","templated":true}]}}