{"id":5569,"date":"2020-07-30T11:32:08","date_gmt":"2020-07-30T09:32:08","guid":{"rendered":"https:\/\/www.pacocinillas.es\/tienda\/?post_type=product&#038;p=5569"},"modified":"2025-12-31T22:08:44","modified_gmt":"2025-12-31T20:08:44","slug":"kamado-joe-kettle-joe","status":"publish","type":"product","link":"https:\/\/www.pacocinillas.es\/tienda\/producto\/kamado-joe-kettle-joe\/","title":{"rendered":"KAMADO JOE KETTLE JOE"},"content":{"rendered":"<div class=\"wpb-content-wrapper\"><p>[vc_row][vc_column width=\u00bb1\/6&#8243;][\/vc_column][vc_column width=\u00bb2\/3&#8243;][vc_column_text css=\u00bb.vc_custom_1645522450171{padding-right: 100px !important;padding-left: 100px !important;}\u00bb]<\/p>\n<div class=\"texto_pral\">\n<ul>\n<li>El Kettle Joe \u2122 tiene una superficie de cocci\u00f3n total de 2342 cm cuadrados.<\/li>\n<li>La c\u00e1mara de combusti\u00f3n de cer\u00e1mica eficiente permite tiempos de cocci\u00f3n m\u00e1s prolongados utilizando menos carb\u00f3n vegetal<\/li>\n<li>La parrilla tiene una bisagra ajustable que le permite mantener la tapa unida en lugar de tener que quitarla por completo y manipularla.<\/li>\n<li>Ajuste la bisagra a su posici\u00f3n m\u00e1s alta e inserte la c\u00e1mara de humo hiperb\u00f3lica Sl\u014dRoller \u2122 para fumar a temperaturas de hasta 260\u00b0C<\/li>\n<li>Retire la c\u00e1mara de humo hiperb\u00f3lica Sl\u014dRoller \u2122 y baje la bisagra a la parrilla a temperaturas de hasta 370\u00b0C<\/li>\n<li>Los estantes laterales plegables permiten un \u00e1rea de preparaci\u00f3n m\u00e1s grande mientras est\u00e1n en uso y cuando est\u00e1n doblados, los estantes laterales vers\u00e1tiles permiten un f\u00e1cil almacenamiento.<\/li>\n<li>El caj\u00f3n de cenizas le permite limpiar las cenizas sin quitar los componentes internos, lo que resulta en una limpieza r\u00e1pida y f\u00e1cil.<\/li>\n<li>Incluye un carro de cuatro patas con 2 ruedas de bloqueo para facilitar la movilidad<\/li>\n<\/ul>\n<\/div>\n<p>[\/vc_column_text][\/vc_column][vc_column width=\u00bb1\/6&#8243;][\/vc_column][\/vc_row][vc_row][vc_column width=\u00bb1\/6&#8243;][\/vc_column][vc_column width=\u00bb1\/6&#8243;][vc_icon type=\u00bbmaterial\u00bb icon_material=\u00bbvc-material vc-material-data_usage\u00bb color=\u00bbcustom\u00bb size=\u00bbxl\u00bb align=\u00bbcenter\u00bb custom_color=\u00bb#dd3333&#8243;][vc_column_text]<\/p>\n<h4 style=\"text-align: center;\">57 cm. Superficie cocci\u00f3n<\/h4>\n<p>[\/vc_column_text][\/vc_column][vc_column width=\u00bb1\/6&#8243;][vc_icon type=\u00bbtypicons\u00bb icon_typicons=\u00bbtypcn typcn-shopping-cart\u00bb color=\u00bbcustom\u00bb size=\u00bbxl\u00bb align=\u00bbcenter\u00bb custom_color=\u00bb#dd3333&#8243;][vc_column_text]<\/p>\n<h4 style=\"text-align: center;\">Carro acero Premium<\/h4>\n<p>[\/vc_column_text][\/vc_column][vc_column width=\u00bb1\/6&#8243;][vc_icon type=\u00bblinecons\u00bb icon_linecons=\u00bbvc_li vc_li-paperplane\u00bb color=\u00bbcustom\u00bb size=\u00bbxl\u00bb align=\u00bbcenter\u00bb custom_color=\u00bb#dd3333&#8243;][vc_column_text]<\/p>\n<h4 style=\"text-align: center;\">Env\u00edo gratis<\/h4>\n<p>[\/vc_column_text][\/vc_column][vc_column width=\u00bb1\/6&#8243;][vc_icon type=\u00bbtypicons\u00bb icon_typicons=\u00bbtypcn typcn-phone-outline\u00bb color=\u00bbcustom\u00bb size=\u00bbxl\u00bb align=\u00bbcenter\u00bb custom_color=\u00bb#dd3333&#8243;][vc_column_text]<\/p>\n<h4 style=\"text-align: center;\">Atenci\u00f3n al cliente<\/h4>\n<p>[\/vc_column_text][\/vc_column][vc_column width=\u00bb1\/6&#8243;][\/vc_column][\/vc_row][vc_row][vc_column width=\u00bb1\/4&#8243;][\/vc_column][vc_column width=\u00bb1\/2&#8243;][vc_single_image image=\u00bb5570&#8243; img_size=\u00bbfull\u00bb][\/vc_column][vc_column width=\u00bb1\/4&#8243;][\/vc_column][\/vc_row]<\/p>\n<\/div>","protected":false},"excerpt":{"rendered":"<div class=\"texto_pral\">\n<p>Kamado Joe\u00ae contin\u00faa su innovaci\u00f3n con el Kettle Joe \u2122, una parrilla de caldera de 57 cm con caracter\u00edsticas de cocci\u00f3n de cer\u00e1mica \u00fanicas que mejoran la retenci\u00f3n de calor, la eficiencia del combustible y la capacidad de ahumado. El sistema Divide &amp; Conquer\u00ae de 2 niveles le permite cocinar alimentos a diferentes temperaturas. La parrilla tambi\u00e9n viene con el revolucionario inserto de c\u00e1mara de humo hiperb\u00f3lica Sl\u014dRoller \u2122, que aprovecha el poder de la tecnolog\u00eda de flujo de aire cicl\u00f3nico para controlar el calor y el humo a temperaturas de ahumado.<\/p>\n<p><strong>*El PVP incluye los portes a puerta de calle en la Pen\u00ednsula (consultar para otros destinos).<br \/>\n<img loading=\"lazy\" decoding=\"async\" class=\"alignnone size-full wp-image-4032\" src=\"https:\/\/www.pacocinillas.es\/tienda\/wp-content\/uploads\/2020\/09\/envio.jpg\" alt=\"\" width=\"200\" height=\"81\" \/><br \/>\n<\/strong><\/p>\n<\/div>\n","protected":false},"featured_media":5571,"comment_status":"closed","ping_status":"closed","template":"","meta":[],"product_brand":[],"product_cat":[149,43],"product_tag":[],"class_list":{"0":"post-5569","1":"product","2":"type-product","3":"status-publish","4":"has-post-thumbnail","6":"product_cat-classicjoe","7":"product_cat-kamadojoe","9":"first","10":"instock","11":"taxable","12":"shipping-taxable","13":"purchasable","14":"product-type-simple"},"_links":{"self":[{"href":"https:\/\/www.pacocinillas.es\/tienda\/wp-json\/wp\/v2\/product\/5569","targetHints":{"allow":["GET"]}}],"collection":[{"href":"https:\/\/www.pacocinillas.es\/tienda\/wp-json\/wp\/v2\/product"}],"about":[{"href":"https:\/\/www.pacocinillas.es\/tienda\/wp-json\/wp\/v2\/types\/product"}],"replies":[{"embeddable":true,"href":"https:\/\/www.pacocinillas.es\/tienda\/wp-json\/wp\/v2\/comments?post=5569"}],"wp:featuredmedia":[{"embeddable":true,"href":"https:\/\/www.pacocinillas.es\/tienda\/wp-json\/wp\/v2\/media\/5571"}],"wp:attachment":[{"href":"https:\/\/www.pacocinillas.es\/tienda\/wp-json\/wp\/v2\/media?parent=5569"}],"wp:term":[{"taxonomy":"product_brand","embeddable":true,"href":"https:\/\/www.pacocinillas.es\/tienda\/wp-json\/wp\/v2\/product_brand?post=5569"},{"taxonomy":"product_cat","embeddable":true,"href":"https:\/\/www.pacocinillas.es\/tienda\/wp-json\/wp\/v2\/product_cat?post=5569"},{"taxonomy":"product_tag","embeddable":true,"href":"https:\/\/www.pacocinillas.es\/tienda\/wp-json\/wp\/v2\/product_tag?post=5569"}],"curies":[{"name":"wp","href":"https:\/\/api.w.org\/{rel}","templated":true}]}}