{"id":5556,"date":"2022-02-10T18:23:59","date_gmt":"2022-02-10T16:23:59","guid":{"rendered":"https:\/\/www.pacocinillas.es\/tienda\/?post_type=product&#038;p=5556"},"modified":"2026-01-25T21:34:10","modified_gmt":"2026-01-25T19:34:10","slug":"barbacoa-carbon-everdure-4k","status":"publish","type":"product","link":"https:\/\/www.pacocinillas.es\/tienda\/producto\/barbacoa-carbon-everdure-4k\/","title":{"rendered":"Barbacoa carb\u00f3n Everdure 4K"},"content":{"rendered":"<div class=\"wpb-content-wrapper\"><p>[vc_row][vc_column][vc_column_text]<\/p>\n<div id=\"manufacturer-short_description\">\n<ul>\n<li>\n<div class=\"block md-bottom product-description-block \">\n<h3 class=\"title-block\">Descripci\u00f3n<\/h3>\n<div class=\"block-content\">\n<div class=\"product-description typo\">\n<p>La barbacoa 4k te trae todo el sabor original del carb\u00f3n que durante milenios la humanidad ha disfrutado fusionado con la \u00faltima generaci\u00f3n de tecnolog\u00eda y un dise\u00f1o y est\u00e9tica moderno. Todo ello con los est\u00e1ndares de cocinado de un chef de 3 Estrellas Michel\u00edn como Heston Blumenthal. Ahora puedes hacer barbacoa de carb\u00f3n en casa con la m\u00e1xima eficiencia .<\/p>\n<p><strong>Heston Blumenthal es uno de los mejores chefs del mundo<\/strong>. Su restaurante en Berkshire, The Fat Duck, ha ganado galardones internacionales y ha sido condecorado con 3 estrellas Michel\u00edn, adem\u00e1s, el propio Heston ha sido nombrado oficial de la Orden del Imperio Brit\u00e1nico por su Majestad la Reina por los servicios ofrecidos a la Gastronom\u00eda Brit\u00e1nica.<\/p>\n<p>Amigo tanto de la Royal Society of Chemistry, y The Royal Academy of Culinary Arts, a Heston nunca le ha gustado seguir el libro al pie de la letra. Impulsando los l\u00edmites de la cocina tradicional, e inyectando la ilusi\u00f3n de los deseos de un ni\u00f1o y el teatro en todo lo que toca, ha inspirado a una generaci\u00f3n que busca el placer, y la diversi\u00f3n en la comida. Ahora, Heston le da su toque m\u00e1gico al disfrute del exterior, haciendo\u00a0<strong>f\u00e1cil para cualquiera el cocinar con una barbacoa<\/strong>.<\/p>\n<h4><strong>\u00a0M\u00e1xima versatilidad:<br \/>\n<\/strong><\/h4>\n<p>Ahumar a baja temperatura o cocinar de forma lenta directamente sobre la parrilla o si lo prefieres cocinar con fuego directo, honear, asar&#8230; Las posibilidades son son tantas como tu imaginaci\u00f3n te permita. Rango de cocci\u00f3n bajo y lento (100\u00baC) a intenso (+400\u00baC).<\/p>\n<h4><strong>\u00a0Cocci\u00f3n monitorizada. Tecnolog\u00eda Blutooth:<br \/>\n<\/strong><\/h4>\n<p>El sistema de cocci\u00f3n de la 4k permite monitorear lo que cocines con total precisi\u00f3n desde la aplicaci\u00f3n de la 4k. Desc\u00e1rgate la aplicaci\u00f3n, con\u00e9ctate por bluetooth y sigue todas las recetas que se proponen y las t\u00e9cnicas de cocinado de Heston con consejos \u00fatiles para los m\u00e1s gourmet. Soporte para android e iOS.<\/p>\n<h4><strong>\u00a0Control de flujo del aire:<br \/>\n<\/strong><\/h4>\n<p>El sistema de control de flujo de aire de la 4K hace que puedas aumentar o disminuir la temperatura gracias a la entrada de aire de su chimenea, sin necesidad de abrir la tapa.<\/p>\n<h4><strong>\u00a0Pantalla digital:<br \/>\n<\/strong><\/h4>\n<p>La 4K cuenta con una pantalla de vidrio t\u00e1ctil f\u00e1cil de leer datos como la temperatura, la funci\u00f3n de temporizador y encendido r\u00e1pido del carb\u00f3n.<\/p>\n<h4><strong>\u00a0Detalles inteligentes:<br \/>\n<\/strong><\/h4>\n<p>En el lateral de la barbacoa encontramos una escotilla para recargar el carb\u00f3n y las astillas de madera sin necesidad de abrir la tapa. Adem\u00e1s cuenta con luz interna para cocinar c\u00f3modamente en la oscuridad.<\/p>\n<h4><strong>\u00a0F\u00e1cil de limpiar y duradera:\u00a0\u00a0<\/strong><\/h4>\n<p>El exterior de la barbacoa est\u00e1 hecho a prueba de herrumbre, de aluminio fundido a presi\u00f3n. Cuenta con un cubo para las cenizas f\u00e1cil de sacar, de acero esmaltado el cu\u00e1l permite una limpieza m\u00e1s f\u00e1cil.<\/p>\n<p>&nbsp;<\/p>\n<h3>Caracter\u00edsticas<\/h3>\n<ul>\n<li>Fabricada en aluminio y acero esmaltado.<\/li>\n<\/ul>\n<ul>\n<li>Lista para cocinar en 10 minutos gracias al sistema de encendido Fast Flame.<\/li>\n<\/ul>\n<ul>\n<li>Resistencia el\u00e9ctrica de 1400 W. 220-240v (1.5 m.)<\/li>\n<li>Iluminaci\u00f3n interna.<\/li>\n<\/ul>\n<ul>\n<li>Superficie de cocci\u00f3n: 2771 cm2: capacidad para hasta 25 hamburguesas peque\u00f1as, 66 solomillos y 2 aves grandes.<\/li>\n<\/ul>\n<ul>\n<li>El control electr\u00f3nico cocina solo. \u00abPulsar y olvidarse\u00bb.<\/li>\n<\/ul>\n<ul>\n<li>Viene con: 4 sondas de temperatura, clip de sonda de parrilla, pinzas para cocinar, pinzar para el carb\u00f3n, 2 parrillas de hierro fundido, 2 parrillas de acero inoxidable y piedra para pizza de 33 cm.<\/li>\n<\/ul>\n<ul>\n<li>Tapa horno con autobloqueo.<\/li>\n<li>Dimensiones:\u00a051,5 x 67 x 115 cm. (Largo x profundo x alto)<\/li>\n<\/ul>\n<\/div>\n<\/div>\n<\/div>\n<div class=\"block md-bottom product-features-block \"><\/div>\n<\/li>\n<\/ul>\n<\/div>\n<p>[\/vc_column_text][\/vc_column][\/vc_row][vc_row][vc_column][vc_video link=\u00bbhttps:\/\/www.youtube.com\/watch?v=JBL_DUJFuug\u00bb align=\u00bbcenter\u00bb][\/vc_column][\/vc_row]<\/p>\n<\/div>","protected":false},"excerpt":{"rendered":"<p><b>Barbacoa de carb\u00f3n con encendido el\u00e9ctrico para disfrutar al aire libre.\u00a0 El futuro est\u00e1 aqu\u00ed, ahora.<\/b><\/p>\n","protected":false},"featured_media":5557,"comment_status":"closed","ping_status":"closed","template":"","meta":[],"product_brand":[],"product_cat":[107],"product_tag":[],"class_list":{"0":"post-5556","1":"product","2":"type-product","3":"status-publish","4":"has-post-thumbnail","6":"product_cat-everdure","8":"first","9":"instock","10":"sale","11":"taxable","12":"shipping-taxable","13":"purchasable","14":"product-type-simple"},"_links":{"self":[{"href":"https:\/\/www.pacocinillas.es\/tienda\/wp-json\/wp\/v2\/product\/5556","targetHints":{"allow":["GET"]}}],"collection":[{"href":"https:\/\/www.pacocinillas.es\/tienda\/wp-json\/wp\/v2\/product"}],"about":[{"href":"https:\/\/www.pacocinillas.es\/tienda\/wp-json\/wp\/v2\/types\/product"}],"replies":[{"embeddable":true,"href":"https:\/\/www.pacocinillas.es\/tienda\/wp-json\/wp\/v2\/comments?post=5556"}],"wp:featuredmedia":[{"embeddable":true,"href":"https:\/\/www.pacocinillas.es\/tienda\/wp-json\/wp\/v2\/media\/5557"}],"wp:attachment":[{"href":"https:\/\/www.pacocinillas.es\/tienda\/wp-json\/wp\/v2\/media?parent=5556"}],"wp:term":[{"taxonomy":"product_brand","embeddable":true,"href":"https:\/\/www.pacocinillas.es\/tienda\/wp-json\/wp\/v2\/product_brand?post=5556"},{"taxonomy":"product_cat","embeddable":true,"href":"https:\/\/www.pacocinillas.es\/tienda\/wp-json\/wp\/v2\/product_cat?post=5556"},{"taxonomy":"product_tag","embeddable":true,"href":"https:\/\/www.pacocinillas.es\/tienda\/wp-json\/wp\/v2\/product_tag?post=5556"}],"curies":[{"name":"wp","href":"https:\/\/api.w.org\/{rel}","templated":true}]}}