{"id":5549,"date":"2022-02-01T18:07:28","date_gmt":"2022-02-01T16:07:28","guid":{"rendered":"https:\/\/www.pacocinillas.es\/tienda\/?post_type=product&#038;p=5549"},"modified":"2026-01-25T21:33:20","modified_gmt":"2026-01-25T19:33:20","slug":"hub-2","status":"publish","type":"product","link":"https:\/\/www.pacocinillas.es\/tienda\/producto\/hub-2\/","title":{"rendered":"Barbacoa carb\u00f3n HUB II"},"content":{"rendered":"<div class=\"wpb-content-wrapper\"><p>[vc_row][vc_column][vc_column_text]<\/p>\n<div class=\"block md-bottom product-description-block \">\n<div class=\"block-content\">\n<div class=\"product-description typo\">\n<p>Tanto para encenderla y hacer un simple filete, como para intentar ser m\u00e1s ambicioso, o ir m\u00e1s all\u00e1 con un asado \u00e9pico, la HUB\u00ae II es perfecta para los amantes del disfrute del aire libre.<\/p>\n<p>Trabajando mano a mano con dise\u00f1adores e ingenieros, Heston Blumenthal se ha embarcado en una misi\u00f3n para crear\u00a0<strong>la barbacoa moderna perfecta<\/strong>. Combinando la \u00faltima tecnolog\u00eda y est\u00e9tica, y centr\u00e1ndose en la\u00a0<strong>facilidad de uso<\/strong>\u00a0y la atenci\u00f3n al detalle, ha creado una serie de modelos que redescubren la cocina al aire libre.<\/p>\n<p><strong>\u00abLa HUB II est\u00e1 dise\u00f1ada para grandes reuniones, d\u00f3nde uno puede realmente mostrar sus habilidades. Llamas, brasas, calor. Estamos frente a una gran experiencia con una aut\u00e9ntica barbacoa de carb\u00f3n\u00bb<\/strong><\/p>\n<p><strong>Heston Blumenthal es uno de los mejores chefs del mundo<\/strong>. Su restaurante en Berkshire, The Fat Duck, ha ganado galardones internacionales y ha sido condecorado con 3 estrellas Michel\u00edn, adem\u00e1s, el propio Heston ha sido nombrado oficial de la Orden del Imperio Brit\u00e1nico por su Majestad la Reina por los servicios ofrecidos a la Gastronom\u00eda Brit\u00e1nica.<\/p>\n<p>Amigo tanto de la Royal Society of Chemistry, y The Royal Academy of Culinary Arts, a Heston nunca le ha gustado seguir el libro al pie de la letra. Impulsando los l\u00edmites de la cocina tradicional, e inyectando la ilusi\u00f3n de los deseos de un ni\u00f1o y el teatro en todo lo que toca, ha inspirado a una generaci\u00f3n que busca el placer, y la diversi\u00f3n en la comida. Ahora, Heston le da su toque m\u00e1gico al disfrute del exterior, haciendo\u00a0<strong>f\u00e1cil para cualquiera el cocinar con una barbacoa<\/strong>.<\/p>\n<p>El modelo de barbacoa\u00a0<strong>HUB II\u00a0<\/strong>es impresionante. La calidad de sus materiales y sus muy estudiados sistemas de cocci\u00f3n, encendido, y limpieza, hacen honor a su gran dise\u00f1o.<\/p>\n<p>Jam\u00e1s hab\u00eda sido tan f\u00e1cil cocinar en una barbacoa de carb\u00f3n, gracias a su resistencia el\u00e9ctrica integrada de 1.800 W, el carb\u00f3n se prepara en 10 minutos y tan solo pulsando un bot\u00f3n.<\/p>\n<h4><strong>\u00a0Prepara el carb\u00f3n en 10 minutos:<br \/>\n<\/strong><\/h4>\n<p>En la base de la cuba del carb\u00f3n se oculta una resistencia el\u00e9ctrica de 1800 W con la que prepararemos el carb\u00f3n en tan solo 10 minutos y simplemente pulsando un bot\u00f3n, gracias a su sistema de encendido Fast Flame.<\/p>\n<h4><strong>\u00a0Sistema de rustidor incorporado:<br \/>\n<\/strong><\/h4>\n<p>El sistema Rotiscope Technology sit\u00faa un m\u00e1stil a cada lado de la parrilla, los m\u00e1stiles se pueden ocultar dentro de la mesa si no se va a utilizar el rustidor, o se pueden levantar con controles totalmente autom\u00e1ticos, seg\u00fan lo que queramos cocinar y a qu\u00e9 intensidad.<\/p>\n<p>El pincho del rustidor apoya f\u00e1cilmente sobre los m\u00e1stiles y aguanta 40 kg. de peso, m\u00e1s que ning\u00fan otro rustidor del mercado gracias al enorme grosor del Acero.<\/p>\n<h4><strong>\u00a0Agarre de la comida absoluto:<br \/>\n<\/strong><\/h4>\n<p>El sistema Cliplock aprieta y fija los tenedores al rustidor y hace que la comida se mantenga completamente firme en su posici\u00f3n mientras el pincho gira lentamente.<\/p>\n<h4><strong>\u00a0Calidad y dise\u00f1o:<br \/>\n<\/strong><\/h4>\n<p>Desde los m\u00e1stiles integrados, pasando por el motor invisible, hasta el enchufe retr\u00e1ctil, Heston Blumenthal se ha fijado en cada detalle para que sus barbacoas no solo aporten calidad, sino un dise\u00f1o Dan\u00e9s minimalista de lo m\u00e1s elegante.<\/p>\n<h4><strong>\u00a0Limpieza impecable:<br \/>\n<\/strong><\/h4>\n<p>La cuba del carb\u00f3n de Acero est\u00e1 completamente esmaltada en Porcelana, lo que hace que la limpieza sea infinitamente m\u00e1s f\u00e1cil que en una barbacoa convencional.<\/p>\n<p>&nbsp;<\/p>\n<h3><strong>Caracter\u00edsticas<\/strong><\/h3>\n<ul>\n<li>Fabricado en Acero y Acero Inoxidable.<\/li>\n<\/ul>\n<ul>\n<li>Listo para cocinar en 10 minutos gracias al sistema de encendido Fast Flame.<\/li>\n<\/ul>\n<ul>\n<li>Resistencia el\u00e9ctrica de 1800 W.<\/li>\n<\/ul>\n<ul>\n<li>Superficie de cocci\u00f3n: 81 x 41 cm.<\/li>\n<\/ul>\n<ul>\n<li>El control electr\u00f3nico cocina solo. \u00abPulsar y olvidarse\u00bb.<\/li>\n<\/ul>\n<ul>\n<li>Soportes para el rustidor retr\u00e1ctiles con 3 alturas distintas y motor interno.<\/li>\n<\/ul>\n<ul>\n<li>Espet\u00f3n extra grueso con 40 kg. de capacidad.<\/li>\n<\/ul>\n<ul>\n<li>El sistema Cliplock mantiene la comida firme en los tenedores.<\/li>\n<\/ul>\n<ul>\n<li>Compartimento para guardar el espet\u00f3n y los tenedores Cliplock.<\/li>\n<\/ul>\n<ul>\n<li>Incluye una tapa para la parrilla que tambi\u00e9n sirve como paravientos trasero.<\/li>\n<\/ul>\n<ul>\n<li>Dise\u00f1o elegante y contempor\u00e1neo.<\/li>\n<\/ul>\n<ul>\n<li>Armario integrado con estante y puertas de doble capa para almacenamiento.<\/li>\n<\/ul>\n<ul>\n<li>2 patas fijas robustas.<\/li>\n<\/ul>\n<ul>\n<li>2 ruedas con freno de alta resistencia.<\/li>\n<\/ul>\n<ul>\n<li>Enchufe de 1,5 m. retr\u00e1ctil.<\/li>\n<\/ul>\n<ul>\n<li>Cuba y bandeja del carb\u00f3n de Acero esmaltado en Porcelana.<\/li>\n<\/ul>\n<ul>\n<li>2 parrillas cromadas con mangos frontales fr\u00edos al tacto.<\/li>\n<\/ul>\n<ul>\n<li>F\u00e1cil de limpiar.<\/li>\n<\/ul>\n<\/div>\n<\/div>\n<\/div>\n<div class=\"block md-bottom product-features-block \"><\/div>\n<p>[\/vc_column_text][\/vc_column][\/vc_row][vc_row][vc_column][vc_btn title=\u00bbDESCARGAR CAT\u00c1LOGO EVERDURE\u00bb color=\u00bbdanger\u00bb i_icon_fontawesome=\u00bbfas fa-download\u00bb add_icon=\u00bbtrue\u00bb link=\u00bburl:https%3A%2F%2Fwww.pacocinillas.es%2Ftienda%2Fwp-content%2Fuploads%2F2022%2F02%2FEHB-Mini-Brochure-ES.pdf|target:_blank\u00bb][\/vc_column][\/vc_row][vc_row][vc_column][vc_video link=\u00bbhttps:\/\/www.youtube.com\/watch?v=KF03YDXDNUg\u00bb align=\u00bbcenter\u00bb][\/vc_column][\/vc_row]<\/p>\n<\/div>","protected":false},"excerpt":{"rendered":"<p>Espectacular barbacoa de carb\u00f3n HUB II, lista para cocinar en 10 minutos.<br \/>\nAhora con control electr\u00f3nico mejorado del rustidor y elementos met\u00e1licos recubiertos de titanio.<\/p>\n<p>&nbsp;<\/p>\n","protected":false},"featured_media":5550,"comment_status":"closed","ping_status":"closed","template":"","meta":[],"product_brand":[],"product_cat":[107],"product_tag":[],"class_list":{"0":"post-5549","1":"product","2":"type-product","3":"status-publish","4":"has-post-thumbnail","6":"product_cat-everdure","8":"first","9":"instock","10":"sale","11":"taxable","12":"shipping-taxable","13":"purchasable","14":"product-type-simple"},"_links":{"self":[{"href":"https:\/\/www.pacocinillas.es\/tienda\/wp-json\/wp\/v2\/product\/5549","targetHints":{"allow":["GET"]}}],"collection":[{"href":"https:\/\/www.pacocinillas.es\/tienda\/wp-json\/wp\/v2\/product"}],"about":[{"href":"https:\/\/www.pacocinillas.es\/tienda\/wp-json\/wp\/v2\/types\/product"}],"replies":[{"embeddable":true,"href":"https:\/\/www.pacocinillas.es\/tienda\/wp-json\/wp\/v2\/comments?post=5549"}],"wp:featuredmedia":[{"embeddable":true,"href":"https:\/\/www.pacocinillas.es\/tienda\/wp-json\/wp\/v2\/media\/5550"}],"wp:attachment":[{"href":"https:\/\/www.pacocinillas.es\/tienda\/wp-json\/wp\/v2\/media?parent=5549"}],"wp:term":[{"taxonomy":"product_brand","embeddable":true,"href":"https:\/\/www.pacocinillas.es\/tienda\/wp-json\/wp\/v2\/product_brand?post=5549"},{"taxonomy":"product_cat","embeddable":true,"href":"https:\/\/www.pacocinillas.es\/tienda\/wp-json\/wp\/v2\/product_cat?post=5549"},{"taxonomy":"product_tag","embeddable":true,"href":"https:\/\/www.pacocinillas.es\/tienda\/wp-json\/wp\/v2\/product_tag?post=5549"}],"curies":[{"name":"wp","href":"https:\/\/api.w.org\/{rel}","templated":true}]}}