{"id":5386,"date":"2022-01-23T13:37:58","date_gmt":"2022-01-23T11:37:58","guid":{"rendered":"https:\/\/www.pacocinillas.es\/tienda\/?post_type=product&#038;p=5386"},"modified":"2026-01-03T11:29:04","modified_gmt":"2026-01-03T09:29:04","slug":"monolith-classic-serie-pro-2-0-guru-sin-carro","status":"publish","type":"product","link":"https:\/\/www.pacocinillas.es\/tienda\/producto\/monolith-classic-serie-pro-2-0-guru-sin-carro\/","title":{"rendered":"MONOLITH CLASSIC Serie Pro 2.0 GURU sin carro"},"content":{"rendered":"<div class=\"wpb-content-wrapper\"><p>[vc_row][vc_column width=\u00bb1\/6&#8243;][\/vc_column][vc_column width=\u00bb2\/3&#8243;][vc_column_text css=\u00bb.vc_custom_1561559311979{padding-right: 100px !important;padding-left: 100px !important;}\u00bb]<\/p>\n<div class=\"texto_pral\">\n<p>No hay mejor impresi\u00f3n que una gran barbacoa japonesa en tu terraza. Es el tipo de asador que demuestra que eres un conocedor de la materia y que adem\u00e1s tienes grandes habilidades. Sus paredes gruesas de cer\u00e1mica concentran el calor, \u00a0lograr un sellado de calidad profesional en carnes cuando cocines a alta temperatura. Pero esas paredes gruesas tambi\u00e9n retienen el calor por muchas horas, lo que permite ahumar carnes a la perfecci\u00f3n, realizando poco esfuerzo para controlar la temperatura. En resumen, para asar y ahumar como los dioses, nada mejor que este tipo de parrilla.<\/p>\n<\/div>\n<div class=\"texto_generico\"><\/div>\n<p>[\/vc_column_text][\/vc_column][vc_column width=\u00bb1\/6&#8243;][\/vc_column][\/vc_row][vc_row][vc_column width=\u00bb1\/5&#8243;][\/vc_column][vc_column width=\u00bb1\/5&#8243;][vc_icon type=\u00bbtypicons\u00bb icon_typicons=\u00bbtypcn typcn-shopping-cart\u00bb color=\u00bbcustom\u00bb size=\u00bbxl\u00bb align=\u00bbcenter\u00bb custom_color=\u00bb#dd3333&#8243;][vc_column_text]<\/p>\n<h4 style=\"text-align: center;\">Env\u00edo gratis<\/h4>\n<p>[\/vc_column_text][\/vc_column][vc_column width=\u00bb1\/5&#8243;][vc_icon type=\u00bbtypicons\u00bb icon_typicons=\u00bbtypcn typcn-tick-outline\u00bb color=\u00bbcustom\u00bb size=\u00bbxl\u00bb align=\u00bbcenter\u00bb custom_color=\u00bb#dd3333&#8243;][vc_column_text]<\/p>\n<h4 style=\"text-align: center;\">Accesorios incluidos<\/h4>\n<p>[\/vc_column_text][\/vc_column][vc_column width=\u00bb1\/5&#8243;][vc_icon type=\u00bbtypicons\u00bb icon_typicons=\u00bbtypcn typcn-phone-outline\u00bb color=\u00bbcustom\u00bb size=\u00bbxl\u00bb align=\u00bbcenter\u00bb custom_color=\u00bb#dd3333&#8243;][vc_column_text]<\/p>\n<h4 style=\"text-align: center;\">Atenci\u00f3n al cliente<\/h4>\n<p>[\/vc_column_text][\/vc_column][vc_column width=\u00bb1\/5&#8243;][\/vc_column][\/vc_row][vc_row][vc_column width=\u00bb1\/4&#8243;][\/vc_column][vc_column width=\u00bb1\/2&#8243;][vc_video link=\u00bbhttps:\/\/www.youtube.com\/watch?v=WBYxvrnift0&#8243; align=\u00bbcenter\u00bb][\/vc_column][vc_column width=\u00bb1\/4&#8243;][\/vc_column][\/vc_row][vc_row][vc_column width=\u00bb1\/4&#8243;][\/vc_column][vc_column width=\u00bb1\/2&#8243;][vc_single_image image=\u00bb4439&#8243; img_size=\u00bbfull\u00bb alignment=\u00bbcenter\u00bb][\/vc_column][vc_column width=\u00bb1\/4&#8243;][\/vc_column][\/vc_row][vc_row][vc_column width=\u00bb1\/4&#8243;][\/vc_column][vc_column width=\u00bb1\/2&#8243;][vc_single_image image=\u00bb4424&#8243; img_size=\u00bbfull\u00bb alignment=\u00bbcenter\u00bb][\/vc_column][vc_column width=\u00bb1\/4&#8243;][\/vc_column][\/vc_row]<\/p>\n<\/div>","protected":false},"excerpt":{"rendered":"<div class=\"texto_pral\">\n<p>El Kamado<strong> MONOLITH Classic Pro serie 2.0 sin carro<\/strong>.Con un di\u00e1metro de la parrilla de 46 cm, es la elecci\u00f3n perfecta para todas sus necesidades de cocina, pudiendo utilizarse como parilla, barbacoa, ahumador, horno , plancha, asador o WOK.<\/p>\n<p>En colaboraci\u00f3n con nuestro socio estadounidense BBQ Guru, hemos creado la barbacoa MONOLITH m\u00e1s avanzada del mercado en que se unen tradici\u00f3n e innovaci\u00f3n. Esta opci\u00f3n viene con un ventilador integrado al cual se le puede conectar un controlador electr\u00f3nico con sensor de temperatura que regula autom\u00e1ticamente el flujo del aire y con carro de acero inoxidable y mesas laterales en madera de bamb\u00fa.<\/p>\n<p><strong>En Pacocinillas te asesoramos para la compra de tu Kamado <a href=\"https:\/\/www.pacocinillas.es\/tienda\/contacto\/\" target=\"_blank\" rel=\"noopener\">\u00a1Ll\u00e1manos!<\/a><\/strong><\/p>\n<\/div>\n<div class=\"texto_generico\">\n<p><img loading=\"lazy\" decoding=\"async\" class=\"size-full wp-image-4400 alignleft\" src=\"https:\/\/www.pacocinillas.es\/tienda\/wp-content\/uploads\/2020\/09\/ENVIOGRATIS.jpg\" alt=\"\" width=\"200\" height=\"81\" \/><\/p>\n<p>&nbsp;<\/p>\n<p>&nbsp;<\/p>\n<p>&nbsp;<\/p>\n<p>El PVP incluye los portes a puerta de calle en la Pen\u00ednsula (consultar para otros destinos).<\/p>\n<\/div>\n<p>&nbsp;<\/p>\n","protected":false},"featured_media":5387,"comment_status":"closed","ping_status":"closed","template":"","meta":[],"product_brand":[],"product_cat":[74,153],"product_tag":[],"class_list":{"0":"post-5386","1":"product","2":"type-product","3":"status-publish","4":"has-post-thumbnail","6":"product_cat-monolith","7":"product_cat-classic55","9":"first","10":"instock","11":"taxable","12":"shipping-taxable","13":"purchasable","14":"product-type-simple"},"_links":{"self":[{"href":"https:\/\/www.pacocinillas.es\/tienda\/wp-json\/wp\/v2\/product\/5386","targetHints":{"allow":["GET"]}}],"collection":[{"href":"https:\/\/www.pacocinillas.es\/tienda\/wp-json\/wp\/v2\/product"}],"about":[{"href":"https:\/\/www.pacocinillas.es\/tienda\/wp-json\/wp\/v2\/types\/product"}],"replies":[{"embeddable":true,"href":"https:\/\/www.pacocinillas.es\/tienda\/wp-json\/wp\/v2\/comments?post=5386"}],"wp:featuredmedia":[{"embeddable":true,"href":"https:\/\/www.pacocinillas.es\/tienda\/wp-json\/wp\/v2\/media\/5387"}],"wp:attachment":[{"href":"https:\/\/www.pacocinillas.es\/tienda\/wp-json\/wp\/v2\/media?parent=5386"}],"wp:term":[{"taxonomy":"product_brand","embeddable":true,"href":"https:\/\/www.pacocinillas.es\/tienda\/wp-json\/wp\/v2\/product_brand?post=5386"},{"taxonomy":"product_cat","embeddable":true,"href":"https:\/\/www.pacocinillas.es\/tienda\/wp-json\/wp\/v2\/product_cat?post=5386"},{"taxonomy":"product_tag","embeddable":true,"href":"https:\/\/www.pacocinillas.es\/tienda\/wp-json\/wp\/v2\/product_tag?post=5386"}],"curies":[{"name":"wp","href":"https:\/\/api.w.org\/{rel}","templated":true}]}}