{"id":5318,"date":"2022-01-31T16:36:27","date_gmt":"2022-01-31T14:36:27","guid":{"rendered":"https:\/\/www.pacocinillas.es\/tienda\/?post_type=product&#038;p=5318"},"modified":"2025-01-06T20:06:03","modified_gmt":"2025-01-06T18:06:03","slug":"petromax-cazo-kr1","status":"publish","type":"product","link":"https:\/\/www.pacocinillas.es\/tienda\/producto\/petromax-cazo-kr1\/","title":{"rendered":"Petromax Cazo hierro fundido con tapa KR1"},"content":{"rendered":"<div class=\"wpb-content-wrapper\"><p>[vc_row][vc_column][vc_column_text]<strong>Consigue el m\u00e1ximo aroma.<\/strong><br \/>\nEste caxo de fondo plano es una olla de hierro fundido con tapa y asa a juego, lo que te facilita el trabajo sobre un fuego directo, barbacoa o kamado. Este cazo aporta el doble de sabor: por un lado, los platos preparados en ollas de hierro fundido despliegan una nota caracter\u00edstica, ya que se conserva el sabor natural de los ingredientes, por otro lado, la tapa punt\u00faa con un plus de sabor, el perfil arom\u00e1tico.<\/p>\n<p>Se ha agregado un perfil de puntos en el interior de c\u00fapula de la tapa. Con estos puntos de aroma, la intensidad del sabor de la comida preparada aumenta por s\u00ed sola: el vapor ascendente se condensa en el interior de la tapa y, gracias a ello el aroma se libera uniformemente al interior de la olla. De esta forma, se conservan todos los aromas que se desarrollan durante el proceso de cocci\u00f3n.<\/p>\n<p>Con la cazuela se pueden hacer guisos, platos de carne y pescado as\u00ed como salsas especiales.Se puede fre\u00edr, cocer, guisar y cocinar de forma flexible en la cazuela.\u00a0Con las dos ayudas de vertido en el lateral, puede servir salsas con precisi\u00f3n y es f\u00e1cil verter el agua de cocci\u00f3n.\u00a0Gracias a sus pr\u00e1cticas dimensiones, la cazuela puede acompa\u00f1arte f\u00e1cilmente en todas tus aventuras.\u00a0Para que tengas todo el sabor est\u00e9s donde est\u00e9s.<\/p>\n<p><strong>Detalles t\u00e9cnicos<\/strong><br \/>\nMaterial: Hierro fundido<br \/>\nDimensiones (Al. x An. x Pr.): 11,4 x 35,1 x 18,6 cm<br \/>\nCapacidad: 1 L.<br \/>\nPeso: 3,1 Kg[\/vc_column_text][\/vc_column][\/vc_row][vc_row][vc_column][vc_single_image image=\u00bb5321&#8243; img_size=\u00bbfull\u00bb][\/vc_column][\/vc_row]<\/p>\n<\/div>","protected":false},"excerpt":{"rendered":"<p>El\u00a0 cazo KR1 Petromax de hierro fundido de alta calidad es indispensable para sus comidas al aire libre y en la barbacoa o kamado.<\/p>\n","protected":false},"featured_media":5319,"comment_status":"closed","ping_status":"closed","template":"","meta":[],"product_brand":[],"product_cat":[72,125],"product_tag":[],"class_list":{"0":"post-5318","1":"product","2":"type-product","3":"status-publish","4":"has-post-thumbnail","6":"product_cat-accesorios","7":"product_cat-petromax","9":"first","10":"instock","11":"taxable","12":"shipping-taxable","13":"purchasable","14":"product-type-simple"},"_links":{"self":[{"href":"https:\/\/www.pacocinillas.es\/tienda\/wp-json\/wp\/v2\/product\/5318","targetHints":{"allow":["GET"]}}],"collection":[{"href":"https:\/\/www.pacocinillas.es\/tienda\/wp-json\/wp\/v2\/product"}],"about":[{"href":"https:\/\/www.pacocinillas.es\/tienda\/wp-json\/wp\/v2\/types\/product"}],"replies":[{"embeddable":true,"href":"https:\/\/www.pacocinillas.es\/tienda\/wp-json\/wp\/v2\/comments?post=5318"}],"wp:featuredmedia":[{"embeddable":true,"href":"https:\/\/www.pacocinillas.es\/tienda\/wp-json\/wp\/v2\/media\/5319"}],"wp:attachment":[{"href":"https:\/\/www.pacocinillas.es\/tienda\/wp-json\/wp\/v2\/media?parent=5318"}],"wp:term":[{"taxonomy":"product_brand","embeddable":true,"href":"https:\/\/www.pacocinillas.es\/tienda\/wp-json\/wp\/v2\/product_brand?post=5318"},{"taxonomy":"product_cat","embeddable":true,"href":"https:\/\/www.pacocinillas.es\/tienda\/wp-json\/wp\/v2\/product_cat?post=5318"},{"taxonomy":"product_tag","embeddable":true,"href":"https:\/\/www.pacocinillas.es\/tienda\/wp-json\/wp\/v2\/product_tag?post=5318"}],"curies":[{"name":"wp","href":"https:\/\/api.w.org\/{rel}","templated":true}]}}