{"id":5290,"date":"2017-11-19T19:36:45","date_gmt":"2017-11-19T17:36:45","guid":{"rendered":"https:\/\/www.pacocinillas.es\/tienda\/?post_type=product&#038;p=5290"},"modified":"2026-01-03T11:25:08","modified_gmt":"2026-01-03T09:25:08","slug":"funda-monolith-lechef","status":"publish","type":"product","link":"https:\/\/www.pacocinillas.es\/tienda\/producto\/funda-monolith-lechef\/","title":{"rendered":"Funda MONOLITH Lechef"},"content":{"rendered":"<ul>\n<li>Elegante funda de gran calidad que nos dar\u00e1 una muy buena protecci\u00f3n de nuestro Kamado sobre los elementos atmosf\u00e9ricos.<\/li>\n<li>Proteja a su Kamado del agua y del viento.<\/li>\n<li>Impermeable y repelente al agua.<\/li>\n<li>Permeabilidad al aire.<\/li>\n<li>Color: Negro<\/li>\n<li>Se adapta al Kamado Monolith LeChef<\/li>\n<li>Material: Polyester<\/li>\n<li>Fabricante: Monolith<\/li>\n<\/ul>\n","protected":false},"excerpt":{"rendered":"<div id=\"product-description-short-255\" class=\"product-description-short sm-bottom\">\n<div id=\"product-description-short-353\" class=\"product-description-short sm-bottom\">\n<p>Funda para la protecci\u00f3n de la barbacoa Kamado Monolith\u00a0Lechef<\/p>\n<\/div>\n<div><\/div>\n<div class=\"product-information light-box-bg mb-3\">\n<div class=\"product-prices sm-bottom\"><\/div>\n<\/div>\n<\/div>\n","protected":false},"featured_media":5289,"comment_status":"closed","ping_status":"closed","template":"","meta":[],"product_brand":[],"product_cat":[72,155,74],"product_tag":[],"class_list":{"0":"post-5290","1":"product","2":"type-product","3":"status-publish","4":"has-post-thumbnail","6":"product_cat-accesorios","7":"product_cat-accesoriosmonolith","8":"product_cat-monolith","10":"first","11":"instock","12":"taxable","13":"shipping-taxable","14":"purchasable","15":"product-type-simple"},"_links":{"self":[{"href":"https:\/\/www.pacocinillas.es\/tienda\/wp-json\/wp\/v2\/product\/5290","targetHints":{"allow":["GET"]}}],"collection":[{"href":"https:\/\/www.pacocinillas.es\/tienda\/wp-json\/wp\/v2\/product"}],"about":[{"href":"https:\/\/www.pacocinillas.es\/tienda\/wp-json\/wp\/v2\/types\/product"}],"replies":[{"embeddable":true,"href":"https:\/\/www.pacocinillas.es\/tienda\/wp-json\/wp\/v2\/comments?post=5290"}],"wp:featuredmedia":[{"embeddable":true,"href":"https:\/\/www.pacocinillas.es\/tienda\/wp-json\/wp\/v2\/media\/5289"}],"wp:attachment":[{"href":"https:\/\/www.pacocinillas.es\/tienda\/wp-json\/wp\/v2\/media?parent=5290"}],"wp:term":[{"taxonomy":"product_brand","embeddable":true,"href":"https:\/\/www.pacocinillas.es\/tienda\/wp-json\/wp\/v2\/product_brand?post=5290"},{"taxonomy":"product_cat","embeddable":true,"href":"https:\/\/www.pacocinillas.es\/tienda\/wp-json\/wp\/v2\/product_cat?post=5290"},{"taxonomy":"product_tag","embeddable":true,"href":"https:\/\/www.pacocinillas.es\/tienda\/wp-json\/wp\/v2\/product_tag?post=5290"}],"curies":[{"name":"wp","href":"https:\/\/api.w.org\/{rel}","templated":true}]}}