{"id":5190,"date":"2021-12-31T11:07:20","date_gmt":"2021-12-31T09:07:20","guid":{"rendered":"https:\/\/www.pacocinillas.es\/tienda\/?post_type=product&#038;p=5190"},"modified":"2024-07-01T00:10:09","modified_gmt":"2024-06-30T22:10:09","slug":"delantal_weber","status":"publish","type":"product","link":"https:\/\/www.pacocinillas.es\/tienda\/producto\/delantal_weber\/","title":{"rendered":"Delantal Weber"},"content":{"rendered":"","protected":false},"excerpt":{"rendered":"<p>La comida se expresar\u00e1 por s\u00ed sola, pero \u00bfpor qu\u00e9 no interpretar tu papel tambi\u00e9n? Saca a la luz al maestro de la barbacoa que llevas dentro y si\u00e9ntete como un profesional con este delantal Weber. Sus profundos bolsillos te permitir\u00e1n guardar los utensilios de barbacoa esenciales. Adem\u00e1s, el cuello es ajustable para que te quede perfecto.<\/p>\n","protected":false},"featured_media":5191,"comment_status":"closed","ping_status":"closed","template":"","meta":[],"product_brand":[],"product_cat":[73],"product_tag":[],"class_list":{"0":"post-5190","1":"product","2":"type-product","3":"status-publish","4":"has-post-thumbnail","6":"product_cat-pacocinillas","8":"first","9":"instock","10":"sale","11":"taxable","12":"shipping-taxable","13":"purchasable","14":"product-type-simple"},"_links":{"self":[{"href":"https:\/\/www.pacocinillas.es\/tienda\/wp-json\/wp\/v2\/product\/5190","targetHints":{"allow":["GET"]}}],"collection":[{"href":"https:\/\/www.pacocinillas.es\/tienda\/wp-json\/wp\/v2\/product"}],"about":[{"href":"https:\/\/www.pacocinillas.es\/tienda\/wp-json\/wp\/v2\/types\/product"}],"replies":[{"embeddable":true,"href":"https:\/\/www.pacocinillas.es\/tienda\/wp-json\/wp\/v2\/comments?post=5190"}],"wp:featuredmedia":[{"embeddable":true,"href":"https:\/\/www.pacocinillas.es\/tienda\/wp-json\/wp\/v2\/media\/5191"}],"wp:attachment":[{"href":"https:\/\/www.pacocinillas.es\/tienda\/wp-json\/wp\/v2\/media?parent=5190"}],"wp:term":[{"taxonomy":"product_brand","embeddable":true,"href":"https:\/\/www.pacocinillas.es\/tienda\/wp-json\/wp\/v2\/product_brand?post=5190"},{"taxonomy":"product_cat","embeddable":true,"href":"https:\/\/www.pacocinillas.es\/tienda\/wp-json\/wp\/v2\/product_cat?post=5190"},{"taxonomy":"product_tag","embeddable":true,"href":"https:\/\/www.pacocinillas.es\/tienda\/wp-json\/wp\/v2\/product_tag?post=5190"}],"curies":[{"name":"wp","href":"https:\/\/api.w.org\/{rel}","templated":true}]}}