{"id":5015,"date":"2020-10-22T23:18:52","date_gmt":"2020-10-22T21:18:52","guid":{"rendered":"https:\/\/www.pacocinillas.es\/tienda\/?post_type=product&#038;p=5015"},"modified":"2026-01-01T18:05:49","modified_gmt":"2026-01-01T16:05:49","slug":"parrilla-fundicion-kamado-joe-junior","status":"publish","type":"product","link":"https:\/\/www.pacocinillas.es\/tienda\/producto\/parrilla-fundicion-kamado-joe-junior\/","title":{"rendered":"Parrilla fundici\u00f3n Kamado JOE junior"},"content":{"rendered":"","protected":false},"excerpt":{"rendered":"<p>Capacidad para adaptarse a Joe Junior para t\u00e9cnicas de sellado y cabe en la posici\u00f3n inferior del Kamado Classic Joe con el sistema de cocci\u00f3n Divide &amp; Conquer para sellar cerca de las brasas<\/p>\n<p>&#8211; Superficie\u00a0antiadherente y\u00a0extremadamente duradera<br \/>\n&#8211; F\u00e1cil de limpiar<br \/>\n&#8211; Se adapta a Kamado Joe Classic I, II, III y Joe Junior<\/p>\n","protected":false},"featured_media":5016,"comment_status":"closed","ping_status":"closed","template":"","meta":[],"product_brand":[],"product_cat":[72,151,43],"product_tag":[],"class_list":{"0":"post-5015","1":"product","2":"type-product","3":"status-publish","4":"has-post-thumbnail","6":"product_cat-accesorios","7":"product_cat-accesoriosjoe","8":"product_cat-kamadojoe","10":"first","11":"instock","12":"taxable","13":"shipping-taxable","14":"purchasable","15":"product-type-simple"},"_links":{"self":[{"href":"https:\/\/www.pacocinillas.es\/tienda\/wp-json\/wp\/v2\/product\/5015","targetHints":{"allow":["GET"]}}],"collection":[{"href":"https:\/\/www.pacocinillas.es\/tienda\/wp-json\/wp\/v2\/product"}],"about":[{"href":"https:\/\/www.pacocinillas.es\/tienda\/wp-json\/wp\/v2\/types\/product"}],"replies":[{"embeddable":true,"href":"https:\/\/www.pacocinillas.es\/tienda\/wp-json\/wp\/v2\/comments?post=5015"}],"wp:featuredmedia":[{"embeddable":true,"href":"https:\/\/www.pacocinillas.es\/tienda\/wp-json\/wp\/v2\/media\/5016"}],"wp:attachment":[{"href":"https:\/\/www.pacocinillas.es\/tienda\/wp-json\/wp\/v2\/media?parent=5015"}],"wp:term":[{"taxonomy":"product_brand","embeddable":true,"href":"https:\/\/www.pacocinillas.es\/tienda\/wp-json\/wp\/v2\/product_brand?post=5015"},{"taxonomy":"product_cat","embeddable":true,"href":"https:\/\/www.pacocinillas.es\/tienda\/wp-json\/wp\/v2\/product_cat?post=5015"},{"taxonomy":"product_tag","embeddable":true,"href":"https:\/\/www.pacocinillas.es\/tienda\/wp-json\/wp\/v2\/product_tag?post=5015"}],"curies":[{"name":"wp","href":"https:\/\/api.w.org\/{rel}","templated":true}]}}