{"id":5012,"date":"2019-10-22T12:07:27","date_gmt":"2019-10-22T10:07:27","guid":{"rendered":"https:\/\/www.pacocinillas.es\/tienda\/?post_type=product&#038;p=5012"},"modified":"2026-01-03T12:17:00","modified_gmt":"2026-01-03T10:17:00","slug":"piedra-deflectora-con-elevador-icon","status":"publish","type":"product","link":"https:\/\/www.pacocinillas.es\/tienda\/producto\/piedra-deflectora-con-elevador-icon\/","title":{"rendered":"Piedra deflectora con elevador MONOLITH ICON"},"content":{"rendered":"<div class=\"block md-bottom product-description-block \">\n<div class=\"block-content\">\n<div class=\"product-description typo\">\n<ul>\n<li>Piedra deflectora de cer\u00e1mica.<\/li>\n<li>Elevador\u00a0de acero inoxidable<\/li>\n<li>Dimensiones (\u00d8 x H): 20 x 1,4 cm.<\/li>\n<\/ul>\n<p>&nbsp;<\/p>\n<p>&nbsp;<\/p>\n<h3><\/h3>\n<\/div>\n<\/div>\n<\/div>\n<div class=\"block md-bottom product-features-block \"><\/div>\n","protected":false},"excerpt":{"rendered":"<p>La piedra deflectora permite transformar la cocci\u00f3n directa en indirecta ya que \u00e9sta se sit\u00faa arriba del carb\u00f3n gracias al elevador, haciendo que el calor se distribuya por toda la piedra y que las llamas no suban y alcancen directamente los alimentos.<\/p>\n","protected":false},"featured_media":8183,"comment_status":"closed","ping_status":"closed","template":"","meta":[],"product_brand":[],"product_cat":[72,155,74],"product_tag":[],"class_list":{"0":"post-5012","1":"product","2":"type-product","3":"status-publish","4":"has-post-thumbnail","6":"product_cat-accesorios","7":"product_cat-accesoriosmonolith","8":"product_cat-monolith","10":"first","11":"instock","12":"taxable","13":"shipping-taxable","14":"purchasable","15":"product-type-simple"},"_links":{"self":[{"href":"https:\/\/www.pacocinillas.es\/tienda\/wp-json\/wp\/v2\/product\/5012","targetHints":{"allow":["GET"]}}],"collection":[{"href":"https:\/\/www.pacocinillas.es\/tienda\/wp-json\/wp\/v2\/product"}],"about":[{"href":"https:\/\/www.pacocinillas.es\/tienda\/wp-json\/wp\/v2\/types\/product"}],"replies":[{"embeddable":true,"href":"https:\/\/www.pacocinillas.es\/tienda\/wp-json\/wp\/v2\/comments?post=5012"}],"wp:featuredmedia":[{"embeddable":true,"href":"https:\/\/www.pacocinillas.es\/tienda\/wp-json\/wp\/v2\/media\/8183"}],"wp:attachment":[{"href":"https:\/\/www.pacocinillas.es\/tienda\/wp-json\/wp\/v2\/media?parent=5012"}],"wp:term":[{"taxonomy":"product_brand","embeddable":true,"href":"https:\/\/www.pacocinillas.es\/tienda\/wp-json\/wp\/v2\/product_brand?post=5012"},{"taxonomy":"product_cat","embeddable":true,"href":"https:\/\/www.pacocinillas.es\/tienda\/wp-json\/wp\/v2\/product_cat?post=5012"},{"taxonomy":"product_tag","embeddable":true,"href":"https:\/\/www.pacocinillas.es\/tienda\/wp-json\/wp\/v2\/product_tag?post=5012"}],"curies":[{"name":"wp","href":"https:\/\/api.w.org\/{rel}","templated":true}]}}