{"id":4978,"date":"2021-04-19T20:03:59","date_gmt":"2021-04-19T18:03:59","guid":{"rendered":"https:\/\/www.pacocinillas.es\/tienda\/?post_type=product&#038;p=4978"},"modified":"2026-01-03T11:24:31","modified_gmt":"2026-01-03T09:24:31","slug":"parrilla-fundicion-monolith-icon-junior","status":"publish","type":"product","link":"https:\/\/www.pacocinillas.es\/tienda\/producto\/parrilla-fundicion-monolith-icon-junior\/","title":{"rendered":"Parrilla fundici\u00f3n MONOLITH ICON y Junior"},"content":{"rendered":"<p>&nbsp;<\/p>\n<ul>\n<li>Dimensiones (\u00d8): 33<\/li>\n<\/ul>\n","protected":false},"excerpt":{"rendered":"<p>La parrilla de hierro fundido adem\u00e1s de ser un excelente conductor del calor y por lo tanto ayuda a la cocci\u00f3n, le da a los alimentos esas t\u00edpicas tiras \u201ccaramelizadas\u201d m\u00e1s conocidas como marcas de la parrilla \u00abgrill-marks\u00bb. Ideal para carnes, pescados y verduras. Despu\u00e9s de su uso, solo se recomienda cepillar el hierro fundido con un cepillo apropiado.<\/p>\n","protected":false},"featured_media":4979,"comment_status":"closed","ping_status":"closed","template":"","meta":[],"product_brand":[],"product_cat":[72,155,74],"product_tag":[],"class_list":{"0":"post-4978","1":"product","2":"type-product","3":"status-publish","4":"has-post-thumbnail","6":"product_cat-accesorios","7":"product_cat-accesoriosmonolith","8":"product_cat-monolith","10":"first","11":"instock","12":"taxable","13":"shipping-taxable","14":"purchasable","15":"product-type-simple"},"_links":{"self":[{"href":"https:\/\/www.pacocinillas.es\/tienda\/wp-json\/wp\/v2\/product\/4978","targetHints":{"allow":["GET"]}}],"collection":[{"href":"https:\/\/www.pacocinillas.es\/tienda\/wp-json\/wp\/v2\/product"}],"about":[{"href":"https:\/\/www.pacocinillas.es\/tienda\/wp-json\/wp\/v2\/types\/product"}],"replies":[{"embeddable":true,"href":"https:\/\/www.pacocinillas.es\/tienda\/wp-json\/wp\/v2\/comments?post=4978"}],"wp:featuredmedia":[{"embeddable":true,"href":"https:\/\/www.pacocinillas.es\/tienda\/wp-json\/wp\/v2\/media\/4979"}],"wp:attachment":[{"href":"https:\/\/www.pacocinillas.es\/tienda\/wp-json\/wp\/v2\/media?parent=4978"}],"wp:term":[{"taxonomy":"product_brand","embeddable":true,"href":"https:\/\/www.pacocinillas.es\/tienda\/wp-json\/wp\/v2\/product_brand?post=4978"},{"taxonomy":"product_cat","embeddable":true,"href":"https:\/\/www.pacocinillas.es\/tienda\/wp-json\/wp\/v2\/product_cat?post=4978"},{"taxonomy":"product_tag","embeddable":true,"href":"https:\/\/www.pacocinillas.es\/tienda\/wp-json\/wp\/v2\/product_tag?post=4978"}],"curies":[{"name":"wp","href":"https:\/\/api.w.org\/{rel}","templated":true}]}}