{"id":4975,"date":"2021-01-25T19:55:31","date_gmt":"2021-01-25T17:55:31","guid":{"rendered":"https:\/\/www.pacocinillas.es\/tienda\/?post_type=product&#038;p=4975"},"modified":"2026-01-03T11:24:32","modified_gmt":"2026-01-03T09:24:32","slug":"piedra-de-pizza-monolith-icon-junior","status":"publish","type":"product","link":"https:\/\/www.pacocinillas.es\/tienda\/producto\/piedra-de-pizza-monolith-icon-junior\/","title":{"rendered":"Piedra de pizza MONOLITH ICON y Junior"},"content":{"rendered":"<ul>\n<li>Piedra de cer\u00e1mica para pizza<\/li>\n<li>Dimensiones (\u00d8 x H): 26 x 2 cm.<\/li>\n<\/ul>\n","protected":false},"excerpt":{"rendered":"<p>Pizza stone. Con la piedra para pizza de cer\u00e1mica de cordierita, las pizzas, quiches, panes y pasteles se hornean a la perfecci\u00f3n. Empieza a hornear y lleva tus masas a otra dimensi\u00f3n. Adem\u00e1s ahora la piedra cer\u00e1mica tiene m\u00e1s espesor consiguiendo mejor control de la temperatura.<\/p>\n","protected":false},"featured_media":4712,"comment_status":"closed","ping_status":"closed","template":"","meta":[],"product_brand":[],"product_cat":[72,155,74],"product_tag":[],"class_list":{"0":"post-4975","1":"product","2":"type-product","3":"status-publish","4":"has-post-thumbnail","6":"product_cat-accesorios","7":"product_cat-accesoriosmonolith","8":"product_cat-monolith","10":"first","11":"instock","12":"taxable","13":"shipping-taxable","14":"purchasable","15":"product-type-simple"},"_links":{"self":[{"href":"https:\/\/www.pacocinillas.es\/tienda\/wp-json\/wp\/v2\/product\/4975","targetHints":{"allow":["GET"]}}],"collection":[{"href":"https:\/\/www.pacocinillas.es\/tienda\/wp-json\/wp\/v2\/product"}],"about":[{"href":"https:\/\/www.pacocinillas.es\/tienda\/wp-json\/wp\/v2\/types\/product"}],"replies":[{"embeddable":true,"href":"https:\/\/www.pacocinillas.es\/tienda\/wp-json\/wp\/v2\/comments?post=4975"}],"wp:featuredmedia":[{"embeddable":true,"href":"https:\/\/www.pacocinillas.es\/tienda\/wp-json\/wp\/v2\/media\/4712"}],"wp:attachment":[{"href":"https:\/\/www.pacocinillas.es\/tienda\/wp-json\/wp\/v2\/media?parent=4975"}],"wp:term":[{"taxonomy":"product_brand","embeddable":true,"href":"https:\/\/www.pacocinillas.es\/tienda\/wp-json\/wp\/v2\/product_brand?post=4975"},{"taxonomy":"product_cat","embeddable":true,"href":"https:\/\/www.pacocinillas.es\/tienda\/wp-json\/wp\/v2\/product_cat?post=4975"},{"taxonomy":"product_tag","embeddable":true,"href":"https:\/\/www.pacocinillas.es\/tienda\/wp-json\/wp\/v2\/product_tag?post=4975"}],"curies":[{"name":"wp","href":"https:\/\/api.w.org\/{rel}","templated":true}]}}