{"id":4968,"date":"2019-01-21T15:40:08","date_gmt":"2019-01-21T13:40:08","guid":{"rendered":"https:\/\/www.pacocinillas.es\/tienda\/?post_type=product&#038;p=4968"},"modified":"2026-01-03T11:24:51","modified_gmt":"2026-01-03T09:24:51","slug":"cesta-para-carbon-classic","status":"publish","type":"product","link":"https:\/\/www.pacocinillas.es\/tienda\/producto\/cesta-para-carbon-classic\/","title":{"rendered":"Cesta para carb\u00f3n MONOLITH Classic"},"content":{"rendered":"<div class=\"wpb-content-wrapper\"><p>[vc_row][vc_column][vc_column_text]Coloque siempre la parrilla de hierro fundido directamente debajo de la cesta de carb\u00f3n, ya que as\u00ed se reduce el exceso de calor radiante que incide en la base de la parrilla. Antes de rellenarla, simplemente levante la cesta de carb\u00f3n por las asas para sacarla de la Monolith y sacuda las cenizas.<\/p>\n<p>Entonces podr\u00e1 rellenar la cesta a\u00f1adiendo el carb\u00f3n que haga falta para llenarla. La cesta de carb\u00f3n para la Monolith Classic y la Monolith LeChef tiene un divisor que se puede utilizar para establecer dos zonas de calor diferentes en la parrilla. Juntos, los deflectores en forma de media luna y el divisor le ofrecen una mayor flexibilidad.[\/vc_column_text][\/vc_column][\/vc_row][vc_row][vc_column][\/vc_column][\/vc_row]<\/p>\n<\/div>","protected":false},"excerpt":{"rendered":"<p>La nueva cesta de carb\u00f3n fabricada en acero inoxidable mejora significativamente el flujo de aire en la parrilla.<\/p>\n","protected":false},"featured_media":4969,"comment_status":"closed","ping_status":"closed","template":"","meta":[],"product_brand":[],"product_cat":[72,155,74],"product_tag":[],"class_list":{"0":"post-4968","1":"product","2":"type-product","3":"status-publish","4":"has-post-thumbnail","6":"product_cat-accesorios","7":"product_cat-accesoriosmonolith","8":"product_cat-monolith","10":"first","11":"instock","12":"taxable","13":"shipping-taxable","14":"purchasable","15":"product-type-simple"},"_links":{"self":[{"href":"https:\/\/www.pacocinillas.es\/tienda\/wp-json\/wp\/v2\/product\/4968","targetHints":{"allow":["GET"]}}],"collection":[{"href":"https:\/\/www.pacocinillas.es\/tienda\/wp-json\/wp\/v2\/product"}],"about":[{"href":"https:\/\/www.pacocinillas.es\/tienda\/wp-json\/wp\/v2\/types\/product"}],"replies":[{"embeddable":true,"href":"https:\/\/www.pacocinillas.es\/tienda\/wp-json\/wp\/v2\/comments?post=4968"}],"wp:featuredmedia":[{"embeddable":true,"href":"https:\/\/www.pacocinillas.es\/tienda\/wp-json\/wp\/v2\/media\/4969"}],"wp:attachment":[{"href":"https:\/\/www.pacocinillas.es\/tienda\/wp-json\/wp\/v2\/media?parent=4968"}],"wp:term":[{"taxonomy":"product_brand","embeddable":true,"href":"https:\/\/www.pacocinillas.es\/tienda\/wp-json\/wp\/v2\/product_brand?post=4968"},{"taxonomy":"product_cat","embeddable":true,"href":"https:\/\/www.pacocinillas.es\/tienda\/wp-json\/wp\/v2\/product_cat?post=4968"},{"taxonomy":"product_tag","embeddable":true,"href":"https:\/\/www.pacocinillas.es\/tienda\/wp-json\/wp\/v2\/product_tag?post=4968"}],"curies":[{"name":"wp","href":"https:\/\/api.w.org\/{rel}","templated":true}]}}