{"id":4912,"date":"2018-08-04T12:20:03","date_gmt":"2018-08-04T10:20:03","guid":{"rendered":"https:\/\/www.pacocinillas.es\/tienda\/?post_type=product&#038;p=4912"},"modified":"2026-01-03T11:24:51","modified_gmt":"2026-01-03T09:24:51","slug":"brasero-monolith-classic","status":"publish","type":"product","link":"https:\/\/www.pacocinillas.es\/tienda\/producto\/brasero-monolith-classic\/","title":{"rendered":"Brasero segmentado MONOLITH Classic"},"content":{"rendered":"","protected":false},"excerpt":{"rendered":"<p>La Monolith Serie Pro, que ofrece un gran n\u00famero de innovaciones, es la evoluci\u00f3n natural de las exitosas barbacoas kamado Monolith.<\/p>\n<p>Este es el repuesto del brasero de la barbacoa Kamado Classic Monolith.<\/p>\n<p>Tambi\u00e9n sirve para el modelo Basic, el cual\u00a0cuenta con un equipamiento m\u00e1s reducido\u00a0de f\u00e1brica y no cuenta con este brasero que es parte del Sistema inteligente de parrillas Smart Grid System que s\u00ed viene en la versi\u00f3n Classic de f\u00e1brica.<\/p>\n<p>De esta forma, adquiriendo el brasero y el sistema completo\u00a0tSmart Grid System tiene la posibilidad de actualizarlo a la versi\u00f3n Pro cuando quiera.<\/p>\n","protected":false},"featured_media":4913,"comment_status":"closed","ping_status":"closed","template":"","meta":[],"product_brand":[],"product_cat":[72,155,74],"product_tag":[],"class_list":{"0":"post-4912","1":"product","2":"type-product","3":"status-publish","4":"has-post-thumbnail","6":"product_cat-accesorios","7":"product_cat-accesoriosmonolith","8":"product_cat-monolith","10":"first","11":"instock","12":"taxable","13":"shipping-taxable","14":"purchasable","15":"product-type-simple"},"_links":{"self":[{"href":"https:\/\/www.pacocinillas.es\/tienda\/wp-json\/wp\/v2\/product\/4912","targetHints":{"allow":["GET"]}}],"collection":[{"href":"https:\/\/www.pacocinillas.es\/tienda\/wp-json\/wp\/v2\/product"}],"about":[{"href":"https:\/\/www.pacocinillas.es\/tienda\/wp-json\/wp\/v2\/types\/product"}],"replies":[{"embeddable":true,"href":"https:\/\/www.pacocinillas.es\/tienda\/wp-json\/wp\/v2\/comments?post=4912"}],"wp:featuredmedia":[{"embeddable":true,"href":"https:\/\/www.pacocinillas.es\/tienda\/wp-json\/wp\/v2\/media\/4913"}],"wp:attachment":[{"href":"https:\/\/www.pacocinillas.es\/tienda\/wp-json\/wp\/v2\/media?parent=4912"}],"wp:term":[{"taxonomy":"product_brand","embeddable":true,"href":"https:\/\/www.pacocinillas.es\/tienda\/wp-json\/wp\/v2\/product_brand?post=4912"},{"taxonomy":"product_cat","embeddable":true,"href":"https:\/\/www.pacocinillas.es\/tienda\/wp-json\/wp\/v2\/product_cat?post=4912"},{"taxonomy":"product_tag","embeddable":true,"href":"https:\/\/www.pacocinillas.es\/tienda\/wp-json\/wp\/v2\/product_tag?post=4912"}],"curies":[{"name":"wp","href":"https:\/\/api.w.org\/{rel}","templated":true}]}}