{"id":4906,"date":"2021-07-13T16:05:15","date_gmt":"2021-07-13T14:05:15","guid":{"rendered":"https:\/\/www.pacocinillas.es\/tienda\/?post_type=product&#038;p=4906"},"modified":"2024-06-19T16:39:21","modified_gmt":"2024-06-19T14:39:21","slug":"carbon-legua-marabu-10-kg","status":"publish","type":"product","link":"https:\/\/www.pacocinillas.es\/tienda\/producto\/carbon-legua-marabu-10-kg\/","title":{"rendered":"Carb\u00f3n MARAB\u00da 10 Kg."},"content":{"rendered":"<ul>\n<li>Sin chispa<\/li>\n<li>Poca ceniza<\/li>\n<li>Densidad m\u00e1xima<\/li>\n<li>Saborizante y aromatizante naturales<\/li>\n<li>Gran poder calor\u00edfico<\/li>\n<li>Tama\u00f1o especial restauraci\u00f3n, asadores, etc.<\/li>\n<\/ul>\n<p>&nbsp;<\/p>\n<p>Se recomienda cocinar cualquier carne, pescado, marisco o verdura.<\/p>\n<p style=\"font-weight: 400;\"><span style=\"font-weight: 400;\">El que nosotros comercializamos est\u00e1 sujeto a un estricto control de calidad, y elaborado artesanalmente, lo que hace que en ocasiones la granulometr\u00eda oscile.<\/span><\/p>\n<p style=\"font-weight: 400;\">Gracias a su alto poder calor\u00edfico, a que no produce chispas y que aguanta much\u00edsimo, cocinar con \u00e9l es tarea sencilla.<\/p>\n","protected":false},"excerpt":{"rendered":"<p style=\"font-weight: 400;\">Carb\u00f3n 100% natural, procedente de la limpieza de matas de marab\u00fa.<\/p>\n<p style=\"font-weight: 400;\"><span style=\"font-weight: 400;\">El Carb\u00f3n de marab\u00fa procede de la limpieza de matas de Marab\u00fa, un planta invasora en Centro Am\u00e9rica y Cuba<\/span><\/p>\n","protected":false},"featured_media":4997,"comment_status":"closed","ping_status":"closed","template":"","meta":[],"product_brand":[],"product_cat":[122],"product_tag":[],"class_list":{"0":"post-4906","1":"product","2":"type-product","3":"status-publish","4":"has-post-thumbnail","6":"product_cat-legua","8":"first","9":"outofstock","10":"taxable","11":"shipping-taxable","12":"purchasable","13":"product-type-simple"},"_links":{"self":[{"href":"https:\/\/www.pacocinillas.es\/tienda\/wp-json\/wp\/v2\/product\/4906","targetHints":{"allow":["GET"]}}],"collection":[{"href":"https:\/\/www.pacocinillas.es\/tienda\/wp-json\/wp\/v2\/product"}],"about":[{"href":"https:\/\/www.pacocinillas.es\/tienda\/wp-json\/wp\/v2\/types\/product"}],"replies":[{"embeddable":true,"href":"https:\/\/www.pacocinillas.es\/tienda\/wp-json\/wp\/v2\/comments?post=4906"}],"wp:featuredmedia":[{"embeddable":true,"href":"https:\/\/www.pacocinillas.es\/tienda\/wp-json\/wp\/v2\/media\/4997"}],"wp:attachment":[{"href":"https:\/\/www.pacocinillas.es\/tienda\/wp-json\/wp\/v2\/media?parent=4906"}],"wp:term":[{"taxonomy":"product_brand","embeddable":true,"href":"https:\/\/www.pacocinillas.es\/tienda\/wp-json\/wp\/v2\/product_brand?post=4906"},{"taxonomy":"product_cat","embeddable":true,"href":"https:\/\/www.pacocinillas.es\/tienda\/wp-json\/wp\/v2\/product_cat?post=4906"},{"taxonomy":"product_tag","embeddable":true,"href":"https:\/\/www.pacocinillas.es\/tienda\/wp-json\/wp\/v2\/product_tag?post=4906"}],"curies":[{"name":"wp","href":"https:\/\/api.w.org\/{rel}","templated":true}]}}