{"id":4896,"date":"2021-07-13T15:07:14","date_gmt":"2021-07-13T13:07:14","guid":{"rendered":"https:\/\/www.pacocinillas.es\/tienda\/?post_type=product&#038;p=4896"},"modified":"2022-08-24T17:43:00","modified_gmt":"2022-08-24T15:43:00","slug":"chips-fino-360-gr","status":"publish","type":"product","link":"https:\/\/www.pacocinillas.es\/tienda\/producto\/chips-fino-360-gr\/","title":{"rendered":"Chips FINO (360 gr.)"},"content":{"rendered":"<div class=\"wpb-content-wrapper\"><p>[vc_row][vc_column][vc_column_text]<\/p>\n<ul>\n<li><strong>Para garantizar unos resultados \u00f3ptimos, se recomienda seguir las siguientes instrucciones en funci\u00f3n del medio utilizado:<\/strong>\n<ul>\n<li>Sumergir las virutas en agua durante 30-60 minutos.<\/li>\n<li>Retira el agua y coloca las virutas en una bandeja de aluminio o en una caja especial para ahumar. Si la bandeja no tiene, haz unos agujeros en su base para que el calor pase libremente.<\/li>\n<li>En la barbacoa de carb\u00f3n &#8211; Una vez que haya preparado las brasas, coloque la bandeja\/caja con las patatas fritas directamente sobre las brasas.<\/li>\n<li>En una barbacoa de gas &#8211; Si su barbacoa dispone de un dep\u00f3sito de ahumado, coloque la bandeja en su interior, de lo contrario, col\u00f3quela en un rinc\u00f3n debajo de la parrilla antes de encender la barbacoa. Siga las instrucciones del manual de su barbacoa de gas.<\/li>\n<li>Cuando las virutas empiecen a humear, coloque el alimento deseado.<\/li>\n<li>Para optimizar el proceso de cocci\u00f3n, se recomienda cerrar la tapa de la barbacoa.<\/li>\n<\/ul>\n<\/li>\n<\/ul>\n<p>[\/vc_column_text][\/vc_column][\/vc_row][vc_row][vc_column][vc_video link=\u00bbhttps:\/\/www.youtube.com\/watch?v=ibV0KpSIfmg\u00bb align=\u00bbcenter\u00bb][\/vc_column][\/vc_row]<\/p>\n<\/div>","protected":false},"excerpt":{"rendered":"<div class=\"woocommerce-product-details__short-description\">\n<p>Nuestros madera para ahumar proceden de las barricas de los mejores productores de vino y licores europeos, franceses y americanos.<\/p>\n<p>Al vaciar las barricas, el roble queda impregnado de la fragancia y el sabor del Fino.<\/p>\n<p>Las barricas son cuidadosamente seleccionadas y verificadas, y posteriormente reelaboradas en un producto de ahumado \u00fanico que combina una calidad excepcional y un sabor \u00fanico.<\/p>\n<\/div>\n","protected":false},"featured_media":4897,"comment_status":"closed","ping_status":"closed","template":"","meta":[],"product_brand":[],"product_cat":[120],"product_tag":[],"class_list":{"0":"post-4896","1":"product","2":"type-product","3":"status-publish","4":"has-post-thumbnail","6":"product_cat-cookinwood","8":"first","9":"instock","10":"taxable","11":"shipping-taxable","12":"purchasable","13":"product-type-simple"},"_links":{"self":[{"href":"https:\/\/www.pacocinillas.es\/tienda\/wp-json\/wp\/v2\/product\/4896","targetHints":{"allow":["GET"]}}],"collection":[{"href":"https:\/\/www.pacocinillas.es\/tienda\/wp-json\/wp\/v2\/product"}],"about":[{"href":"https:\/\/www.pacocinillas.es\/tienda\/wp-json\/wp\/v2\/types\/product"}],"replies":[{"embeddable":true,"href":"https:\/\/www.pacocinillas.es\/tienda\/wp-json\/wp\/v2\/comments?post=4896"}],"wp:featuredmedia":[{"embeddable":true,"href":"https:\/\/www.pacocinillas.es\/tienda\/wp-json\/wp\/v2\/media\/4897"}],"wp:attachment":[{"href":"https:\/\/www.pacocinillas.es\/tienda\/wp-json\/wp\/v2\/media?parent=4896"}],"wp:term":[{"taxonomy":"product_brand","embeddable":true,"href":"https:\/\/www.pacocinillas.es\/tienda\/wp-json\/wp\/v2\/product_brand?post=4896"},{"taxonomy":"product_cat","embeddable":true,"href":"https:\/\/www.pacocinillas.es\/tienda\/wp-json\/wp\/v2\/product_cat?post=4896"},{"taxonomy":"product_tag","embeddable":true,"href":"https:\/\/www.pacocinillas.es\/tienda\/wp-json\/wp\/v2\/product_tag?post=4896"}],"curies":[{"name":"wp","href":"https:\/\/api.w.org\/{rel}","templated":true}]}}